{"id":42241,"date":"2020-09-16T17:47:21","date_gmt":"2020-09-16T17:47:21","guid":{"rendered":"https:\/\/plonsky.com\/internal-communication-videos\/"},"modified":"2020-09-23T13:14:13","modified_gmt":"2020-09-23T13:14:13","slug":"internal-communication-videos","status":"publish","type":"page","link":"https:\/\/plonsky.com\/es\/services\/internal-communication-videos\/","title":{"rendered":"V\u00eddeos para Comunicaci\u00f3n Interna"},"content":{"rendered":"<div class=\"three_fifth\"><h2>Creamos v\u00eddeos que consiguen que tus equipos entren en acci\u00f3n<\/h2>\n<p>Nuestros v\u00eddeos de comunicaci\u00f3n interna ayudan a reforzar los <strong>valores<\/strong> de tu empresa, a fortalecer la <strong>cultura corporativa<\/strong>, a mejorar tus objetivos de <strong>reclutamiento<\/strong>, a optimizar la <strong>eficiencia<\/strong>, a informar a tus equipos sobre importantes lanzamientos, a <strong>formarles<\/strong> sobre nuevos procedimientos y regulaciones, y lo m\u00e1s importante de todo en estos momentos, a promover la <strong>unidad<\/strong> y la <strong>confianza<\/strong> entre equipos ahora separados por la situaci\u00f3n actual. <\/p>\n<a class=\"icon_text icon_phone gray\" href=\"https:\/\/plonsky.com\/contact\/\">No dudes en llamarnos.<\/a> Estaremos encantados de proponer ideas para tus necesidades de comunicaci\u00f3n interna.<br \/>\n<div class=\"divider_padding\"><\/div><\/div>\n<div class=\"two_fifth last\"><figure id=\"image_9746\" class=\"image_styled\" style=\"width:294px\">\n\t\t<div class=\"image_frame effect-icon\"><div class=\"image_shadow_wrap\">\n\t\t<a class=\"image_size_medium image_no_link\" title=\"\" href=\"#\"><img decoding=\"async\" class=\"image-frame\" style = \" height:190px;\" alt=\"\" src=\"https:\/\/plonsky.com\/wp-content\/uploads\/strikingr\/images\/42221_5-INTERNAL-COMUNICATION_a-01-WM-2017-CVPE-V1-HAKA_f7-fotograma-1080-000023-sml-292x190.jpg\" srcset=\"https:\/\/plonsky.com\/wp-content\/uploads\/strikingr\/images\/42221_5-INTERNAL-COMUNICATION_a-01-WM-2017-CVPE-V1-HAKA_f7-fotograma-1080-000023-sml-292x190@2x.jpg 2x\" data-theme-retina-image=\"true\"  data-thumbnail=\"42221\" data-thumbnail-class=\"czo1OiI0MjIyMSI7\" width=\"294\" height=\"190\" \/><\/a>\n\t\t<\/div><\/div><\/figure> <\/p>\n<h5><a class=\"icon_text icon_email\" href=\"mailto:info*plonsky.com\">info*plonsky.com<\/a><\/h5>\n<h5><span class=\"icon_text icon_phone\">(+34) 600 016 380<\/h5>\n<\/span><\/div><div class=\"clearboth\"><\/div>\n<div class=\"divider_padding\"><\/div>\n<h2>Ideas de formatos que han funcionado con \u00e9xito para nuestros clientes:<\/h2>\n<div class=\"two_third\"><\/p>\n<h3><strong><span style=\"color: #006a78;\">EL FORMATO \u00abHUMOR\u00bb:<\/span><\/strong><\/h3>\n<h4>Si el mensaje es complejo o aburrido, \u00a1hag\u00e1moslo divertido! <\/h4>\n<p>&nbsp;<br \/>\nNo hay manera de emocionar con un cambio en las <strong>regulaciones<\/strong> de la industria ni humanizar la implementaci\u00f3n de un nuevo <strong>procedimiento<\/strong> que afecta a toda la empresa. Estos son mensajes que necesitan ser transmitidos porque son cruciales para la compa\u00f1\u00eda pero que como tema son, como dijo uno de nuestros clientes, \u2026 \u201cpeor que una endodoncia\u201d.<\/p>\n<p>Entonces, \u00bfes el video el medio adecuado para transmitir este tipo de informaci\u00f3n? Y lo que es m\u00e1s importante, \u00bfpodemos garantizar que sea visionado por todos los destinatarios, &#8230;, hasta el final?<\/p>\n<p>\u00a1Claro que podemos!<\/p>\n<p>Con un <strong>guion creativo<\/strong>, <strong>di\u00e1logos ingeniosos<\/strong>, algunas salpicaduras de <strong>humor<\/strong> y un n\u00famero de empleados (bien dirigidos) dispuestos a interpretar sus roles, \u00a1el resultado puede ser EXCELENTE y muy divertido!<\/p><\/div>\n<div class=\"one_third last\"><figure id=\"image_6717\" class=\"image_styled alignleft\" style=\"width:222px\">\n\t\t<div class=\"image_frame effect-icon\"><div class=\"image_shadow_wrap\">\n\t\t<a class=\"image_size_small image_no_link\" title=\"\" href=\"#\"><img decoding=\"async\" class=\"image-frame\" style = \" height:150px;\" alt=\"\" src=\"https:\/\/plonsky.com\/wp-content\/uploads\/strikingr\/images\/42131_5-INTERNAL-COMUNICATION_a-WM-MDR-2019_b5-1080-fotograma-1080-000568-sml-220x150.jpg\" srcset=\"https:\/\/plonsky.com\/wp-content\/uploads\/strikingr\/images\/42131_5-INTERNAL-COMUNICATION_a-WM-MDR-2019_b5-1080-fotograma-1080-000568-sml-220x150@2x.jpg 2x\" data-theme-retina-image=\"true\"  data-thumbnail=\"42131\" data-thumbnail-class=\"czo1OiI0MjEzMSI7\" width=\"222\" height=\"150\" \/><\/a>\n\t\t<\/div><\/div><\/figure>\n<figure id=\"image_2686\" class=\"image_styled alignleft\" style=\"width:222px\">\n\t\t<div class=\"image_frame effect-icon\"><div class=\"image_shadow_wrap\">\n\t\t<a class=\"image_size_small image_no_link\" title=\"\" href=\"#\"><img decoding=\"async\" class=\"image-frame\" style = \" height:150px;\" alt=\"\" src=\"https:\/\/plonsky.com\/wp-content\/uploads\/strikingr\/images\/42137_5-INTERNAL-COMUNICATION_a-WM-MDR-2019_b5-1080-fotograma-1080-000628-sml-220x150.jpg\" srcset=\"https:\/\/plonsky.com\/wp-content\/uploads\/strikingr\/images\/42137_5-INTERNAL-COMUNICATION_a-WM-MDR-2019_b5-1080-fotograma-1080-000628-sml-220x150@2x.jpg 2x\" data-theme-retina-image=\"true\"  data-thumbnail=\"42137\" data-thumbnail-class=\"czo1OiI0MjEzNyI7\" width=\"222\" height=\"150\" \/><\/a>\n\t\t<\/div><\/div><\/figure><\/div><div class=\"clearboth\"><\/div>\n<div class=\"divider_padding\"><\/div>\n<div class=\"divider\" style=\"border-color:rgba(204,223,225,1);border-bottom-width:5px;margin-right:auto; margin-left:auto;width:376px\"><\/div> <\/p>\n<div class=\"one_third\"><figure id=\"image_8491\" class=\"image_styled alignleft\" style=\"width:222px\">\n\t\t<div class=\"image_frame effect-icon\"><div class=\"image_shadow_wrap\">\n\t\t<a class=\"image_size_small image_no_link\" title=\"\" href=\"#\"><img decoding=\"async\" class=\"image-frame\" style = \" height:150px;\" alt=\"\" src=\"https:\/\/plonsky.com\/wp-content\/uploads\/strikingr\/images\/42113_5-INTERNAL-COMUNICATION_a-WM-2020-CE-5YR-RECAP_e5-fotograma-1080-000990-sml-220x150.jpg\" srcset=\"https:\/\/plonsky.com\/wp-content\/uploads\/strikingr\/images\/42113_5-INTERNAL-COMUNICATION_a-WM-2020-CE-5YR-RECAP_e5-fotograma-1080-000990-sml-220x150@2x.jpg 2x\" data-theme-retina-image=\"true\"  data-thumbnail=\"42113\" data-thumbnail-class=\"czo1OiI0MjExMyI7\" width=\"222\" height=\"150\" \/><\/a>\n\t\t<\/div><\/div><\/figure>\n<figure id=\"image_1590\" class=\"image_styled alignleft\" style=\"width:222px\">\n\t\t<div class=\"image_frame effect-icon\"><div class=\"image_shadow_wrap\">\n\t\t<a class=\"image_size_small image_no_link\" title=\"\" href=\"#\"><img decoding=\"async\" class=\"image-frame\" style = \" height:150px;\" alt=\"\" src=\"https:\/\/plonsky.com\/wp-content\/uploads\/strikingr\/images\/42117_5-INTERNAL-COMUNICATION_a-WM-2020-CE-5YR-RECAP_e5-fotograma-1080-001009-Edit-sml-220x150.jpg\" srcset=\"https:\/\/plonsky.com\/wp-content\/uploads\/strikingr\/images\/42117_5-INTERNAL-COMUNICATION_a-WM-2020-CE-5YR-RECAP_e5-fotograma-1080-001009-Edit-sml-220x150@2x.jpg 2x\" data-theme-retina-image=\"true\"  data-thumbnail=\"42117\" data-thumbnail-class=\"czo1OiI0MjExNyI7\" width=\"222\" height=\"150\" \/><\/a>\n\t\t<\/div><\/div><\/figure><\/div>\n<div class=\"two_third last\"><h3><strong><span style=\"color: #006a78;\">EL FORMATO \u00abRECAPITULACI\u00d3N\u00bb:<\/span><\/strong><\/h3>\n<h4>Un recordatorio de lo que hemos logrado entre todos<\/h4>\n<p>&nbsp;<br \/>\n\u00bfQu\u00e9 mejor manera de potenciar el <strong>sentido de orgullo y pertenencia<\/strong> que crear un video que viaje por la historia de la empresa (reciente o pasada) y reeval\u00fae sus logros?<\/p>\n<p>Un video de \u201crecapitulaci\u00f3n o resumen\u201d es especialmente significativo cuando una empresa conmemora un aniversario, particularmente si la historia se presenta a trav\u00e9s de los <strong>testimonios humanos y sinceros<\/strong> de diferentes empleados que miran hacia atr\u00e1s en el tiempo y comparten sus valiosos recuerdos como testigos del cambio y evoluci\u00f3n. <\/p>\n<p>Si est\u00e1 bien escrito, tambi\u00e9n puede ser una gran oportunidad para reevaluar los valores de la empresa y recordar a los equipos que \u00absi hemos llegado hasta aqu\u00ed, &#8230; \u00a1ahora podemos ir m\u00e1s lejos a\u00fan!\u00bb <\/p><\/div><div class=\"clearboth\"><\/div>\n<div class=\"divider_padding\"><\/div>\n<div class=\"divider\" style=\"border-color:rgba(204,223,225,1);border-bottom-width:5px;margin-right:auto; margin-left:auto;width:376px\"><\/div> <\/p>\n<div class=\"two_third\"><\/p>\n<h3><strong><span style=\"color: #006a78;\">EL FORMATO \u00abNOTICAS\u00bb:<\/span><\/strong><\/h3>\n<h4>Para mantener a nuestros equipos informados y tambi\u00e9n involucrados<\/h4>\n<p>&nbsp;<br \/>\nUna forma creativa de ofrecer actualizaciones de la empresa de una manera entretenida es mediante el formato \u201cNoticias\u00bb. Aqu\u00ed es donde los empleados se convierten en <strong>presentadores<\/strong>, <strong>reporteros<\/strong> y <strong>entrevistados<\/strong> para compartir las mejoras, noticias sobre la empresa, productos o servicios, datos o metas que se deben lograr. Incluso se pueden incluir mensajes para motivar a los equipos y filiales. Este formato es muy flexible: los roles de anfitri\u00f3n, etc. pueden cambiar de un episodio a otro; la <strong>periodicidad<\/strong> puede ser semanal, quincenal o incluso mensual; y la duraci\u00f3n puede variar desde 2 minutos hasta 20 minutos. <\/p>\n<p>Este formato est\u00e1 funcionando muy bien por varias razones: 1) Promueve la <strong>unidad<\/strong>. Mantiene la cercan\u00eda entre los empleados y los equipos, ya que pueden ver las caras, la espontaneidad y la forma humana de esos reporteros no profesionales (sus colegas). 2) Los <strong>mensajes clave<\/strong> se comparten de una manera divertida y natural. 3) <strong>Involucra<\/strong> a los equipos, ayud\u00e1ndoles a aclarar sus ideas. 4) Fomenta la <strong>participaci\u00f3n<\/strong>. 5) Y finalmente genera <strong>expectaci\u00f3n<\/strong>, ya que la idea es crear informativos con cierta periodicidad.<\/p>\n<p><em><\/p>\n<blockquote><p>Estos v\u00eddeos consiguen conectar a las personas. Este es el feedback que estoy recibiendo. Me gusta mucho y me hace pensar que a parte de las noticias y lo divertido que es en s\u00ed, tambi\u00e9n sirve para distribuir conocimiento entre mi equipo de una manera realmente eficiente.\u201d <\/em><\/p><\/blockquote>\n<p><em>John Settels (Fundador y CEO de SSVA)<\/em><br \/>\n<br \/>\n<a href=\"https:\/\/plonsky.com\/40981\/\" rel=\"noopener noreferrer\" target=\"_blank\"><strong>Si te interesa este formato, en este art\u00edculo te mostramos paso a paso c\u00f3mo lo estamos haciendo con nuestros clientes.<\/strong><\/a><\/div>\n<div class=\"one_third last\"><div class=\"divider_padding\"><\/div>\n<figure id=\"image_5322\" class=\"image_styled alignleft\" style=\"width:222px\">\n\t\t<div class=\"image_frame effect-icon\"><div class=\"image_shadow_wrap\">\n\t\t<a class=\"image_size_small image_no_link\" title=\"\" href=\"#\"><img decoding=\"async\" class=\"image-frame\" style = \" height:150px;\" alt=\"\" src=\"https:\/\/plonsky.com\/wp-content\/uploads\/strikingr\/images\/40994_STTLS-NEWS_a2-frame-000000-low-220x150.jpg\" srcset=\"https:\/\/plonsky.com\/wp-content\/uploads\/strikingr\/images\/40994_STTLS-NEWS_a2-frame-000000-low-220x150@2x.jpg 2x\" data-theme-retina-image=\"true\"  data-thumbnail=\"40994\" data-thumbnail-class=\"czo1OiI0MDk5NCI7\" width=\"222\" height=\"150\" \/><\/a>\n\t\t<\/div><\/div><\/figure>\n<figure id=\"image_9885\" class=\"image_styled alignleft\" style=\"width:222px\">\n\t\t<div class=\"image_frame effect-icon\"><div class=\"image_shadow_wrap\">\n\t\t<a class=\"image_size_small image_no_link\" title=\"\" href=\"#\"><img decoding=\"async\" class=\"image-frame\" style = \" height:150px;\" alt=\"\" src=\"https:\/\/plonsky.com\/wp-content\/uploads\/strikingr\/images\/40992_STTLS-NEWS_a2-Collage-02_a3-low-220x150.jpg\" srcset=\"https:\/\/plonsky.com\/wp-content\/uploads\/strikingr\/images\/40992_STTLS-NEWS_a2-Collage-02_a3-low-220x150@2x.jpg 2x\" data-theme-retina-image=\"true\"  data-thumbnail=\"40992\" data-thumbnail-class=\"czo1OiI0MDk5MiI7\" width=\"222\" height=\"150\" \/><\/a>\n\t\t<\/div><\/div><\/figure>\n<figure id=\"image_7172\" class=\"image_styled alignleft\" style=\"width:222px\">\n\t\t<div class=\"image_frame effect-icon\"><div class=\"image_shadow_wrap\">\n\t\t<a class=\"image_size_small image_no_link\" title=\"\" href=\"#\"><img decoding=\"async\" class=\"image-frame\" style = \" height:150px;\" alt=\"\" src=\"https:\/\/plonsky.com\/wp-content\/uploads\/strikingr\/images\/42063_2020-04-10-STTLS-NEWS-Vid-conf-000019-Edit-2-1000-2-220x150.jpg\" srcset=\"https:\/\/plonsky.com\/wp-content\/uploads\/strikingr\/images\/42063_2020-04-10-STTLS-NEWS-Vid-conf-000019-Edit-2-1000-2-220x150@2x.jpg 2x\" data-theme-retina-image=\"true\"  data-thumbnail=\"42063\" data-thumbnail-class=\"czo1OiI0MjA2MyI7\" width=\"222\" height=\"150\" \/><\/a>\n\t\t<\/div><\/div><\/figure><\/div><div class=\"clearboth\"><\/div>\n<div class=\"divider_line\"><\/div>\n<h2><span style=\"color: #737373;\">Cu\u00e9ntanos qu\u00e9 necesitas y estudiamos c\u00f3mo conseguirlo.<\/span><\/h2>\n<div class=\"four_fifth\">Plonsky Productions. <span class=\"icon_text icon_cellphone gray\">+34 600 016 380<\/span> <span class=\"icon_text icon_phone gray\">+34 91 849 25 25<\/span> <a class=\"icon_text icon_email gray\" href=\"http:\/\/m@plonsky.com\">m@plonsky.com<\/a><\/div> <div class=\"one_fifth last\"><\/div><div class=\"clearboth\"><\/div>\n","protected":false},"excerpt":{"rendered":"<p>Ideas de formatos que han funcionado con \u00e9xito para nuestros clientes: Cu\u00e9ntanos qu\u00e9 necesitas y estudiamos c\u00f3mo conseguirlo.<\/p>\n","protected":false},"author":4,"featured_media":0,"parent":40029,"menu_order":3,"comment_status":"closed","ping_status":"closed","template":"","meta":{"footnotes":""},"class_list":["post-42241","page","type-page","status-publish","hentry"],"_links":{"self":[{"href":"https:\/\/plonsky.com\/es\/wp-json\/wp\/v2\/pages\/42241","targetHints":{"allow":["GET"]}}],"collection":[{"href":"https:\/\/plonsky.com\/es\/wp-json\/wp\/v2\/pages"}],"about":[{"href":"https:\/\/plonsky.com\/es\/wp-json\/wp\/v2\/types\/page"}],"author":[{"embeddable":true,"href":"https:\/\/plonsky.com\/es\/wp-json\/wp\/v2\/users\/4"}],"replies":[{"embeddable":true,"href":"https:\/\/plonsky.com\/es\/wp-json\/wp\/v2\/comments?post=42241"}],"version-history":[{"count":0,"href":"https:\/\/plonsky.com\/es\/wp-json\/wp\/v2\/pages\/42241\/revisions"}],"up":[{"embeddable":true,"href":"https:\/\/plonsky.com\/es\/wp-json\/wp\/v2\/pages\/40029"}],"wp:attachment":[{"href":"https:\/\/plonsky.com\/es\/wp-json\/wp\/v2\/media?parent=42241"}],"curies":[{"name":"wp","href":"https:\/\/api.w.org\/{rel}","templated":true}]}}