{"id":40814,"date":"2020-05-04T16:55:06","date_gmt":"2020-05-04T16:55:06","guid":{"rendered":"https:\/\/plonsky.com\/services\/training\/"},"modified":"2023-03-06T10:33:44","modified_gmt":"2023-03-06T10:33:44","slug":"training","status":"publish","type":"page","link":"https:\/\/plonsky.com\/es\/services\/training\/","title":{"rendered":"Formaci\u00f3n: Elocuencia para Presentaciones"},"content":{"rendered":"<p><center><\/p>\n<h2>Curso: Elocuencia y Claridad para Presentaciones<\/h2>\n<p><\/center><\/p>\n<p><center><\/p>\n<h4>Trabajamos con equipos e individuos para mejorar las habilidades verbales de cara a comunicaciones internas y externas. Las empresas que desean que sus profesionales se sientan lo suficientemente seguros como para hablar, comunicarse y presentar sus ideas de manera asertiva pueden beneficiarse de nuestra metodolog\u00eda que combina ejercicios \u00fanicos de <em>teambuilding<\/em> con la desafiante experiencia de ser entrevistado ante una c\u00e1mara.<\/h4>\n<p><\/center><br \/>\n<div class=\"divider_padding\"><\/div>\n<figure id=\"image_8985\" class=\"image_styled aligncenter image_fit_mobile\" style=\"width:100%;display:block;float:unset;clear:both;\">\n\t\t<div class=\"image_frame effect-zoom\"><div class=\"image_shadow_wrap\">\n\t\t<a data-fittoview=\"true\" class=\"image_size_large lightbox\" title=\"\" href=\"https:\/\/plonsky.com\/wp-content\/uploads\/2020\/04\/2020-02-11-11.19.34-Mike-Plonsky-iPhone-5YR-RECAP-Making-of-Edit-TRAINING-COURSE.jpg\"><img decoding=\"async\" class=\"image-frame\" alt=\"\" src=\"https:\/\/plonsky.com\/wp-content\/uploads\/2020\/04\/2020-02-11-11.19.34-Mike-Plonsky-iPhone-5YR-RECAP-Making-of-Edit-TRAINING-COURSE.jpg\" data-theme-retina-image=\"false\"  data-thumbnail=\"40695\" data-thumbnail-class=\"czo1OiI0MDY5NSI7\" width=\"10337\" height=\"2262\" \/><\/a>\n\t\t<\/div><\/div><\/figure>\n<div class=\"one_third\"><div class=\"one_sixth\"><div class=\"dropcap2 gray\"><p class=\"dropcap2_inner\">1<\/p><\/div><\/div>\n<div class=\"five_sixth last\"><p><strong>Domina la informaci\u00f3n que necesitas comunicar.<\/strong> &#8211; Trabajamos con el alumno para determinar cu\u00e1l es la informaci\u00f3n m\u00e1s relevante para sus presentaciones (ya sean conferencias p\u00fablicas o presentaciones privadas). Estudiamos el material para prepararnos para el segundo paso.<\/p><\/div><div class=\"clearboth\"><\/div><\/div>\n<div class=\"one_third\"><div class=\"one_sixth\"><div class=\"dropcap2 gray\"><p class=\"dropcap2_inner\">2<\/p><\/div><\/div>\n<div class=\"five_sixth last\"><p><strong>Luces. C\u00e1mara. \u00a1Acci\u00f3n!<\/strong> &#8211; Ser entrevistado ante una c\u00e1mara es una experiencia relativamente estresante para la mayor\u00eda de las personas. No es f\u00e1cil ignorar las luces, los micr\u00f3fonos y la c\u00e1mara, y mucho menos al director y al entrevistador. Esto pone a los alumnos bajo el mismo tipo de presi\u00f3n que uno siente cuando habla en p\u00fablico o hace presentaciones. Sin embargo, en nuestro entorno controlado, hay tiempo para la orientaci\u00f3n y el apoyo para lograr no s\u00f3lo claridad de ideas, sino tambi\u00e9n una presentaci\u00f3n eficaz, concisa y carism\u00e1tica.<\/p><\/div><div class=\"clearboth\"><\/div><\/div>\n<div class=\"one_third last\"><div class=\"one_sixth\"><div class=\"dropcap2 gray\"><p class=\"dropcap2_inner\">3<\/p><\/div><\/div>\n<div class=\"five_sixth last\"><p><strong>Autoan\u00e1lisis privado<\/strong> &#8211; Editamos y entregamos en privado a cada alumno sus propias \u00abmejores\u00bb tomas y tambi\u00e9n las \u00abmejorables\u00bb. Los alumnos se benefician de estos v\u00eddeos porque les proporcionan ejemplos concretos en los que observar sus presentaciones y estudiarse a s\u00ed mismos (sus muletillas, sus gestos, su claridad y la fuerza de sus mensajes). Se trata de reforzar no s\u00f3lo lo que hicieron bien (un objetivo orientado al contenido), sino tambi\u00e9n que son capaces de hacerlo bien (un objetivo orientado a la confianza).<\/p><\/div><div class=\"clearboth\"><\/div><\/div><div class=\"clearboth\"><\/div>\n<div class=\"one_third\"><div class=\"one_sixth\"><div class=\"dropcap2 gray\"><p class=\"dropcap2_inner\">4<\/p><\/div><\/div>\n<div class=\"five_sixth last\"><p><strong>Lo que se ha filmado es un gran recurso <\/strong> &#8211; Los mejores v\u00eddeos resultantes tienen un valor adicional m\u00e1s all\u00e1 del autoan\u00e1lisis y el refuerzo positivo. Siempre existe la posibilidad de usar este contenido para las redes sociales y \/ o para la cascada de conocimiento. Este \u00faltimo t\u00e9rmino se refiere a la sabidur\u00eda, experiencia y conocimientos que una empresa puede retener y transmitir a los nuevos miembros de sus equipos a trav\u00e9s de estas entrevistas en v\u00eddeo.<\/p><\/div><div class=\"clearboth\"><\/div><\/div>\n<div class=\"two_third last\"><figure id=\"image_3642\" class=\"image_styled aligncenter image_fit_mobile\" style=\"width:461px\">\n\t\t<div class=\"image_frame effect-zoom\"><div class=\"image_shadow_wrap\">\n\t\t<a data-fittoview=\"true\" class=\"image_size_large lightbox\" title=\"\" href=\"https:\/\/plonsky.com\/wp-content\/uploads\/2020\/01\/2020-01-10-18.39.00-Mike-Plonsky-iPhone.jpg\"><img decoding=\"async\" class=\"image-frame\" style = \" height:240px;\" alt=\"\" src=\"https:\/\/plonsky.com\/wp-content\/uploads\/strikingr\/images\/40085_2020-01-10-18.39.00-Mike-Plonsky-iPhone-459x240.jpg\" srcset=\"https:\/\/plonsky.com\/wp-content\/uploads\/strikingr\/images\/40085_2020-01-10-18.39.00-Mike-Plonsky-iPhone-459x240@2x.jpg 2x\" data-theme-retina-image=\"true\"  data-thumbnail=\"40085\" data-thumbnail-class=\"czo1OiI0MDA4NSI7\" width=\"461\" height=\"240\" \/><\/a>\n\t\t<\/div><\/div><\/figure><\/div><div class=\"clearboth\"><\/div>\n<div class=\"divider_padding\"><\/div>\n<div class=\"divider_line\"><\/div>\n<h2><a title=\"Nuestros Servicios\" href=\"https:\/\/plonsky.com\/es\/services\/\" target=\"_blank\" rel=\"noopener noreferrer\"><span style=\"color: #737373;\">Nuestros Servicios<\/span><\/a><\/h2>\n<div class=\"four_fifth\">Plonsky Productions. <span class=\"icon_text icon_cellphone gray\">+34 600 016 380<\/span> <a class=\"icon_text icon_email gray\" href=\"http:\/\/m@plonsky.com\">info@plonsky.com<\/a><\/div> <div class=\"one_fifth last\"><\/div><div class=\"clearboth\"><\/div>\n","protected":false},"excerpt":{"rendered":"<p>Curso: Elocuencia y Claridad para Presentaciones Trabajamos con equipos e individuos para mejorar las habilidades verbales de cara a comunicaciones internas y externas. Las empresas que desean que sus profesionales se sientan lo suficientemente seguros como para hablar, comunicarse y presentar sus ideas de manera asertiva pueden beneficiarse de nuestra metodolog\u00eda que combina ejercicios \u00fanicos &#8230;<\/p>\n","protected":false},"author":4,"featured_media":0,"parent":40029,"menu_order":5,"comment_status":"closed","ping_status":"closed","template":"","meta":{"footnotes":""},"class_list":["post-40814","page","type-page","status-publish","hentry"],"_links":{"self":[{"href":"https:\/\/plonsky.com\/es\/wp-json\/wp\/v2\/pages\/40814","targetHints":{"allow":["GET"]}}],"collection":[{"href":"https:\/\/plonsky.com\/es\/wp-json\/wp\/v2\/pages"}],"about":[{"href":"https:\/\/plonsky.com\/es\/wp-json\/wp\/v2\/types\/page"}],"author":[{"embeddable":true,"href":"https:\/\/plonsky.com\/es\/wp-json\/wp\/v2\/users\/4"}],"replies":[{"embeddable":true,"href":"https:\/\/plonsky.com\/es\/wp-json\/wp\/v2\/comments?post=40814"}],"version-history":[{"count":0,"href":"https:\/\/plonsky.com\/es\/wp-json\/wp\/v2\/pages\/40814\/revisions"}],"up":[{"embeddable":true,"href":"https:\/\/plonsky.com\/es\/wp-json\/wp\/v2\/pages\/40029"}],"wp:attachment":[{"href":"https:\/\/plonsky.com\/es\/wp-json\/wp\/v2\/media?parent=40814"}],"curies":[{"name":"wp","href":"https:\/\/api.w.org\/{rel}","templated":true}]}}