{"id":40797,"date":"2020-04-28T15:55:50","date_gmt":"2020-04-28T15:55:50","guid":{"rendered":"https:\/\/plonsky.com\/services\/virtual-production\/"},"modified":"2023-03-06T10:31:44","modified_gmt":"2023-03-06T10:31:44","slug":"virtual-production","status":"publish","type":"page","link":"https:\/\/plonsky.com\/es\/services\/virtual-production\/","title":{"rendered":"Producci\u00f3n Remota y Consultor\u00eda"},"content":{"rendered":"<h3>Te Ayudamos a Crear tus Propios V\u00eddeos<\/h3>\n<div class=\"three_fifth\"><p>El <strong>confinamiento<\/strong> que ha tra\u00eddo el 2020 no s\u00f3lo ha cambiado nuestra forma de trabajar, sino el c\u00f3mo nos comunicamos. <\/p>\n<p>El distanciamiento social impide que podamos tener contacto personal con nuestros clientes y equipos en reuniones presenciales y en eventos.&nbsp; \u00bfC\u00f3mo <strong>conectar y generar confianza<\/strong> cuando uno no puede dar la mano ni mirar a los ojos? Muchos profesionales est\u00e1n abordando esta traba lanzando mensajes efectivos de <strong>v\u00eddeo<\/strong> para sus comunicaciones tanto internas, como de marketing y ventas.<\/p>\n<p>En Plonsky Productions estamos ayudando a nuestros clientes a crear su propio contenido de v\u00eddeo de forma <strong>remota<\/strong>, desde cualquier parte del mundo. Los guiamos, asesoramos y trabajamos con ellos en cualquiera de las fases de su creaci\u00f3n.&nbsp; Durante la <strong>preproducci\u00f3n<\/strong>, con la elaboraci\u00f3n del gui\u00f3n y la revisi\u00f3n del material t\u00e9cnico del que disponen para grabarse de la manera m\u00e1s profesional. En la <strong>producci\u00f3n<\/strong> del v\u00eddeo en s\u00ed dirigimos remotamente al cliente con instrucciones precisas sobre iluminaci\u00f3n y sonido, composici\u00f3n y encuadre. Finalmente, en la <strong>postproducci\u00f3n<\/strong> damos nuestro toque m\u00e1gico con la edici\u00f3n del material grabado, retoques de audio, selecci\u00f3n de im\u00e1genes de archivo, efectos y animaci\u00f3n gr\u00e1fica. Todo nuestro equipo est\u00e1 activo, funcionando y a tu disposici\u00f3n.<\/p>\n<p>Estamos realmente satisfechos de trabajar mano a mano con nuestros clientes para seguir creando mensajes de video atractivos, incluso en estas condiciones actuales de movimiento restringido. Cu\u00e9ntanos qu\u00e9 necesitas comunicar porque nos encantar\u00e1 ayudarte a producir tus propios v\u00eddeos para mantener ese <strong>contacto y cercan\u00eda<\/strong> con tus equipos y clientes.<br \/><\/div>\n<div class=\"two_fifth last\"><figure id=\"image_8438\" class=\"image_styled aligncenter\" style=\"width:100%;display:block;float:unset;clear:both;\">\n\t\t<div class=\"image_frame effect-zoom\"><div class=\"image_shadow_wrap\">\n\t\t<a target=\"_self\" data-fittoview=\"true\" class=\"image_size_medium image_icon_zoom lightbox\" title=\"\" href=\"https:\/\/vimeo.com\/422900914\"><img decoding=\"async\" class=\"image-frame\" alt=\"\" src=\"https:\/\/plonsky.com\/wp-content\/uploads\/2020\/05\/WEB-VIRT-PROD-STTLS-NEWS-INTRO-SC-low-1.jpg\" data-theme-retina-image=\"false\"  data-thumbnail=\"41006\" data-thumbnail-class=\"czo1OiI0MTAwNiI7\" width=\"995\" height=\"1000\" \/><\/a>\n\t\t<\/div><\/div><\/figure> <figure id=\"image_8136\" class=\"image_styled aligncenter image_fit_mobile\" style=\"width:100%;display:block;float:unset;clear:both;\">\n\t\t<div class=\"image_frame effect-zoom\"><div class=\"image_shadow_wrap\">\n\t\t<a target=\"_self\" data-fittoview=\"true\" class=\"image_size_medium image_icon_play lightbox\" title=\"\" href=\"https:\/\/vimeo.com\/413155501\"><img decoding=\"async\" class=\"image-frame\" alt=\"\" src=\"https:\/\/plonsky.com\/wp-content\/uploads\/2020\/04\/ESSENTIAL-TIPS-LIGHTING-SOUND-for-VIDEO-CONFERENCING-SPAN_e7c-SUBT-less.jpeg\" data-theme-retina-image=\"false\"  data-thumbnail=\"40658\" data-thumbnail-class=\"czo1OiI0MDY1OCI7\" width=\"1920\" height=\"1080\" \/><\/a>\n\t\t<\/div><\/div><\/figure> <\/p>\n<h5><a class=\"icon_text icon_email\" href=\"mailto:info*plonsky.com\">info*plonsky.com<\/a><\/h5>\n<h5><span class=\"icon_text icon_phone\">(+34) 600 016 380<\/h5>\n<\/span><\/div><div class=\"clearboth\"><\/div>\n<div class=\"divider_padding\"><\/div>\n<div class=\"one_third\"><h3>Antes de la Grabaci\u00f3n<\/h3>\n<h6><span style=\"color: #346aad\">PREPRODUCCI\u00d3N<\/SPAN><\/h6>\n<figure id=\"image_8150\" class=\"image_styled aligncenter\" style=\"width:292px\">\n\t\t<div class=\"image_frame effect-icon\"><div class=\"image_shadow_wrap\">\n\t\t<a data-fittoview=\"true\" class=\"image_size_medium image_icon_zoom lightbox\" title=\"Video conferencing with client for consultancy on production\" href=\"https:\/\/plonsky.com\/wp-content\/uploads\/2020\/09\/2020-04-10-STTLS-NEWS-Vid-conf-000019-Edit-2-1000-2.jpg\"><img decoding=\"async\" class=\"image-frame\" style = \" height:150px;\" alt=\"Video conferencing with client for consultancy on production\" src=\"https:\/\/plonsky.com\/wp-content\/uploads\/strikingr\/images\/42063_2020-04-10-STTLS-NEWS-Vid-conf-000019-Edit-2-1000-2-290x150.jpg\" srcset=\"https:\/\/plonsky.com\/wp-content\/uploads\/strikingr\/images\/42063_2020-04-10-STTLS-NEWS-Vid-conf-000019-Edit-2-1000-2-290x150@2x.jpg 2x\" data-theme-retina-image=\"true\"  data-thumbnail=\"42063\" data-thumbnail-class=\"czo1OiI0MjA2MyI7\" width=\"292\" height=\"150\" \/><\/a>\n\t\t<\/div><\/div><\/figure>\nTrabajamos contigo para perfeccionar no s\u00f3lo la claridad y concreci\u00f3n de tus ideas, sino tambi\u00e9n para ayudarte a presentarlas de forma natural y cre\u00edble.&nbsp; <\/p>\n<ul class=\"list2 list_color_blue\">\n<li>Creaci\u00f3n del guion.<\/li>\n<li>Tono, ritmo y lenguaje corporal.<\/li>\n<li>Iluminaci\u00f3n, sonido y composici\u00f3n.<\/li>\n<li>C\u00f3mo sacar partido al material del que ya dispones.<\/li>\n<\/ul><\/div>\n<div class=\"one_third\"><h3>Durante la Grabaci\u00f3n<\/h3>\n<h6><span style=\"color: #346aad\">PRODUCCI\u00d3N<\/SPAN><\/h6>\n<figure id=\"image_2238\" class=\"image_styled aligncenter\" style=\"width:292px\">\n\t\t<div class=\"image_frame effect-icon\"><div class=\"image_shadow_wrap\">\n\t\t<a data-fittoview=\"true\" class=\"image_size_medium image_icon_zoom lightbox\" title=\"Client filming themselves with our guidance\" href=\"https:\/\/plonsky.com\/wp-content\/uploads\/2020\/05\/WEB-VIRT-PROD-STTLS-NEWS-frame-009101-low.jpg\"><img decoding=\"async\" class=\"image-frame\" style = \" height:150px;\" alt=\"Client filming themselves with our guidance\" src=\"https:\/\/plonsky.com\/wp-content\/uploads\/strikingr\/images\/41002_WEB-VIRT-PROD-STTLS-NEWS-frame-009101-low-290x150.jpg\" srcset=\"https:\/\/plonsky.com\/wp-content\/uploads\/strikingr\/images\/41002_WEB-VIRT-PROD-STTLS-NEWS-frame-009101-low-290x150@2x.jpg 2x\" data-theme-retina-image=\"true\"  data-thumbnail=\"41002\" data-thumbnail-class=\"czo1OiI0MTAwMiI7\" width=\"292\" height=\"150\" \/><\/a>\n\t\t<\/div><\/div><\/figure>\nPodemos estar \u00abvirtualmente\u00bb presentes por video conferencia mientras realizas la grabaci\u00f3n para ayudarte a:<br \/>\n<ul class=\"list2 list_color_blue\">\n<li>Hablar con confianza.<\/li>\n<li>A que presentes el mensaje de forma asertiva y concisa.<\/li>\n<li>A entrevistarte si lo que deseas es el formato entrevista.<\/li>\n<li>Podemos supervisar la iluminaci\u00f3n, sonido, composici\u00f3n y fondo antes y durante la grabaci\u00f3n.<\/li>\n<\/ul><\/div>\n<div class=\"one_third last\"><h3>Tras la Grabaci\u00f3n<\/h3>\n<h6><span style=\"color: #346aad\">POSTPRODUCCI\u00d3N<\/SPAN><\/h6>\n<figure id=\"image_7756\" class=\"image_styled aligncenter\" style=\"width:292px\">\n\t\t<div class=\"image_frame effect-icon\"><div class=\"image_shadow_wrap\">\n\t\t<a data-fittoview=\"true\" class=\"image_size_medium image_icon_zoom lightbox\" title=\"Sttls News Postproduction\" href=\"https:\/\/plonsky.com\/wp-content\/uploads\/2020\/05\/WEB-VIRT-PROD-STTLS-NEWS-FCPX-timeline-19.02.31-low.jpg\"><img decoding=\"async\" class=\"image-frame\" style = \" height:150px;\" alt=\"Sttls News Postproduction\" src=\"https:\/\/plonsky.com\/wp-content\/uploads\/strikingr\/images\/40996_WEB-VIRT-PROD-STTLS-NEWS-FCPX-timeline-19.02.31-low-290x150.jpg\" srcset=\"https:\/\/plonsky.com\/wp-content\/uploads\/strikingr\/images\/40996_WEB-VIRT-PROD-STTLS-NEWS-FCPX-timeline-19.02.31-low-290x150@2x.jpg 2x\" data-theme-retina-image=\"true\"  data-thumbnail=\"40996\" data-thumbnail-class=\"czo1OiI0MDk5NiI7\" width=\"292\" height=\"150\" \/><\/a>\n\t\t<\/div><\/div><\/figure>\nUna vez que has grabado, s\u00f3lo tienes que enviarnos los clips y nosotros nos encargamos del resto: de editar las mejores tomas para que tu mensaje tenga fuerza y tambi\u00e9n de:<\/p>\n<ul class=\"list2 list_color_blue\">\n<li>Insertar tu logo.<\/li>\n<li>A\u00f1adir m\u00fasica libre de derechos.<\/li>\n<li>Incluir textos y animaci\u00f3n gr\u00e1fica.<\/li>\n<li>Crear subt\u00edtulos en otros idiomas<\/li>\n<li>Retocar el color.<\/li>\n<li>Mejorar la calidad del sonido.<\/li>\n<li>Adaptar tu v\u00eddeo al formato correcto para cada red social.<\/li>\n<\/ul><\/div><div class=\"clearboth\"><\/div>\n<div class=\"divider_padding\"><\/div>\n<div class=\"divider_line\"><\/div>\n<h2><a title=\"Nuestros Servicios\" href=\"https:\/\/plonsky.com\/es\/services\/\" target=\"_blank\" rel=\"noopener noreferrer\"><span style=\"color: #737373;\">Nuestros Servicios<\/span><\/a><\/h2>\n<div class=\"four_fifth\">Plonsky Productions.<span class=\"icon_text icon_cellphone gray\">+34 600 016 380<\/span> <a class=\"icon_text icon_email gray\" href=\"http:\/\/m@plonsky.com\">info@plonsky.com<\/a><\/div> <div class=\"one_fifth last\"><\/div><div class=\"clearboth\"><\/div>\n","protected":false},"excerpt":{"rendered":"<p>Te Ayudamos a Crear tus Propios V\u00eddeos Nuestros Servicios<\/p>\n","protected":false},"author":4,"featured_media":0,"parent":40029,"menu_order":4,"comment_status":"closed","ping_status":"closed","template":"","meta":{"footnotes":""},"class_list":["post-40797","page","type-page","status-publish","hentry"],"_links":{"self":[{"href":"https:\/\/plonsky.com\/es\/wp-json\/wp\/v2\/pages\/40797","targetHints":{"allow":["GET"]}}],"collection":[{"href":"https:\/\/plonsky.com\/es\/wp-json\/wp\/v2\/pages"}],"about":[{"href":"https:\/\/plonsky.com\/es\/wp-json\/wp\/v2\/types\/page"}],"author":[{"embeddable":true,"href":"https:\/\/plonsky.com\/es\/wp-json\/wp\/v2\/users\/4"}],"replies":[{"embeddable":true,"href":"https:\/\/plonsky.com\/es\/wp-json\/wp\/v2\/comments?post=40797"}],"version-history":[{"count":0,"href":"https:\/\/plonsky.com\/es\/wp-json\/wp\/v2\/pages\/40797\/revisions"}],"up":[{"embeddable":true,"href":"https:\/\/plonsky.com\/es\/wp-json\/wp\/v2\/pages\/40029"}],"wp:attachment":[{"href":"https:\/\/plonsky.com\/es\/wp-json\/wp\/v2\/media?parent=40797"}],"curies":[{"name":"wp","href":"https:\/\/api.w.org\/{rel}","templated":true}]}}