{"id":40029,"date":"2020-01-24T16:06:51","date_gmt":"2020-01-24T16:06:51","guid":{"rendered":"http:\/\/plonsky.com\/services\/"},"modified":"2025-05-24T06:38:16","modified_gmt":"2025-05-24T06:38:16","slug":"services","status":"publish","type":"page","link":"https:\/\/plonsky.com\/es\/services\/","title":{"rendered":"Servicios"},"content":{"rendered":"<p><center><span style=\"color: #636363; font-size: xx-large;\"><a href=\"https:\/\/plonsky.com\/es\/services\/case-study-videos\/\" rel=\"noopener noreferrer\" target=\"_blank\">V\u00cdDEOS DE CASOS DE \u00c9XITO<\/a><\/span><\/center><br \/>\n<div class=\"divider_padding\"><\/div>\n<div class=\"one_third\">Cuando uno de tus clientes habla de tu empresa, tus productos o tus servicios, cuentas con una <strong>poderosa herramienta de comunicaci\u00f3n<\/strong>. Un \u201ccase study\u201d es un v\u00eddeo que presenta un caso de \u00e9xito en el que se habla del valor de tu producto o servicio a trav\u00e9s del testimonio de uno de tus clientes. El resultado es una herramienta de ventas efectiva que puedes mostrar en reuniones o publicar en tu p\u00e1gina web y redes sociales. Cuando producimos un v\u00eddeo con <strong>testimoniales<\/strong>, estudiamos tus necesidades, nos documentamos sobre el mensaje a transmitir y nos aseguramos que obtenemos el contenido del entrevistado de forma natural y concisa. Somos  <strong>entrevistadores expertos<\/strong> y hacemos que la persona frente a la c\u00e1mara se sienta como en casa.<br \/><\/div>\n<div class=\"two_third last\"><figure id=\"image_941\" class=\"image_styled aligncenter\" style=\"width:652px\">\n\t\t<div class=\"image_frame effect-zoom\"><div class=\"image_shadow_wrap\">\n\t\t<a target=\"_blank\" class=\"image_size_medium\" title=\"\" href=\"http:\/\/plonsky.com\/es\/trabajos\/case-study-videos\/\"><img decoding=\"async\" class=\"image-frame\" style = \" height:366px;\" alt=\"\" src=\"https:\/\/plonsky.com\/wp-content\/uploads\/2020\/01\/2-Case-Study-Fotogramas-000003-for-web.jpg\" data-theme-retina-image=\"false\"  data-thumbnail-class=\"czo4ODoiaHR0cDovL3Bsb25za3kuY29tL3dwLWNvbnRlbnQvdXBsb2Fkcy8yMDIwLzAxLzItQ2FzZS1TdHVkeS1Gb3RvZ3JhbWFzLTAwMDAwMy1mb3Itd2ViLmpwZyI7\" data-image-url=\"http:\/\/plonsky.com\/wp-content\/uploads\/2020\/01\/2-Case-Study-Fotogramas-000003-for-web.jpg\" width=\"652\" height=\"366\" \/><\/a>\n\t\t<\/div><\/div><\/figure><\/div><div class=\"clearboth\"><\/div>\n<div class=\"divider_padding\"><\/div>\n<div class=\"divider\" style=\"border-color:rgba(204,223,225,1);border-bottom-width:5px;margin-right:auto; margin-left:auto;width:376px\"><\/div> <\/p>\n<p><center><span style=\"color: #636363; font-size: xx-large;\"><a href=\"https:\/\/plonsky.com\/es\/services\/videos-corporativos\/\" rel=\"noopener noreferrer\" target=\"_blank\">V\u00cdDEOS PROMOCIONALES<\/a><\/span><\/center><br \/>\n<div class=\"divider_padding\"><\/div>\n<div class=\"two_third\"><figure id=\"image_8507\" class=\"image_styled aligncenter\" style=\"width:652px\">\n\t\t<div class=\"image_frame effect-zoom\"><div class=\"image_shadow_wrap\">\n\t\t<a target=\"_blank\" class=\"image_size_medium\" title=\"\" href=\"http:\/\/plonsky.com\/es\/trabajos\/videos-corporativos\/\"><img decoding=\"async\" class=\"image-frame\" style = \" height:366px;\" alt=\"\" src=\"https:\/\/plonsky.com\/wp-content\/uploads\/2020\/01\/1-Corp-Fotogramas-000016-for-web.jpg\" data-theme-retina-image=\"false\"  data-thumbnail-class=\"czo4MjoiaHR0cDovL3Bsb25za3kuY29tL3dwLWNvbnRlbnQvdXBsb2Fkcy8yMDIwLzAxLzEtQ29ycC1Gb3RvZ3JhbWFzLTAwMDAxNi1mb3Itd2ViLmpwZyI7\" data-image-url=\"http:\/\/plonsky.com\/wp-content\/uploads\/2020\/01\/1-Corp-Fotogramas-000016-for-web.jpg\" width=\"652\" height=\"366\" \/><\/a>\n\t\t<\/div><\/div><\/figure><\/div>\n<div class=\"one_third last\"><br \/>Somos comunicadores (video \u00ab<strong>story-tellers<\/strong>\u00ab) con muchos a\u00f1os de experiencia creando <strong>contenido de v\u00eddeo<\/strong> para nuestros clientes.&nbsp; Desde promos, videos para redes sociales o v\u00eddeos para comunicaci\u00f3n interna <strong>te ayudamos a contar tu historia<\/strong>. Parte de nuestro talento est\u00e1 en convertir ideas complejas en simples, entretenidas y f\u00e1ciles de entender.<\/p>\n<p>Dependiendo del mensaje, el objetivo y el tono de la comunicaci\u00f3n que necesites, podemos producir tu v\u00eddeo con entrevistas, narraci\u00f3n profesional o textos y gr\u00e1ficos.&nbsp;  <\/p><\/div><div class=\"clearboth\"><\/div>\n<div class=\"divider_padding\"><\/div>\n<div class=\"divider\" style=\"border-color:rgba(204,223,225,1);border-bottom-width:5px;margin-right:auto; margin-left:auto;width:376px\"><\/div> <\/p>\n<p><center><span style=\"color: #636363; font-size: xx-large;\"><a href=\"https:\/\/plonsky.com\/services\/videoconsulting\/\" rel=\"noopener noreferrer\" target=\"_blank\">PRODUCCI\u00d3N REMOTA DE V\u00cdDEOS Y CONSULTOR\u00cdA<\/a><\/span><\/center><br \/>\n<div class=\"divider_padding\"><\/div>\n<div class=\"two_third\"><figure id=\"image_6338\" class=\"image_styled aligncenter\" style=\"width:652px\">\n\t\t<div class=\"image_frame effect-zoom\"><div class=\"image_shadow_wrap\">\n\t\t<a target=\"_blank\" class=\"image_size_medium\" title=\"\" href=\"https:\/\/plonsky.com\/es\/services\/virtual-production\/\"><img decoding=\"async\" class=\"image-frame\" style = \" height:366px;\" alt=\"\" src=\"https:\/\/plonsky.com\/wp-content\/uploads\/strikingr\/images\/40653_ESSENTIAL-TIPS-LIGHTING-SOUND-for-VIDEO-CONFERENCING-ENG-650x366.jpg\" srcset=\"https:\/\/plonsky.com\/wp-content\/uploads\/strikingr\/images\/40653_ESSENTIAL-TIPS-LIGHTING-SOUND-for-VIDEO-CONFERENCING-ENG-650x366@2x.jpg 2x\" data-theme-retina-image=\"true\"  data-thumbnail=\"40653\" data-thumbnail-class=\"czo1OiI0MDY1MyI7\" width=\"652\" height=\"366\" \/><\/a>\n\t\t<\/div><\/div><\/figure><\/div>\n<div class=\"one_third last\">El confinamiento que ha tra\u00eddo el 2020 no s\u00f3lo ha cambiado nuestra forma de trabajar, sino el c\u00f3mo nos comunicamos. El distanciamiento social impide que podamos tener contacto personal con nuestros clientes y equipos en reuniones presenciales y en eventos.&nbsp; \u00bfC\u00f3mo <strong>conectar y generar confianza <\/strong>cuando uno no puede dar la mano ni mirar a los ojos? Muchos profesionales est\u00e1n abordando esta traba lanzando <strong>mensajes efectivos de v\u00eddeo<\/strong> para sus comunicaciones tanto internas, como de marketing y ventas. estamos ayudando a nuestros clientes a crear su propio contenido de v\u00eddeo de forma <strong>virtual<\/strong>, desde cualquier parte del mundo. <a href=\"https:\/\/plonsky.com\/es\/services\/virtual-production\/\" rel=\"noopener noreferrer\" target=\"_blank\">Aqu\u00ed explicamos c\u00f3mo podemos ayudarte a producir tus propios v\u00eddeos para mantener ese contacto y cercan\u00eda con tus equipos y clientes.<\/a><br \/><\/div><div class=\"clearboth\"><\/div>\n<div class=\"divider_padding\"><\/div>\n<div class=\"divider\" style=\"border-color:rgba(204,223,225,1);border-bottom-width:5px;margin-right:auto; margin-left:auto;width:376px\"><\/div> <\/p>\n<p><center><span style=\"color: #636363; font-size: xx-large;\"><a href=\"https:\/\/plonsky.com\/es\/services\/events-incentives\/\" rel=\"noopener noreferrer\" target=\"_blank\">EVENTOS &#038; INCENTIVOS<\/a><\/span><\/center><br \/>\n<div class=\"divider_padding\"><\/div>\n<div class=\"one_third\"><BR>Es f\u00e1cil ver que disfrutamos cubriendo eventos e incentivos y eso queda reflejado en las sonrisas genuinas que sacamos. La gente dice que <strong>nuestra energ\u00eda es contagiosa<\/strong>.<BR><br \/>\nCubrimos eventos por <strong>todo el mundo<\/strong>. Hemos acompa\u00f1ado a agencias y empresas a lugares maravillosos a vivir experiencias que quedan <strong>inmortalizadas<\/strong> en nuestros reportajes. <BR><br \/>\nQueremos que nuestros clientes no s\u00f3lo tengan el mejor recuerdo de su evento\/incentivo, sino que tambi\u00e9n puedan usar nuestros v\u00eddeos y fotograf\u00edas como una herramienta para <strong>vender<\/strong> su pr\u00f3ximo evento.<br \/><\/div>\n<div class=\"two_third last\"><figure id=\"image_9269\" class=\"image_styled aligncenter\" style=\"width:652px\">\n\t\t<div class=\"image_frame effect-zoom\"><div class=\"image_shadow_wrap\">\n\t\t<a target=\"_blank\" class=\"image_size_medium\" title=\"\" href=\"https:\/\/plonsky.com\/es\/services\/events-incentives\/\"><img decoding=\"async\" class=\"image-frame\" style = \" height:366px;\" alt=\"\" src=\"https:\/\/plonsky.com\/wp-content\/uploads\/2019\/09\/20171216-001936-VWFS-GALA-MNAC-5D3_1487-Pano-Edit-Alta-med.jpg\" data-theme-retina-image=\"false\"  data-thumbnail-class=\"czoxMDg6Imh0dHA6Ly9wbG9uc2t5LmNvbS93cC1jb250ZW50L3VwbG9hZHMvMjAxOS8wOS8yMDE3MTIxNi0wMDE5MzYtVldGUy1HQUxBLU1OQUMtNUQzXzE0ODctUGFuby1FZGl0LUFsdGEtbWVkLmpwZyI7\" data-image-url=\"http:\/\/plonsky.com\/wp-content\/uploads\/2019\/09\/20171216-001936-VWFS-GALA-MNAC-5D3_1487-Pano-Edit-Alta-med.jpg\" width=\"652\" height=\"366\" \/><\/a>\n\t\t<\/div><\/div><\/figure><\/div><div class=\"clearboth\"><\/div>\n<div class=\"divider_padding\"><\/div>\n<div class=\"divider\" style=\"border-color:rgba(204,223,225,1);border-bottom-width:5px;margin-right:auto; margin-left:auto;width:376px\"><\/div> <\/p>\n<p><center><span style=\"color: #636363; font-size: xx-large;\"><a href=\"https:\/\/plonsky.com\/es\/services\/internal-communication-videos\/\" rel=\"noopener noreferrer\" target=\"_blank\">V\u00cdDEOS PARA COMUNICACI\u00d3N INTERNA<\/a><\/span><\/center><br \/>\n<div class=\"divider_padding\"><\/div>\n<div class=\"two_third\"><figure id=\"image_5803\" class=\"image_styled aligncenter\" style=\"width:652px\">\n\t\t<div class=\"image_frame effect-zoom\"><div class=\"image_shadow_wrap\">\n\t\t<a target=\"_blank\" class=\"image_size_medium\" title=\"\" href=\"https:\/\/plonsky.com\/es\/services\/internal-communication-videos\/\"><img decoding=\"async\" class=\"image-frame\" style = \" height:366px;\" alt=\"\" src=\"https:\/\/plonsky.com\/wp-content\/uploads\/strikingr\/images\/42081_5-INTERNAL-COMUNICATION_a-01-WM-2017-CVPE-V1-HAKA_f7-fotograma-1080-000065-sml-650x366.jpg\" srcset=\"https:\/\/plonsky.com\/wp-content\/uploads\/strikingr\/images\/42081_5-INTERNAL-COMUNICATION_a-01-WM-2017-CVPE-V1-HAKA_f7-fotograma-1080-000065-sml-650x366@2x.jpg 2x\" data-theme-retina-image=\"true\"  data-thumbnail=\"42081\" data-thumbnail-class=\"czo1OiI0MjA4MSI7\" width=\"652\" height=\"366\" \/><\/a>\n\t\t<\/div><\/div><\/figure><\/div>\n<div class=\"one_third last\">El uso del video para comunicaciones internas ha demostrado ser realmente efectivo y muchas empresas saben que un mensaje que se transmite de forma <strong>amena y entretenida<\/strong> consigue captar la atenci\u00f3n del empleado.&nbsp;<br \/>\n<BR>Nuestros v\u00eddeos de comunicaci\u00f3n interna ayudan a reforzar los <strong>valores<\/strong> de tu empresa, a fortalecer la <strong>cultura corporativa<\/strong>, a mejorar tus objetivos de <strong>reclutamiento<\/strong>, a optimizar la <strong>eficiencia<\/strong>, a informar a tus equipos sobre importantes lanzamientos, a formarles sobre nuevos procedimientos y regulaciones, y lo m\u00e1s importante de todo en estos momentos, a <strong>promover la unidad<\/strong> y la confianza entre equipos ahora separados por la situaci\u00f3n actual.<br \/>\n<\/a><br \/><\/div><div class=\"clearboth\"><\/div>\n<div class=\"divider_padding\"><\/div>\n<div class=\"divider\" style=\"border-color:rgba(204,223,225,1);border-bottom-width:5px;margin-right:auto; margin-left:auto;width:376px\"><\/div> <\/p>\n<p><center><span style=\"color: #636363; font-size: xx-large;\"><a href=\"https:\/\/plonsky.com\/es\/services\/training\/\" rel=\"noopener noreferrer\" target=\"_blank\">FORMACI\u00d3N: ELOCUENCIA PARA PRESENTACIONES<\/a><\/span><\/center><br \/>\n<div class=\"divider_padding\"><\/div>\n<div class=\"two_third\"><figure id=\"image_6321\" class=\"image_styled aligncenter\" style=\"width:652px\">\n\t\t<div class=\"image_frame effect-zoom\"><div class=\"image_shadow_wrap\">\n\t\t<a target=\"_blank\" class=\"image_size_medium\" title=\"\" href=\"https:\/\/plonsky.com\/es\/services\/training\/\"><img decoding=\"async\" class=\"image-frame\" style = \" height:366px;\" alt=\"\" src=\"https:\/\/plonsky.com\/wp-content\/uploads\/strikingr\/images\/40085_2020-01-10-18.39.00-Mike-Plonsky-iPhone-650x366.jpg\" srcset=\"https:\/\/plonsky.com\/wp-content\/uploads\/strikingr\/images\/40085_2020-01-10-18.39.00-Mike-Plonsky-iPhone-650x366@2x.jpg 2x\" data-theme-retina-image=\"true\"  data-thumbnail=\"40085\" data-thumbnail-class=\"czo1OiI0MDA4NSI7\" width=\"652\" height=\"366\" \/><\/a>\n\t\t<\/div><\/div><\/figure><\/div>\n<div class=\"one_third last\">Trabajamos con equipos e individuos para mejorar las habilidades verbales de cara a comunicaciones internas y externas. Las empresas que desean que sus profesionales se sientan lo suficientemente seguros como para hablar, comunicarse y presentar sus ideas de manera asertiva pueden beneficiarse de nuestra <strong>metodolog\u00eda<\/strong> que combina ejercicios \u00fanicos de teambuilding con la desafiante experiencia <strong>de ser entrevistado ante una c\u00e1mara<\/strong>. Ser entrevistado ante una c\u00e1mara es una experiencia relativamente estresante para la mayor\u00eda de las personas. Sin embargo, en nuestro entorno controlado, hay tiempo para la orientaci\u00f3n y el apoyo para lograr no s\u00f3lo claridad de ideas, sino tambi\u00e9n una presentaci\u00f3n eficaz, concisa y carism\u00e1tica.<\/p>\n<p><\/a><br \/><\/div><div class=\"clearboth\"><\/div>\n<div class=\"divider_padding\"><\/div>\n<div class=\"divider\" style=\"border-color:rgba(204,223,225,1);border-bottom-width:5px;margin-right:auto; margin-left:auto;width:376px\"><\/div> <\/p>\n<p><center><span style=\"color: #636363; font-size: xx-large;\"><a href=\"https:\/\/plonsky.com\/es\/services\/documentaries\/\" rel=\"noopener noreferrer\" target=\"_blank\">DOCUMENTALES<\/a><\/span><\/center><br \/>\n<div class=\"divider_padding\"><\/div>\n<div class=\"two_third\"><figure id=\"image_6120\" class=\"image_styled aligncenter\" style=\"width:652px\">\n\t\t<div class=\"image_frame effect-zoom\"><div class=\"image_shadow_wrap\">\n\t\t<a target=\"_blank\" class=\"image_size_medium\" title=\"\" href=\"http:\/\/plonsky.com\/es\/trabajos\/documentaries\/\"><img decoding=\"async\" class=\"image-frame\" style = \" height:366px;\" alt=\"\" src=\"https:\/\/plonsky.com\/wp-content\/uploads\/strikingr\/images\/47796_WRIGHT-MEDICAL-BENIN-6-650x366.jpg\" srcset=\"https:\/\/plonsky.com\/wp-content\/uploads\/strikingr\/images\/47796_WRIGHT-MEDICAL-BENIN-6-650x366@2x.jpg 2x\" data-theme-retina-image=\"true\"  data-thumbnail=\"47796\" data-thumbnail-class=\"czo1OiI0Nzc5NiI7\" width=\"652\" height=\"366\" \/><\/a>\n\t\t<\/div><\/div><\/figure><\/div>\n<div class=\"one_third last\">Un <strong>documental corporativo<\/strong> es una herramienta de comunicaci\u00f3n muy \u00fatil para aquellas empresas e instituciones que desean informar sobre su participaci\u00f3n en <strong>proyectos sociales<\/strong> y <strong>acciones de caridad<\/strong>. Cuando producimos un documental corporativo, entrevistamos a los representantes y a cualquier otra persona que consideremos importante en el proyecto. El v\u00eddeo resultante explica de forma humana, objetiva y natural el por qu\u00e9 y el c\u00f3mo una entidad est\u00e1 contribuyendo a la <strong>mejora de la sociedad<\/strong>.<BR><\/p>\n<p>Producimos tambi\u00e9n <strong>documentales para instituciones<\/strong> y empresas cuyo prop\u00f3sito es educar e informar sobre una <strong>realidad<\/strong>.<br \/><\/div><div class=\"clearboth\"><\/div>\n<div class=\"divider_padding\"><\/div>\n<div class=\"divider\" style=\"border-color:rgba(204,223,225,1);border-bottom-width:5px;margin-right:auto; margin-left:auto;width:376px\"><\/div> <\/p>\n<p><center><span style=\"color: #636363; font-size: xx-large;\"><a href=\"https:\/\/plonsky.com\/es\/services\/turismo-y-hoteles\/\" rel=\"noopener noreferrer\" target=\"_blank\">TURISMO &#038; HOTELES<\/a><\/span><\/center><br \/>\n<div class=\"divider_padding\"><\/div>\n<div class=\"one_third\"><BR>Resaltamos la esencia y la <strong>singularidad de un lugar<\/strong>. Cuando tenemos un proyecto tur\u00edstico en nuestras manos, nuestra misi\u00f3n es que ese pa\u00eds, regi\u00f3n u hotel resplandezca.<\/p>\n<p>Nuestro ojo art\u00edstico, nuestra sensibilidad, los suaves movimientos de c\u00e1mara y el elemento humano resultan en v\u00eddeos que incrementan el <strong>deseo de visitar un lugar<\/strong> y de experimentar los servicios que \u00e9ste ofrece.<br \/><\/div>\n<div class=\"two_third last\"><figure id=\"image_3387\" class=\"image_styled aligncenter\" style=\"width:652px\">\n\t\t<div class=\"image_frame effect-zoom\"><div class=\"image_shadow_wrap\">\n\t\t<a target=\"_blank\" class=\"image_size_medium\" title=\"\" href=\"http:\/\/plonsky.com\/es\/trabajos\/turismo-y-hoteles\/\"><img decoding=\"async\" class=\"image-frame\" style = \" height:366px;\" alt=\"\" src=\"https:\/\/plonsky.com\/wp-content\/uploads\/2016\/11\/20130205-175638-MC-Lodge-075K3089_b.jpg\" data-theme-retina-image=\"false\"  data-thumbnail-class=\"czo4NToiaHR0cDovL3Bsb25za3kuY29tL3dwLWNvbnRlbnQvdXBsb2Fkcy8yMDE2LzExLzIwMTMwMjA1LTE3NTYzOC1NQy1Mb2RnZS0wNzVLMzA4OV9iLmpwZyI7\" data-image-url=\"http:\/\/plonsky.com\/wp-content\/uploads\/2016\/11\/20130205-175638-MC-Lodge-075K3089_b.jpg\" width=\"652\" height=\"366\" \/><\/a>\n\t\t<\/div><\/div><\/figure><\/div><div class=\"clearboth\"><\/div>\n","protected":false},"excerpt":{"rendered":"<p>V\u00cdDEOS DE CASOS DE \u00c9XITO V\u00cdDEOS PROMOCIONALES PRODUCCI\u00d3N REMOTA DE V\u00cdDEOS Y CONSULTOR\u00cdA EVENTOS &#038; INCENTIVOS V\u00cdDEOS PARA COMUNICACI\u00d3N INTERNA FORMACI\u00d3N: ELOCUENCIA PARA PRESENTACIONES DOCUMENTALES TURISMO &#038; HOTELES<\/p>\n","protected":false},"author":4,"featured_media":0,"parent":0,"menu_order":0,"comment_status":"closed","ping_status":"closed","template":"","meta":{"footnotes":""},"class_list":["post-40029","page","type-page","status-publish","hentry"],"_links":{"self":[{"href":"https:\/\/plonsky.com\/es\/wp-json\/wp\/v2\/pages\/40029","targetHints":{"allow":["GET"]}}],"collection":[{"href":"https:\/\/plonsky.com\/es\/wp-json\/wp\/v2\/pages"}],"about":[{"href":"https:\/\/plonsky.com\/es\/wp-json\/wp\/v2\/types\/page"}],"author":[{"embeddable":true,"href":"https:\/\/plonsky.com\/es\/wp-json\/wp\/v2\/users\/4"}],"replies":[{"embeddable":true,"href":"https:\/\/plonsky.com\/es\/wp-json\/wp\/v2\/comments?post=40029"}],"version-history":[{"count":0,"href":"https:\/\/plonsky.com\/es\/wp-json\/wp\/v2\/pages\/40029\/revisions"}],"wp:attachment":[{"href":"https:\/\/plonsky.com\/es\/wp-json\/wp\/v2\/media?parent=40029"}],"curies":[{"name":"wp","href":"https:\/\/api.w.org\/{rel}","templated":true}]}}