{"id":39793,"date":"2019-12-27T16:53:49","date_gmt":"2019-12-27T16:53:49","guid":{"rendered":"http:\/\/plonsky.com\/documentaries\/"},"modified":"2023-03-06T10:29:50","modified_gmt":"2023-03-06T10:29:50","slug":"documentaries","status":"publish","type":"page","link":"https:\/\/plonsky.com\/es\/services\/documentaries\/","title":{"rendered":"Documentales"},"content":{"rendered":"<div class=\"one_third\"><CENTER><\/p>\n<h3>Documentales Corporativos:<\/h3>\n<p><\/CENTER><br \/>\nUn documental corporativo es una herramienta de comunicaci\u00f3n muy \u00fatil para aquellas empresas e instituciones que desean informar sobre su participaci\u00f3n en <strong>proyectos sociales<\/strong> y acciones de caridad. Cuando producimos un documental corporativo, entrevistamos a los representantes y a cualquier otra persona que consideremos importante en el proyecto. El v\u00eddeo resultante explica de forma humana, objetiva y natural el por qu\u00e9 y el c\u00f3mo una entidad est\u00e1 contribuyendo a la <strong>mejora de la sociedad<\/strong>.<\/div>\n<div class=\"two_third last\"><iframe src=\"https:\/\/player.vimeo.com\/video\/378582904\" width=\"650\" height=\"366\" frameborder=\"0\" allowfullscreen=\"allowfullscreen\"><\/iframe><\/div><div class=\"clearboth\"><\/div>\n<div class=\"divider\" style=\"border-color:rgba(178,188,193,1);padding-top:17px;margin-bottom:29px;border-bottom-width:3px;margin-right:auto; margin-left:auto;width:353px\"><\/div> <\/p>\n<p><CENTER><\/p>\n<h3>Documentales Institucionales<\/h3>\n<p><\/CENTER><br \/>\n<center>Producimos tambi\u00e9n documentales para instituciones y empresas <br \/>cuyo prop\u00f3sito es educar e informar sobre una realidad.<\/center><br \/>\n<section id=\"portfolio_944\" class=\"portfolios\"><div class=\"portfolio_wrap\"><ul class=\"portfolio_three_columns portfolio_container\"><li class=\"portfolio_item portfolio_with_image hentry\" data-id=\"39712\" data-type=\"video\" data-cat=\"docs-es\"><div class=\"image_styled portfolio_image\"><div class=\"image_frame effect-zoom\" style=\"height:182px\"><div class=\"image_shadow_wrap\"><a class=\"image_icon_play lightbox\"  title=\"50\u00ba Aniversario Apollo 11 &#8211; Fresnedillas\" href=\"https:\/\/plonsky.com\/wp-content\/uploads\/2019\/12\/50-Aniv-Fresnedillas-Apollo-11.jpg\" data-fancybx-group=\"portfolio_797\" data-width=\"640\" data-height=\"355\" data-autoplay=\"true\"><img decoding=\"async\" class=\"portfolio_featured_image theme_image_type_jpg\" width=\"292\" height=\"180\" src=\"https:\/\/plonsky.com\/wp-content\/uploads\/strikingr\/images\/39710_50-Aniv-Fresnedillas-Apollo-11-292x180.jpg\" srcset=\"https:\/\/plonsky.com\/wp-content\/uploads\/strikingr\/images\/39710_50-Aniv-Fresnedillas-Apollo-11-292x180@2x.jpg 2x\" data-theme-retina-image=\"true\"  data-thumbnail=\"39710\" title=\"50\u00ba Aniversario Apollo 11 &#8211; Fresnedillas\" alt=\"50\u00ba Aniversario Apollo 11 &#8211; Fresnedillas\" data-thumbnail-class=\"aTozOTcxMDs=\" data-aspect-ratio=\"0.61643835616438\" \/><\/a><\/div><\/div><\/div><div class=\"portfolio_details\"><div class=\"portfolio_title entry-title\">50\u00ba Aniversario Apollo 11 &#8211; Fresnedillas<\/div><\/div><\/li><li class=\"portfolio_item portfolio_without_image hentry\" data-id=\"25204\" data-type=\"video\" data-cat=\"docs-es,promos-es,tourism-es\"><div class=\"image_styled portfolio_image\"><div class=\"image_frame effect-zoom\" style=\"height:182px\"><div class=\"image_shadow_wrap\"><a class=\"image_icon_play lightbox\"  title=\"Marbella Club History Video\" href=\"http:\/\/player.vimeo.com\/video\/102973221\" data-fancybx-group=\"portfolio_797\" data-width=\"640\" data-height=\"355\" data-autoplay=\"true\"><img decoding=\"async\" class=\"portfolio_featured_image theme_image_type_\" width=\"292\" height=\"180\" src=\"https:\/\/i.vimeocdn.com\/video\/485094766-76e28f50618b984daf7f5a4fda7e7d54a6c153e441d3427dcdf873f3ea86abb2-d_295x166?region=us\" data-theme-retina-image=\"false\"  data-thumbnail=\"\" title=\"Marbella Club History Video\" alt=\"Marbella Club History Video\" data-aspect-ratio=\"0.61643835616438\" \/><\/a><\/div><\/div><\/div><div class=\"portfolio_details\"><div class=\"portfolio_title entry-title\">Marbella Club History Video<\/div><\/div><\/li><li class=\"portfolio_item portfolio_with_image hentry\" data-id=\"25144\" data-type=\"video\" data-cat=\"promos-es\"><div class=\"image_styled portfolio_image\"><div class=\"image_frame effect-zoom\" style=\"height:182px\"><div class=\"image_shadow_wrap\"><a class=\"image_icon_play lightbox\"  title=\"NASA &#8211; MDSCC\" href=\"http:\/\/player.vimeo.com\/video\/66812235\" data-fancybx-group=\"portfolio_797\" data-width=\"640\" data-height=\"355\" data-autoplay=\"true\"><img decoding=\"async\" class=\"portfolio_featured_image theme_image_type_png\" width=\"292\" height=\"180\" src=\"https:\/\/plonsky.com\/wp-content\/uploads\/strikingr\/images\/13007_Screen-shot-2013-05-23-at-15.30.03-292x180.png\" srcset=\"https:\/\/plonsky.com\/wp-content\/uploads\/strikingr\/images\/13007_Screen-shot-2013-05-23-at-15.30.03-292x180@2x.png 2x\" data-theme-retina-image=\"true\"  data-thumbnail=\"13007\" title=\"NASA &#8211; MDSCC\" alt=\"NASA &#8211; MDSCC\" data-thumbnail-class=\"aToxMzAwNzs=\" data-aspect-ratio=\"0.61643835616438\" \/><\/a><\/div><\/div><\/div><div class=\"portfolio_details\"><div class=\"portfolio_title entry-title\">NASA &#8211; MDSCC<\/div><\/div><\/li><\/ul><\/div><\/section> <\/p>\n<div class=\"divider_padding\"><\/div>\n<div class=\"divider_line\"><\/div>\n<h2><a title=\"Nuestros Servicios\" href=\"https:\/\/plonsky.com\/es\/services\/\" target=\"_blank\" rel=\"noopener noreferrer\"><span style=\"color: #737373;\">Nuestros Servicios<\/span><\/a><\/h2>\n<div class=\"four_fifth\">Plonsky Productions. <span class=\"icon_text icon_cellphone gray\">+34 600 016 380<\/span> <a class=\"icon_text icon_email gray\" href=\"http:\/\/m@plonsky.com\">info@plonsky.com<\/a><\/div> <div class=\"one_fifth last\"><\/div><div class=\"clearboth\"><\/div>\n","protected":false},"excerpt":{"rendered":"<p>Documentales Institucionales Producimos tambi\u00e9n documentales para instituciones y empresas cuyo prop\u00f3sito es educar e informar sobre una realidad. Nuestros Servicios<\/p>\n","protected":false},"author":4,"featured_media":0,"parent":40029,"menu_order":4,"comment_status":"closed","ping_status":"closed","template":"","meta":{"footnotes":""},"class_list":["post-39793","page","type-page","status-publish","hentry"],"_links":{"self":[{"href":"https:\/\/plonsky.com\/es\/wp-json\/wp\/v2\/pages\/39793","targetHints":{"allow":["GET"]}}],"collection":[{"href":"https:\/\/plonsky.com\/es\/wp-json\/wp\/v2\/pages"}],"about":[{"href":"https:\/\/plonsky.com\/es\/wp-json\/wp\/v2\/types\/page"}],"author":[{"embeddable":true,"href":"https:\/\/plonsky.com\/es\/wp-json\/wp\/v2\/users\/4"}],"replies":[{"embeddable":true,"href":"https:\/\/plonsky.com\/es\/wp-json\/wp\/v2\/comments?post=39793"}],"version-history":[{"count":0,"href":"https:\/\/plonsky.com\/es\/wp-json\/wp\/v2\/pages\/39793\/revisions"}],"up":[{"embeddable":true,"href":"https:\/\/plonsky.com\/es\/wp-json\/wp\/v2\/pages\/40029"}],"wp:attachment":[{"href":"https:\/\/plonsky.com\/es\/wp-json\/wp\/v2\/media?parent=39793"}],"curies":[{"name":"wp","href":"https:\/\/api.w.org\/{rel}","templated":true}]}}