{"id":39547,"date":"2019-07-15T11:23:16","date_gmt":"2019-07-15T11:23:16","guid":{"rendered":"http:\/\/plonsky.com\/trabajos\/videos-corporativos\/case-study-videos\/"},"modified":"2023-03-06T10:20:56","modified_gmt":"2023-03-06T10:20:56","slug":"case-study-videos","status":"publish","type":"page","link":"https:\/\/plonsky.com\/es\/services\/case-study-videos\/","title":{"rendered":"V\u00eddeos de Casos de \u00c9xito"},"content":{"rendered":"<p><center><span style=\"color: #636363; font-size: xx-large;\">Cuando Tu Cliente Habla de ti.<\/span><\/center><br \/>\n<div class=\"divider_padding\"><\/div>\n<div class=\"one_third\">Cuando uno de <strong>tus clientes<\/strong> habla de tu empresa, tus productos o tus servicios, cuentas con una poderosa <strong>herramienta de comunicaci\u00f3n<\/strong>.<\/p>\n<p>Un \u201ccase study\u201d es un v\u00eddeo que presenta un <strong>caso de \u00e9xito<\/strong> en el que se habla del valor de tu producto o servicio a trav\u00e9s del testimonio de uno de tus clientes. El resultado es una <strong>herramienta de ventas<\/strong> efectiva que puedes mostrar en reuniones o publicar en tu p\u00e1gina web y redes sociales.<br \/><\/div>\n<div class=\"two_third last\"><iframe src=\"https:\/\/player.vimeo.com\/video\/191475777\" width=\"650\" height=\"366\" frameborder=\"0\" allowfullscreen=\"allowfullscreen\"><\/iframe><\/div><div class=\"clearboth\"><\/div>\n<div class=\"divider_padding\"><\/div>\n<div class=\"divider_padding\"><\/div>\n<center><span style=\"color: #636363; font-size: xx-large;\">Un Mensaje Espont\u00e1neo, Humano y Aut\u00e9ntico<\/span><\/center><br \/>\n<div class=\"divider_padding\"><\/div>\n<center>Cuando producimos un v\u00eddeo de caso de \u00e9xito nos encargamos de todo el proceso: desde la idea inicial hasta la edici\u00f3n final. Comenzamos document\u00e1ndonos sobre las necesidades que tuvo tu cliente y como tu empresa las cubri\u00f3. Elaboramos un gui\u00f3n y preparamos el cuestionario adecuado para conseguir dicha informaci\u00f3n.&nbsp; Somos expertos en filmar entrevistas y conseguir que el entrevistado se sienta relajado durante la grabaci\u00f3n y disfrute de la experiencia.&nbsp; Nos gusta contar historias y tenemos muchos a\u00f1os de experiencia consiguiendo respuestas y mensajes espont\u00e1neos, humanos y aut\u00e9nticos. <\/center><\/p>\n<div class=\"divider_padding\"><\/div>\n<div class=\"divider\" style=\"border-color:rgba(204,223,225,1);border-bottom-width:5px;margin-right:auto; margin-left:auto;width:376px\"><\/div>\n<div class=\"two_third\"><iframe src=\"https:\/\/player.vimeo.com\/video\/166041402\" width=\"650\" height=\"366\" frameborder=\"0\" allowfullscreen=\"allowfullscreen\"><\/iframe><\/div>\n<div class=\"one_third last\"><BR><\/p>\n<h5><strong><span style=\"color: #006a78;\">CLIENTE:<\/span><\/strong><br \/>\nNEDAP.<\/h5>\n<p>&nbsp;<\/p>\n<h5><strong><span style=\"color: #006a78;\">PROYECTO:<\/span><\/strong><br \/>\nCaso de \u00c9xito: El software de RFID de Nedap en las tiendas de MOODS OF NORWAY.<\/h5>\n<p>&nbsp;<\/p>\n<h5><strong><span style=\"color: #006a78;\">FORMATO:<\/span><\/strong><br \/>\nV\u00eddeo que combina los testimoniales de dos representantes del cliente de Nedap, Moods of Norway, con los testimoniales del Director General de Nedap.<\/h5><\/div><div class=\"clearboth\"><\/div>\n<div class=\"divider_padding\"><\/div>\n<div class=\"divider\" style=\"border-color:rgba(204,223,225,1);border-bottom-width:5px;margin-right:auto; margin-left:auto;width:376px\"><\/div> <\/p>\n<div class=\"one_third\"><BR><\/p>\n<h5><strong><span style=\"color: #006a78;\">CLIENTE:<\/span><\/strong><br \/>\nCISCO Systems.<\/h5>\n<p>&nbsp;<\/p>\n<h5><strong><span style=\"color: #006a78;\">PROYECTO:<\/span><\/strong><br \/>\nHistoria de \u00c9xito: C\u00f3mo IFEMA tuvo y pudo convertirse en <bold>un hospital de campa\u00f1a para 4.000 pacientes de COVID-19<\/bold> durante las peores semanas de la pandemia y la importancia que tuvo la red de Cisco para lograrlo.<\/h5>\n<p>&nbsp;<\/p>\n<h5><strong><span style=\"color: #006a78;\">FORMATO:<\/span><\/strong><br \/>\nV\u00eddeo de Caso de \u00c9xito con las entrevistas grabadas en el recinto de IFEMA.&nbsp; El caso es presentado con tres testimoniales: Eduardo Lopez-Puertas y Carlos Jim\u00e9nez de IFEMA por un lado y por otro, Leo Montan\u00e9 de Cisco Systems.<\/h5><\/div>\n<div class=\"two_third last\"><iframe src=\"https:\/\/player.vimeo.com\/video\/503010666\n\n\" width=\"650\" height=\"366\" frameborder=\"0\" allowfullscreen=\"allowfullscreen\"><\/iframe><\/div><div class=\"clearboth\"><\/div>\n<div class=\"divider_padding\"><\/div>\n<div class=\"divider\" style=\"border-color:rgba(204,223,225,1);border-bottom-width:5px;margin-right:auto; margin-left:auto;width:376px\"><\/div> <\/p>\n<div class=\"two_third\"><iframe src=\"https:\/\/player.vimeo.com\/video\/85735564\" width=\"650\" height=\"366\" frameborder=\"0\" allowfullscreen=\"allowfullscreen\"><\/iframe><\/div>\n<div class=\"one_third last\"><h5><strong><span style=\"color: #006a78;\">CLIENTE:<\/span><\/strong><br \/>\nCISCO SYSTEMS.<\/h5>\n<p>&nbsp;<\/p>\n<h5><strong><span style=\"color: #006a78;\">PROYECTO:<\/span><\/strong><br \/>\nV\u00eddeo Promocional  + caso de \u00e9xito de Internet of Things en la ciudad de Barcelona.<\/h5>\n<p>&nbsp;<\/p>\n<h5><strong><span style=\"color: #006a78;\">FORMATO:<\/span><\/strong><br \/>\nEn este v\u00eddeo hemos incorporado un narrador profesional con los testimonios de Wim Elfrink, EVP &#038; Chief Globalization Officer de CISCO System, de Anil Menon, President Smart &#038; Connected Communities de CISCO Systems y del Alcalde de Barcelona y Concejal de Habitat Urbano del Ayuntamiento de Barcelona.<\/h5><\/div><div class=\"clearboth\"><\/div>\n<div class=\"divider_padding\"><\/div>\n<div class=\"divider\" style=\"border-color:rgba(204,223,225,1);border-bottom-width:5px;margin-right:auto; margin-left:auto;width:376px\"><\/div> <\/p>\n<div class=\"one_third\"><BR><\/p>\n<h5><strong><span style=\"color: #006a78;\">CLIENTE:<\/span><\/strong><br \/>\nNEDAP.<\/h5>\n<p>&nbsp;<\/p>\n<h5><strong><span style=\"color: #006a78;\">PROYECTO:<\/span><\/strong><br \/>\nV\u00eddeo de Caso de \u00c9xito: Implantaci\u00f3n del software de gesti\u00f3n de iluminaci\u00f3n en un concesionario Lexus de Los \u00c1ngeles, California.<\/h5>\n<p>&nbsp;<\/p>\n<h5><strong><span style=\"color: #006a78;\">FORMATO:<\/span><\/strong><br \/>\nCaso de \u00c9xito grabado en Glendale, Los \u00c1ngeles. El V\u00eddeo est\u00e1 presentado con un \u00fanico testimonial, el de Roy Tunno, Service Director de LEXUS de Glendale.<\/h5><\/div>\n<div class=\"two_third last\"><iframe src=\"https:\/\/player.vimeo.com\/video\/348159228\" width=\"650\" height=\"366\" frameborder=\"0\" allowfullscreen=\"allowfullscreen\"><\/iframe><\/div><div class=\"clearboth\"><\/div>\n<div class=\"divider_padding\"><\/div>\n<div class=\"divider\" style=\"border-color:rgba(204,223,225,1);border-bottom-width:5px;margin-right:auto; margin-left:auto;width:376px\"><\/div> <\/p>\n<div class=\"two_third\"><iframe src=\"https:\/\/player.vimeo.com\/video\/192770349\" width=\"650\" height=\"366\" frameborder=\"0\" allowfullscreen=\"allowfullscreen\"><\/iframe><\/div>\n<div class=\"one_third last\"><BR><\/p>\n<h5><strong><span style=\"color: #006a78;\">CLIENTE:<\/span><\/strong><br \/>\nNEDAP.<\/h5>\n<p>&nbsp;<\/p>\n<h5><strong><span style=\"color: #006a78;\">PROYECTO:<\/span><\/strong><br \/>\nV\u00eddeo de Caso de \u00c9xito: Funcionamiento del software de RFID en la tienda flagship de ADIDAS en Madrid.<\/h5>\n<p>&nbsp;<\/p>\n<h5><strong><span style=\"color: #006a78;\">FORMATO:<\/span><\/strong><br \/>\nCaso de \u00c9xito sobre el !D TOP de NEDAP presentado con un s\u00f3lo testimonio, el de David Sancho, ADIDAS Store Development Manager.<\/h5><\/div><div class=\"clearboth\"><\/div>\n<div class=\"divider_padding\"><\/div>\n<div class=\"divider\" style=\"border-color:rgba(204,223,225,1);border-bottom-width:5px;margin-right:auto; margin-left:auto;width:376px\"><\/div> <\/p>\n<div class=\"one_third\"><BR><\/p>\n<h5><strong><span style=\"color: #006a78;\">CLIENTE:<\/span><\/strong><br \/>\nNEDAP.<\/h5>\n<p>&nbsp;<\/p>\n<h5><strong><span style=\"color: #006a78;\">PROYECTO:<\/span><\/strong><br \/>\nV\u00eddeo de Caso de \u00c9xito: El software de RFID de NEDAP en las tiendas BROWNIE de Espa\u00f1a y Portugal.<\/h5>\n<p>&nbsp;<\/p>\n<h5><strong><span style=\"color: #006a78;\">FORMATO:<\/span><\/strong><br \/>\nCase de \u00c9xito grabado en Madrid y presentado con un \u00fanico testimonial, el de Celia Cano, Head of Operations &#038; Logistics de BROWNIE.<\/h5><\/div>\n<div class=\"two_third last\"><iframe src=\"https:\/\/player.vimeo.com\/video\/241190891\" width=\"650\" height=\"366\" frameborder=\"0\" allowfullscreen=\"allowfullscreen\"><\/iframe><\/div><div class=\"clearboth\"><\/div>\n<div class=\"divider_padding\"><\/div>\n<div class=\"divider\" style=\"border-color:rgba(204,223,225,1);border-bottom-width:5px;margin-right:auto; margin-left:auto;width:376px\"><\/div>\n<div class=\"two_third\"><iframe src=\"https:\/\/player.vimeo.com\/video\/291883575\" width=\"650\" height=\"366\" frameborder=\"0\" allowfullscreen=\"allowfullscreen\"><\/iframe><\/div>\n<div class=\"one_third last\"><BR><\/p>\n<h5><strong><span style=\"color: #006a78;\">CLIENTE:<\/span><\/strong><br \/>\nNEDAP.<\/h5>\n<p>&nbsp;<\/p>\n<h5><strong><span style=\"color: #006a78;\">PROYECTO:<\/span><\/strong><br \/>\nHistoria de \u00c9xito: <bold>El software de gesti\u00f3n de la iluminaci\u00f3n<\/bold> de Nedap implantado en KLM UK Engineering (UK).<\/h5>\n<p>&nbsp;<\/p>\n<h5><strong><span style=\"color: #006a78;\">FORMATO:<\/span><\/strong><br \/>\nV\u00eddeo de Caso de \u00c9xito grabado en Norwich.&nbsp; El caso es presentado con un s\u00f3lo testimonial, el de Mark Walker, IT Manager en KLM UK Engineering Ltd.<\/h5><\/div><div class=\"clearboth\"><\/div>\n<div class=\"divider_padding\"><\/div>\n<div class=\"divider_line\"><\/div>\n<h2><a title=\"Nuestros Servicios\" href=\"https:\/\/plonsky.com\/es\/services\/\" target=\"_blank\" rel=\"noopener noreferrer\"><span style=\"color: #737373;\">Nuestros Servicios<\/span><\/a><\/h2>\n<div class=\"four_fifth\">Plonsky Productions. <span class=\"icon_text icon_cellphone gray\">+34 600 016 380<\/span> <a class=\"icon_text icon_email gray\" href=\"http:\/\/m@plonsky.com\">info@plonsky.com<\/a><\/div> <div class=\"one_fifth last\"><\/div><div class=\"clearboth\"><\/div>\n","protected":false},"excerpt":{"rendered":"<p>Cuando Tu Cliente Habla de ti. Un Mensaje Espont\u00e1neo, Humano y Aut\u00e9ntico Cuando producimos un v\u00eddeo de caso de \u00e9xito nos encargamos de todo el proceso: desde la idea inicial hasta la edici\u00f3n final. Comenzamos document\u00e1ndonos sobre las necesidades que tuvo tu cliente y como tu empresa las cubri\u00f3. Elaboramos un gui\u00f3n y preparamos el &#8230;<\/p>\n","protected":false},"author":4,"featured_media":0,"parent":40029,"menu_order":2,"comment_status":"closed","ping_status":"closed","template":"","meta":{"footnotes":""},"class_list":["post-39547","page","type-page","status-publish","hentry"],"_links":{"self":[{"href":"https:\/\/plonsky.com\/es\/wp-json\/wp\/v2\/pages\/39547","targetHints":{"allow":["GET"]}}],"collection":[{"href":"https:\/\/plonsky.com\/es\/wp-json\/wp\/v2\/pages"}],"about":[{"href":"https:\/\/plonsky.com\/es\/wp-json\/wp\/v2\/types\/page"}],"author":[{"embeddable":true,"href":"https:\/\/plonsky.com\/es\/wp-json\/wp\/v2\/users\/4"}],"replies":[{"embeddable":true,"href":"https:\/\/plonsky.com\/es\/wp-json\/wp\/v2\/comments?post=39547"}],"version-history":[{"count":0,"href":"https:\/\/plonsky.com\/es\/wp-json\/wp\/v2\/pages\/39547\/revisions"}],"up":[{"embeddable":true,"href":"https:\/\/plonsky.com\/es\/wp-json\/wp\/v2\/pages\/40029"}],"wp:attachment":[{"href":"https:\/\/plonsky.com\/es\/wp-json\/wp\/v2\/media?parent=39547"}],"curies":[{"name":"wp","href":"https:\/\/api.w.org\/{rel}","templated":true}]}}