{"id":19962,"date":"2015-10-02T10:43:49","date_gmt":"2015-10-02T10:43:49","guid":{"rendered":"http:\/\/plonsky.com\/es\/?page_id=19962"},"modified":"2015-11-17T09:34:19","modified_gmt":"2015-11-17T09:34:19","slug":"la-melonera","status":"publish","type":"page","link":"https:\/\/plonsky.com\/es\/showcases\/la-melonera\/","title":{"rendered":"La Melonera"},"content":{"rendered":"<h3>LA MELONERA<\/h3>\n<p><iframe src=\"http:\/\/player.vimeo.com\/video\/141173646\" frameborder=\"5\" width=\"630\" height=\"355\"><\/iframe><\/h3>\n<div class=\"divider_line\"><\/div>\n<h3>V\u00eddeo Promocional de esta maravillosa finca con sus bodegas y vi\u00f1edos ubicada en la Serran\u00eda de Ronda.<\/h3>\n<div class=\"divider\" style=\"border-color:#660003;border-bottom-width:4px;margin-right:auto; margin-left:auto;width:500px\"><\/div>\n<h3>Reportaje Fotogr\u00e1fico<\/h3>\n<div class=\"one_third\"><figure id=\"image_2303\" class=\"image_styled\" style=\"width:177px\">\n\t\t<div class=\"image_frame effect-icon\"><div class=\"image_shadow_wrap\">\n\t\t<a data-fittoview=\"true\" class=\"image_size_medium image_icon_play lightbox\" title=\"\" href=\"https:\/\/plonsky.com\/wp-content\/uploads\/2015\/10\/20150520-19-54-40-T17-Plonsky-Ronda-Mk-5DM39272-Edit1.jpg\"><img decoding=\"async\" class=\"image-frame\" style = \" height:119px;\" alt=\"\" src=\"https:\/\/plonsky.com\/wp-content\/uploads\/2015\/10\/20150520-19-54-40-T17-Plonsky-Ronda-Mk-5DM39272-Edit1.jpg\" data-theme-retina-image=\"false\"  data-thumbnail-class=\"czoxMDM6Imh0dHA6Ly9wbG9uc2t5LmNvbS93cC1jb250ZW50L3VwbG9hZHMvMjAxNS8xMC8yMDE1MDUyMC0xOS01NC00MC1UMTctUGxvbnNreS1Sb25kYS1Nay01RE0zOTI3Mi1FZGl0MS5qcGciOw==\" data-image-url=\"http:\/\/plonsky.com\/wp-content\/uploads\/2015\/10\/20150520-19-54-40-T17-Plonsky-Ronda-Mk-5DM39272-Edit1.jpg\" width=\"177\" height=\"119\" \/><\/a>\n\t\t<\/div><\/div><\/figure><\/div><div class=\"one_third\"><figure id=\"image_4976\" class=\"image_styled aligncenter\" style=\"width:177px\">\n\t\t<div class=\"image_frame effect-icon\"><div class=\"image_shadow_wrap\">\n\t\t<a data-fittoview=\"true\" class=\"image_size_medium image_icon_play lightbox\" title=\"\" href=\"https:\/\/plonsky.com\/wp-content\/uploads\/2015\/10\/20150520-11-35-56-T10-La-Melonera-5Diii-Ern-5D3_62731.jpg\"><img decoding=\"async\" class=\"image-frame\" style = \" height:119px;\" alt=\"\" src=\"https:\/\/plonsky.com\/wp-content\/uploads\/2015\/10\/20150520-11-35-56-T10-La-Melonera-5Diii-Ern-5D3_62731.jpg\" data-theme-retina-image=\"false\"  data-thumbnail-class=\"czoxMDM6Imh0dHA6Ly9wbG9uc2t5LmNvbS93cC1jb250ZW50L3VwbG9hZHMvMjAxNS8xMC8yMDE1MDUyMC0xMS0zNS01Ni1UMTAtTGEtTWVsb25lcmEtNURpaWktRXJuLTVEM182MjczMS5qcGciOw==\" data-image-url=\"http:\/\/plonsky.com\/wp-content\/uploads\/2015\/10\/20150520-11-35-56-T10-La-Melonera-5Diii-Ern-5D3_62731.jpg\" width=\"177\" height=\"119\" \/><\/a>\n\t\t<\/div><\/div><\/figure><\/div><div class=\"one_third last\"><figure id=\"image_4998\" class=\"image_styled aligncenter\" style=\"width:177px\">\n\t\t<div class=\"image_frame effect-icon\"><div class=\"image_shadow_wrap\">\n\t\t<a data-fittoview=\"true\" class=\"image_size_medium image_icon_play lightbox\" title=\"\" href=\"https:\/\/plonsky.com\/wp-content\/uploads\/2015\/10\/20150520-11-18-48-T13-La-Melonera-7Dii-Mk-4_OJ0101-Edit1.jpg\"><img decoding=\"async\" class=\"image-frame\" style = \" height:119px;\" alt=\"\" src=\"https:\/\/plonsky.com\/wp-content\/uploads\/2015\/10\/20150520-11-18-48-T13-La-Melonera-7Dii-Mk-4_OJ0101-Edit1.jpg\" data-theme-retina-image=\"false\"  data-thumbnail-class=\"czoxMDY6Imh0dHA6Ly9wbG9uc2t5LmNvbS93cC1jb250ZW50L3VwbG9hZHMvMjAxNS8xMC8yMDE1MDUyMC0xMS0xOC00OC1UMTMtTGEtTWVsb25lcmEtN0RpaS1Nay00X09KMDEwMS1FZGl0MS5qcGciOw==\" data-image-url=\"http:\/\/plonsky.com\/wp-content\/uploads\/2015\/10\/20150520-11-18-48-T13-La-Melonera-7Dii-Mk-4_OJ0101-Edit1.jpg\" width=\"177\" height=\"119\" \/><\/a>\n\t\t<\/div><\/div><\/figure><\/div><div class=\"clearboth\"><\/div>\n<div class=\"one_third\"><figure id=\"image_1483\" class=\"image_styled\" style=\"width:177px\">\n\t\t<div class=\"image_frame effect-icon\"><div class=\"image_shadow_wrap\">\n\t\t<a data-fittoview=\"true\" class=\"image_size_medium image_icon_play lightbox\" title=\"\" href=\"https:\/\/plonsky.com\/wp-content\/uploads\/2015\/10\/20150520-11-06-14-T11-La-Melonera-5Diii-Mk-5DM38358-Edit1.jpg\"><img decoding=\"async\" class=\"image-frame\" style = \" height:119px;\" alt=\"\" src=\"https:\/\/plonsky.com\/wp-content\/uploads\/2015\/10\/20150520-11-06-14-T11-La-Melonera-5Diii-Mk-5DM38358-Edit1.jpg\" data-theme-retina-image=\"false\"  data-thumbnail-class=\"czoxMDc6Imh0dHA6Ly9wbG9uc2t5LmNvbS93cC1jb250ZW50L3VwbG9hZHMvMjAxNS8xMC8yMDE1MDUyMC0xMS0wNi0xNC1UMTEtTGEtTWVsb25lcmEtNURpaWktTWstNURNMzgzNTgtRWRpdDEuanBnIjs=\" data-image-url=\"http:\/\/plonsky.com\/wp-content\/uploads\/2015\/10\/20150520-11-06-14-T11-La-Melonera-5Diii-Mk-5DM38358-Edit1.jpg\" width=\"177\" height=\"119\" \/><\/a>\n\t\t<\/div><\/div><\/figure><\/div><div class=\"one_third\"><figure id=\"image_6905\" class=\"image_styled aligncenter\" style=\"width:177px\">\n\t\t<div class=\"image_frame effect-icon\"><div class=\"image_shadow_wrap\">\n\t\t<a data-fittoview=\"true\" class=\"image_size_medium image_icon_play lightbox\" title=\"\" href=\"https:\/\/plonsky.com\/wp-content\/uploads\/2015\/10\/20150520-10-55-36-T13-La-Melonera-7Dii-Mk-4_OJ0092-Edit-Edit1.jpg\"><img decoding=\"async\" class=\"image-frame\" style = \" height:119px;\" alt=\"\" src=\"https:\/\/plonsky.com\/wp-content\/uploads\/2015\/10\/20150520-10-55-36-T13-La-Melonera-7Dii-Mk-4_OJ0092-Edit-Edit1.jpg\" data-theme-retina-image=\"false\"  data-thumbnail-class=\"czoxMTE6Imh0dHA6Ly9wbG9uc2t5LmNvbS93cC1jb250ZW50L3VwbG9hZHMvMjAxNS8xMC8yMDE1MDUyMC0xMC01NS0zNi1UMTMtTGEtTWVsb25lcmEtN0RpaS1Nay00X09KMDA5Mi1FZGl0LUVkaXQxLmpwZyI7\" data-image-url=\"http:\/\/plonsky.com\/wp-content\/uploads\/2015\/10\/20150520-10-55-36-T13-La-Melonera-7Dii-Mk-4_OJ0092-Edit-Edit1.jpg\" width=\"177\" height=\"119\" \/><\/a>\n\t\t<\/div><\/div><\/figure><\/div><div class=\"one_third last\"><figure id=\"image_9398\" class=\"image_styled aligncenter\" style=\"width:177px\">\n\t\t<div class=\"image_frame effect-icon\"><div class=\"image_shadow_wrap\">\n\t\t<a data-fittoview=\"true\" class=\"image_size_medium image_icon_play lightbox\" title=\"\" href=\"https:\/\/plonsky.com\/wp-content\/uploads\/2015\/10\/20150520-10-48-20-T10-La-Melonera-5Diii-Ern-5D3_60341.jpg\"><img decoding=\"async\" class=\"image-frame\" style = \" height:119px;\" alt=\"\" src=\"https:\/\/plonsky.com\/wp-content\/uploads\/2015\/10\/20150520-10-48-20-T10-La-Melonera-5Diii-Ern-5D3_60341.jpg\" data-theme-retina-image=\"false\"  data-thumbnail-class=\"czoxMDM6Imh0dHA6Ly9wbG9uc2t5LmNvbS93cC1jb250ZW50L3VwbG9hZHMvMjAxNS8xMC8yMDE1MDUyMC0xMC00OC0yMC1UMTAtTGEtTWVsb25lcmEtNURpaWktRXJuLTVEM182MDM0MS5qcGciOw==\" data-image-url=\"http:\/\/plonsky.com\/wp-content\/uploads\/2015\/10\/20150520-10-48-20-T10-La-Melonera-5Diii-Ern-5D3_60341.jpg\" width=\"177\" height=\"119\" \/><\/a>\n\t\t<\/div><\/div><\/figure><\/div><div class=\"clearboth\"><\/div>\n<div class=\"one_third\"><figure id=\"image_4201\" class=\"image_styled\" style=\"width:177px\">\n\t\t<div class=\"image_frame effect-icon\"><div class=\"image_shadow_wrap\">\n\t\t<a data-fittoview=\"true\" class=\"image_size_medium image_icon_play lightbox\" title=\"\" href=\"https:\/\/plonsky.com\/wp-content\/uploads\/2015\/10\/20150520-08-53-00-T13-La-Melonera-7Dii-Mk-4_OJ0012-Edit1.jpg\"><img decoding=\"async\" class=\"image-frame\" style = \" height:119px;\" alt=\"\" src=\"https:\/\/plonsky.com\/wp-content\/uploads\/2015\/10\/20150520-08-53-00-T13-La-Melonera-7Dii-Mk-4_OJ0012-Edit1.jpg\" data-theme-retina-image=\"false\"  data-thumbnail-class=\"czoxMDY6Imh0dHA6Ly9wbG9uc2t5LmNvbS93cC1jb250ZW50L3VwbG9hZHMvMjAxNS8xMC8yMDE1MDUyMC0wOC01My0wMC1UMTMtTGEtTWVsb25lcmEtN0RpaS1Nay00X09KMDAxMi1FZGl0MS5qcGciOw==\" data-image-url=\"http:\/\/plonsky.com\/wp-content\/uploads\/2015\/10\/20150520-08-53-00-T13-La-Melonera-7Dii-Mk-4_OJ0012-Edit1.jpg\" width=\"177\" height=\"119\" \/><\/a>\n\t\t<\/div><\/div><\/figure><\/div><div class=\"one_third\"><figure id=\"image_3924\" class=\"image_styled aligncenter\" style=\"width:177px\">\n\t\t<div class=\"image_frame effect-icon\"><div class=\"image_shadow_wrap\">\n\t\t<a data-fittoview=\"true\" class=\"image_size_medium image_icon_play lightbox\" title=\"\" href=\"https:\/\/plonsky.com\/wp-content\/uploads\/2015\/10\/20150520-08-37-30-T11-La-Melonera-5Diii-Mk-5DM38274-Edit1.jpg\"><img decoding=\"async\" class=\"image-frame\" style = \" height:119px;\" alt=\"\" src=\"https:\/\/plonsky.com\/wp-content\/uploads\/2015\/10\/20150520-08-37-30-T11-La-Melonera-5Diii-Mk-5DM38274-Edit1.jpg\" data-theme-retina-image=\"false\"  data-thumbnail-class=\"czoxMDc6Imh0dHA6Ly9wbG9uc2t5LmNvbS93cC1jb250ZW50L3VwbG9hZHMvMjAxNS8xMC8yMDE1MDUyMC0wOC0zNy0zMC1UMTEtTGEtTWVsb25lcmEtNURpaWktTWstNURNMzgyNzQtRWRpdDEuanBnIjs=\" data-image-url=\"http:\/\/plonsky.com\/wp-content\/uploads\/2015\/10\/20150520-08-37-30-T11-La-Melonera-5Diii-Mk-5DM38274-Edit1.jpg\" width=\"177\" height=\"119\" \/><\/a>\n\t\t<\/div><\/div><\/figure><\/div><div class=\"one_third last\"><figure id=\"image_8759\" class=\"image_styled aligncenter\" style=\"width:177px\">\n\t\t<div class=\"image_frame effect-icon\"><div class=\"image_shadow_wrap\">\n\t\t<a data-fittoview=\"true\" class=\"image_size_medium image_icon_play lightbox\" title=\"\" href=\"https:\/\/plonsky.com\/wp-content\/uploads\/2015\/10\/20150520-08-34-44-T11-La-Melonera-5Diii-Mk-5DM38267-Edit-2-Edit1.jpg\"><img decoding=\"async\" class=\"image-frame\" style = \" height:119px;\" alt=\"\" src=\"https:\/\/plonsky.com\/wp-content\/uploads\/2015\/10\/20150520-08-34-44-T11-La-Melonera-5Diii-Mk-5DM38267-Edit-2-Edit1.jpg\" data-theme-retina-image=\"false\"  data-thumbnail-class=\"czoxMTQ6Imh0dHA6Ly9wbG9uc2t5LmNvbS93cC1jb250ZW50L3VwbG9hZHMvMjAxNS8xMC8yMDE1MDUyMC0wOC0zNC00NC1UMTEtTGEtTWVsb25lcmEtNURpaWktTWstNURNMzgyNjctRWRpdC0yLUVkaXQxLmpwZyI7\" data-image-url=\"http:\/\/plonsky.com\/wp-content\/uploads\/2015\/10\/20150520-08-34-44-T11-La-Melonera-5Diii-Mk-5DM38267-Edit-2-Edit1.jpg\" width=\"177\" height=\"119\" \/><\/a>\n\t\t<\/div><\/div><\/figure><\/div><div class=\"clearboth\"><\/div>\n<div class=\"one_third\"><figure id=\"image_929\" class=\"image_styled\" style=\"width:177px\">\n\t\t<div class=\"image_frame effect-icon\"><div class=\"image_shadow_wrap\">\n\t\t<a data-fittoview=\"true\" class=\"image_size_medium image_icon_play lightbox\" title=\"\" href=\"https:\/\/plonsky.com\/wp-content\/uploads\/2015\/10\/20150519-20-14-42-T05-La-Melonera-5Diii-Ern-5D3_58341.jpg\"><img decoding=\"async\" class=\"image-frame\" style = \" height:119px;\" alt=\"\" src=\"https:\/\/plonsky.com\/wp-content\/uploads\/2015\/10\/20150519-20-14-42-T05-La-Melonera-5Diii-Ern-5D3_58341.jpg\" data-theme-retina-image=\"false\"  data-thumbnail-class=\"czoxMDM6Imh0dHA6Ly9wbG9uc2t5LmNvbS93cC1jb250ZW50L3VwbG9hZHMvMjAxNS8xMC8yMDE1MDUxOS0yMC0xNC00Mi1UMDUtTGEtTWVsb25lcmEtNURpaWktRXJuLTVEM181ODM0MS5qcGciOw==\" data-image-url=\"http:\/\/plonsky.com\/wp-content\/uploads\/2015\/10\/20150519-20-14-42-T05-La-Melonera-5Diii-Ern-5D3_58341.jpg\" width=\"177\" height=\"119\" \/><\/a>\n\t\t<\/div><\/div><\/figure><\/div><div class=\"one_third\"><figure id=\"image_4265\" class=\"image_styled aligncenter\" style=\"width:177px\">\n\t\t<div class=\"image_frame effect-icon\"><div class=\"image_shadow_wrap\">\n\t\t<a data-fittoview=\"true\" class=\"image_size_medium image_icon_play lightbox\" title=\"\" href=\"https:\/\/plonsky.com\/wp-content\/uploads\/2015\/10\/20150519-11-15-40-T05-La-Melonera-5Diii-Ern-5D3_56181.jpg\"><img decoding=\"async\" class=\"image-frame\" style = \" height:119px;\" alt=\"\" src=\"https:\/\/plonsky.com\/wp-content\/uploads\/2015\/10\/20150519-11-15-40-T05-La-Melonera-5Diii-Ern-5D3_56181.jpg\" data-theme-retina-image=\"false\"  data-thumbnail-class=\"czoxMDM6Imh0dHA6Ly9wbG9uc2t5LmNvbS93cC1jb250ZW50L3VwbG9hZHMvMjAxNS8xMC8yMDE1MDUxOS0xMS0xNS00MC1UMDUtTGEtTWVsb25lcmEtNURpaWktRXJuLTVEM181NjE4MS5qcGciOw==\" data-image-url=\"http:\/\/plonsky.com\/wp-content\/uploads\/2015\/10\/20150519-11-15-40-T05-La-Melonera-5Diii-Ern-5D3_56181.jpg\" width=\"177\" height=\"119\" \/><\/a>\n\t\t<\/div><\/div><\/figure><\/div><div class=\"one_third last\"><figure id=\"image_7727\" class=\"image_styled aligncenter\" style=\"width:177px\">\n\t\t<div class=\"image_frame effect-icon\"><div class=\"image_shadow_wrap\">\n\t\t<a data-fittoview=\"true\" class=\"image_size_medium image_icon_play lightbox\" title=\"\" href=\"https:\/\/plonsky.com\/wp-content\/uploads\/2015\/10\/20150519-08-19-44-T05-La-Melonera-5Diii-Ern-5D3_55221.jpg\"><img decoding=\"async\" class=\"image-frame\" style = \" height:119px;\" alt=\"\" src=\"https:\/\/plonsky.com\/wp-content\/uploads\/2015\/10\/20150519-08-19-44-T05-La-Melonera-5Diii-Ern-5D3_55221.jpg\" data-theme-retina-image=\"false\"  data-thumbnail-class=\"czoxMDM6Imh0dHA6Ly9wbG9uc2t5LmNvbS93cC1jb250ZW50L3VwbG9hZHMvMjAxNS8xMC8yMDE1MDUxOS0wOC0xOS00NC1UMDUtTGEtTWVsb25lcmEtNURpaWktRXJuLTVEM181NTIyMS5qcGciOw==\" data-image-url=\"http:\/\/plonsky.com\/wp-content\/uploads\/2015\/10\/20150519-08-19-44-T05-La-Melonera-5Diii-Ern-5D3_55221.jpg\" width=\"177\" height=\"119\" \/><\/a>\n\t\t<\/div><\/div><\/figure><\/div><div class=\"clearboth\"><\/div>\n<div class=\"one_third\"><figure id=\"image_9587\" class=\"image_styled\" style=\"width:177px\">\n\t\t<div class=\"image_frame effect-icon\"><div class=\"image_shadow_wrap\">\n\t\t<a data-fittoview=\"true\" class=\"image_size_medium image_icon_play lightbox\" title=\"\" href=\"https:\/\/plonsky.com\/wp-content\/uploads\/2015\/10\/20150518-20-39-18-T02-La-Melonera-5Diii-Mk-5DM377811.jpg\"><img decoding=\"async\" class=\"image-frame\" style = \" height:119px;\" alt=\"\" src=\"https:\/\/plonsky.com\/wp-content\/uploads\/2015\/10\/20150518-20-39-18-T02-La-Melonera-5Diii-Mk-5DM377811.jpg\" data-theme-retina-image=\"false\"  data-thumbnail-class=\"czoxMDI6Imh0dHA6Ly9wbG9uc2t5LmNvbS93cC1jb250ZW50L3VwbG9hZHMvMjAxNS8xMC8yMDE1MDUxOC0yMC0zOS0xOC1UMDItTGEtTWVsb25lcmEtNURpaWktTWstNURNMzc3ODExLmpwZyI7\" data-image-url=\"http:\/\/plonsky.com\/wp-content\/uploads\/2015\/10\/20150518-20-39-18-T02-La-Melonera-5Diii-Mk-5DM377811.jpg\" width=\"177\" height=\"119\" \/><\/a>\n\t\t<\/div><\/div><\/figure><\/div><div class=\"one_third\"><figure id=\"image_6337\" class=\"image_styled aligncenter\" style=\"width:177px\">\n\t\t<div class=\"image_frame effect-icon\"><div class=\"image_shadow_wrap\">\n\t\t<a data-fittoview=\"true\" class=\"image_size_medium image_icon_play lightbox\" title=\"\" href=\"https:\/\/plonsky.com\/wp-content\/uploads\/2015\/10\/20150518-20-11-20-T01-La-Melonera-5Diii-Ern-5D3_53731.jpg\"><img decoding=\"async\" class=\"image-frame\" style = \" height:119px;\" alt=\"\" src=\"https:\/\/plonsky.com\/wp-content\/uploads\/2015\/10\/20150518-20-11-20-T01-La-Melonera-5Diii-Ern-5D3_53731.jpg\" data-theme-retina-image=\"false\"  data-thumbnail-class=\"czoxMDM6Imh0dHA6Ly9wbG9uc2t5LmNvbS93cC1jb250ZW50L3VwbG9hZHMvMjAxNS8xMC8yMDE1MDUxOC0yMC0xMS0yMC1UMDEtTGEtTWVsb25lcmEtNURpaWktRXJuLTVEM181MzczMS5qcGciOw==\" data-image-url=\"http:\/\/plonsky.com\/wp-content\/uploads\/2015\/10\/20150518-20-11-20-T01-La-Melonera-5Diii-Ern-5D3_53731.jpg\" width=\"177\" height=\"119\" \/><\/a>\n\t\t<\/div><\/div><\/figure><\/div><div class=\"one_third last\"><figure id=\"image_7452\" class=\"image_styled aligncenter\" style=\"width:177px\">\n\t\t<div class=\"image_frame effect-icon\"><div class=\"image_shadow_wrap\">\n\t\t<a data-fittoview=\"true\" class=\"image_size_medium image_icon_play lightbox\" title=\"\" href=\"https:\/\/plonsky.com\/wp-content\/uploads\/2015\/10\/20150518-19-10-44-T01-La-Melonera-5Diii-Ern-5D3_53371.jpg\"><img decoding=\"async\" class=\"image-frame\" style = \" height:119px;\" alt=\"\" src=\"https:\/\/plonsky.com\/wp-content\/uploads\/2015\/10\/20150518-19-10-44-T01-La-Melonera-5Diii-Ern-5D3_53371.jpg\" data-theme-retina-image=\"false\"  data-thumbnail-class=\"czoxMDM6Imh0dHA6Ly9wbG9uc2t5LmNvbS93cC1jb250ZW50L3VwbG9hZHMvMjAxNS8xMC8yMDE1MDUxOC0xOS0xMC00NC1UMDEtTGEtTWVsb25lcmEtNURpaWktRXJuLTVEM181MzM3MS5qcGciOw==\" data-image-url=\"http:\/\/plonsky.com\/wp-content\/uploads\/2015\/10\/20150518-19-10-44-T01-La-Melonera-5Diii-Ern-5D3_53371.jpg\" width=\"177\" height=\"119\" \/><\/a>\n\t\t<\/div><\/div><\/figure><\/div><div class=\"clearboth\"><\/div>\n<div class=\"one_third\"><figure id=\"image_9399\" class=\"image_styled\" style=\"width:177px\">\n\t\t<div class=\"image_frame effect-icon\"><div class=\"image_shadow_wrap\">\n\t\t<a data-fittoview=\"true\" class=\"image_size_medium image_icon_play lightbox\" title=\"\" href=\"https:\/\/plonsky.com\/wp-content\/uploads\/2015\/10\/20150518-19-04-06-T01-La-Melonera-5Diii-Ern-5D3_53332.jpg\"><img decoding=\"async\" class=\"image-frame\" style = \" height:119px;\" alt=\"\" src=\"https:\/\/plonsky.com\/wp-content\/uploads\/2015\/10\/20150518-19-04-06-T01-La-Melonera-5Diii-Ern-5D3_53332.jpg\" data-theme-retina-image=\"false\"  data-thumbnail-class=\"czoxMDM6Imh0dHA6Ly9wbG9uc2t5LmNvbS93cC1jb250ZW50L3VwbG9hZHMvMjAxNS8xMC8yMDE1MDUxOC0xOS0wNC0wNi1UMDEtTGEtTWVsb25lcmEtNURpaWktRXJuLTVEM181MzMzMi5qcGciOw==\" data-image-url=\"http:\/\/plonsky.com\/wp-content\/uploads\/2015\/10\/20150518-19-04-06-T01-La-Melonera-5Diii-Ern-5D3_53332.jpg\" width=\"177\" height=\"119\" \/><\/a>\n\t\t<\/div><\/div><\/figure><\/div><div class=\"one_third\"><figure id=\"image_6660\" class=\"image_styled aligncenter\" style=\"width:177px\">\n\t\t<div class=\"image_frame effect-icon\"><div class=\"image_shadow_wrap\">\n\t\t<a data-fittoview=\"true\" class=\"image_size_medium image_icon_play lightbox\" title=\"\" href=\"https:\/\/plonsky.com\/wp-content\/uploads\/2015\/10\/20150520-08-53-00-T13-La-Melonera-7Dii-Mk-4_OJ0012-Edit.jpg\"><img decoding=\"async\" class=\"image-frame\" style = \" height:119px;\" alt=\"\" src=\"https:\/\/plonsky.com\/wp-content\/uploads\/2015\/10\/20150520-08-53-00-T13-La-Melonera-7Dii-Mk-4_OJ0012-Edit.jpg\" data-theme-retina-image=\"false\"  data-thumbnail-class=\"czoxMDU6Imh0dHA6Ly9wbG9uc2t5LmNvbS93cC1jb250ZW50L3VwbG9hZHMvMjAxNS8xMC8yMDE1MDUyMC0wOC01My0wMC1UMTMtTGEtTWVsb25lcmEtN0RpaS1Nay00X09KMDAxMi1FZGl0LmpwZyI7\" data-image-url=\"http:\/\/plonsky.com\/wp-content\/uploads\/2015\/10\/20150520-08-53-00-T13-La-Melonera-7Dii-Mk-4_OJ0012-Edit.jpg\" width=\"177\" height=\"119\" \/><\/a>\n\t\t<\/div><\/div><\/figure><\/div><div class=\"one_third last\"><figure id=\"image_4083\" class=\"image_styled aligncenter\" style=\"width:177px\">\n\t\t<div class=\"image_frame effect-icon\"><div class=\"image_shadow_wrap\">\n\t\t<a data-fittoview=\"true\" class=\"image_size_medium image_icon_play lightbox\" title=\"\" href=\"https:\/\/plonsky.com\/wp-content\/uploads\/2015\/10\/20150520-08-37-30-T11-La-Melonera-5Diii-Mk-5DM38274-Edit.jpg\"><img decoding=\"async\" class=\"image-frame\" style = \" height:119px;\" alt=\"\" src=\"https:\/\/plonsky.com\/wp-content\/uploads\/2015\/10\/20150520-08-37-30-T11-La-Melonera-5Diii-Mk-5DM38274-Edit.jpg\" data-theme-retina-image=\"false\"  data-thumbnail-class=\"czoxMDY6Imh0dHA6Ly9wbG9uc2t5LmNvbS93cC1jb250ZW50L3VwbG9hZHMvMjAxNS8xMC8yMDE1MDUyMC0wOC0zNy0zMC1UMTEtTGEtTWVsb25lcmEtNURpaWktTWstNURNMzgyNzQtRWRpdC5qcGciOw==\" data-image-url=\"http:\/\/plonsky.com\/wp-content\/uploads\/2015\/10\/20150520-08-37-30-T11-La-Melonera-5Diii-Mk-5DM38274-Edit.jpg\" width=\"177\" height=\"119\" \/><\/a>\n\t\t<\/div><\/div><\/figure><\/div><div class=\"clearboth\"><\/div>\n<div class=\"one_third\"><figure id=\"image_7843\" class=\"image_styled\" style=\"width:177px\">\n\t\t<div class=\"image_frame effect-icon\"><div class=\"image_shadow_wrap\">\n\t\t<a data-fittoview=\"true\" class=\"image_size_medium image_icon_play lightbox\" title=\"\" href=\"https:\/\/plonsky.com\/wp-content\/uploads\/2015\/10\/20150520-08-34-44-T11-La-Melonera-5Diii-Mk-5DM38267-Edit-2-Edit.jpg\"><img decoding=\"async\" class=\"image-frame\" style = \" height:119px;\" alt=\"\" src=\"https:\/\/plonsky.com\/wp-content\/uploads\/2015\/10\/20150520-08-34-44-T11-La-Melonera-5Diii-Mk-5DM38267-Edit-2-Edit.jpg\" data-theme-retina-image=\"false\"  data-thumbnail-class=\"czoxMTM6Imh0dHA6Ly9wbG9uc2t5LmNvbS93cC1jb250ZW50L3VwbG9hZHMvMjAxNS8xMC8yMDE1MDUyMC0wOC0zNC00NC1UMTEtTGEtTWVsb25lcmEtNURpaWktTWstNURNMzgyNjctRWRpdC0yLUVkaXQuanBnIjs=\" data-image-url=\"http:\/\/plonsky.com\/wp-content\/uploads\/2015\/10\/20150520-08-34-44-T11-La-Melonera-5Diii-Mk-5DM38267-Edit-2-Edit.jpg\" width=\"177\" height=\"119\" \/><\/a>\n\t\t<\/div><\/div><\/figure><\/div><div class=\"one_third\"><figure id=\"image_7502\" class=\"image_styled aligncenter\" style=\"width:177px\">\n\t\t<div class=\"image_frame effect-icon\"><div class=\"image_shadow_wrap\">\n\t\t<a data-fittoview=\"true\" class=\"image_size_medium image_icon_play lightbox\" title=\"\" href=\"https:\/\/plonsky.com\/wp-content\/uploads\/2015\/10\/20150519-20-14-42-T05-La-Melonera-5Diii-Ern-5D3_5834.jpg\"><img decoding=\"async\" class=\"image-frame\" style = \" height:119px;\" alt=\"\" src=\"https:\/\/plonsky.com\/wp-content\/uploads\/2015\/10\/20150519-20-14-42-T05-La-Melonera-5Diii-Ern-5D3_5834.jpg\" data-theme-retina-image=\"false\"  data-thumbnail-class=\"czoxMDI6Imh0dHA6Ly9wbG9uc2t5LmNvbS93cC1jb250ZW50L3VwbG9hZHMvMjAxNS8xMC8yMDE1MDUxOS0yMC0xNC00Mi1UMDUtTGEtTWVsb25lcmEtNURpaWktRXJuLTVEM181ODM0LmpwZyI7\" data-image-url=\"http:\/\/plonsky.com\/wp-content\/uploads\/2015\/10\/20150519-20-14-42-T05-La-Melonera-5Diii-Ern-5D3_5834.jpg\" width=\"177\" height=\"119\" \/><\/a>\n\t\t<\/div><\/div><\/figure><\/div><div class=\"one_third last\"><figure id=\"image_7736\" class=\"image_styled aligncenter\" style=\"width:177px\">\n\t\t<div class=\"image_frame effect-icon\"><div class=\"image_shadow_wrap\">\n\t\t<a data-fittoview=\"true\" class=\"image_size_medium image_icon_play lightbox\" title=\"\" href=\"https:\/\/plonsky.com\/wp-content\/uploads\/2015\/10\/20150519-11-15-40-T05-La-Melonera-5Diii-Ern-5D3_5618.jpg\"><img decoding=\"async\" class=\"image-frame\" style = \" height:119px;\" alt=\"\" src=\"https:\/\/plonsky.com\/wp-content\/uploads\/2015\/10\/20150519-11-15-40-T05-La-Melonera-5Diii-Ern-5D3_5618.jpg\" data-theme-retina-image=\"false\"  data-thumbnail-class=\"czoxMDI6Imh0dHA6Ly9wbG9uc2t5LmNvbS93cC1jb250ZW50L3VwbG9hZHMvMjAxNS8xMC8yMDE1MDUxOS0xMS0xNS00MC1UMDUtTGEtTWVsb25lcmEtNURpaWktRXJuLTVEM181NjE4LmpwZyI7\" data-image-url=\"http:\/\/plonsky.com\/wp-content\/uploads\/2015\/10\/20150519-11-15-40-T05-La-Melonera-5Diii-Ern-5D3_5618.jpg\" width=\"177\" height=\"119\" \/><\/a>\n\t\t<\/div><\/div><\/figure><\/div><div class=\"clearboth\"><\/div>\n<div class=\"one_third\"><figure id=\"image_448\" class=\"image_styled\" style=\"width:177px\">\n\t\t<div class=\"image_frame effect-icon\"><div class=\"image_shadow_wrap\">\n\t\t<a data-fittoview=\"true\" class=\"image_size_medium image_icon_play lightbox\" title=\"\" href=\"https:\/\/plonsky.com\/wp-content\/uploads\/2015\/10\/20150518-22-38-22-T01-La-Melonera-5Diii-Ern-5D3_5502.jpg\"><img decoding=\"async\" class=\"image-frame\" style = \" height:119px;\" alt=\"\" src=\"https:\/\/plonsky.com\/wp-content\/uploads\/2015\/10\/20150518-22-38-22-T01-La-Melonera-5Diii-Ern-5D3_5502.jpg\" data-theme-retina-image=\"false\"  data-thumbnail-class=\"czoxMDI6Imh0dHA6Ly9wbG9uc2t5LmNvbS93cC1jb250ZW50L3VwbG9hZHMvMjAxNS8xMC8yMDE1MDUxOC0yMi0zOC0yMi1UMDEtTGEtTWVsb25lcmEtNURpaWktRXJuLTVEM181NTAyLmpwZyI7\" data-image-url=\"http:\/\/plonsky.com\/wp-content\/uploads\/2015\/10\/20150518-22-38-22-T01-La-Melonera-5Diii-Ern-5D3_5502.jpg\" width=\"177\" height=\"119\" \/><\/a>\n\t\t<\/div><\/div><\/figure><\/div><div class=\"one_third\"><figure id=\"image_646\" class=\"image_styled aligncenter\" style=\"width:177px\">\n\t\t<div class=\"image_frame effect-icon\"><div class=\"image_shadow_wrap\">\n\t\t<a data-fittoview=\"true\" class=\"image_size_medium image_icon_play lightbox\" title=\"\" href=\"https:\/\/plonsky.com\/wp-content\/uploads\/2015\/10\/20150519-07-16-58-T08-La-Melonera-7Dii-Mk-4_OJ0033-Edit-Edit.jpg\"><img decoding=\"async\" class=\"image-frame\" style = \" height:119px;\" alt=\"\" src=\"https:\/\/plonsky.com\/wp-content\/uploads\/2015\/10\/20150519-07-16-58-T08-La-Melonera-7Dii-Mk-4_OJ0033-Edit-Edit.jpg\" data-theme-retina-image=\"false\"  data-thumbnail-class=\"czoxMTA6Imh0dHA6Ly9wbG9uc2t5LmNvbS93cC1jb250ZW50L3VwbG9hZHMvMjAxNS8xMC8yMDE1MDUxOS0wNy0xNi01OC1UMDgtTGEtTWVsb25lcmEtN0RpaS1Nay00X09KMDAzMy1FZGl0LUVkaXQuanBnIjs=\" data-image-url=\"http:\/\/plonsky.com\/wp-content\/uploads\/2015\/10\/20150519-07-16-58-T08-La-Melonera-7Dii-Mk-4_OJ0033-Edit-Edit.jpg\" width=\"177\" height=\"119\" \/><\/a>\n\t\t<\/div><\/div><\/figure><\/div><div class=\"one_third last\"><figure id=\"image_299\" class=\"image_styled aligncenter\" style=\"width:177px\">\n\t\t<div class=\"image_frame effect-icon\"><div class=\"image_shadow_wrap\">\n\t\t<a data-fittoview=\"true\" class=\"image_size_medium image_icon_play lightbox\" title=\"\" href=\"https:\/\/plonsky.com\/wp-content\/uploads\/2015\/10\/20150518-22-34-06-T01-La-Melonera-5Diii-Ern-5D3_5491.jpg\"><img decoding=\"async\" class=\"image-frame\" style = \" height:119px;\" alt=\"\" src=\"https:\/\/plonsky.com\/wp-content\/uploads\/2015\/10\/20150518-22-34-06-T01-La-Melonera-5Diii-Ern-5D3_5491.jpg\" data-theme-retina-image=\"false\"  data-thumbnail-class=\"czoxMDI6Imh0dHA6Ly9wbG9uc2t5LmNvbS93cC1jb250ZW50L3VwbG9hZHMvMjAxNS8xMC8yMDE1MDUxOC0yMi0zNC0wNi1UMDEtTGEtTWVsb25lcmEtNURpaWktRXJuLTVEM181NDkxLmpwZyI7\" data-image-url=\"http:\/\/plonsky.com\/wp-content\/uploads\/2015\/10\/20150518-22-34-06-T01-La-Melonera-5Diii-Ern-5D3_5491.jpg\" width=\"177\" height=\"119\" \/><\/a>\n\t\t<\/div><\/div><\/figure><\/div><div class=\"clearboth\"><\/div>\n","protected":false},"excerpt":{"rendered":"<p>LA MELONERA V\u00eddeo Promocional de esta maravillosa finca con sus bodegas y vi\u00f1edos ubicada en la Serran\u00eda de Ronda. Reportaje Fotogr\u00e1fico<\/p>\n","protected":false},"author":4,"featured_media":0,"parent":40054,"menu_order":6,"comment_status":"closed","ping_status":"closed","template":"","meta":{"footnotes":""},"class_list":["post-19962","page","type-page","status-publish","hentry"],"_links":{"self":[{"href":"https:\/\/plonsky.com\/es\/wp-json\/wp\/v2\/pages\/19962","targetHints":{"allow":["GET"]}}],"collection":[{"href":"https:\/\/plonsky.com\/es\/wp-json\/wp\/v2\/pages"}],"about":[{"href":"https:\/\/plonsky.com\/es\/wp-json\/wp\/v2\/types\/page"}],"author":[{"embeddable":true,"href":"https:\/\/plonsky.com\/es\/wp-json\/wp\/v2\/users\/4"}],"replies":[{"embeddable":true,"href":"https:\/\/plonsky.com\/es\/wp-json\/wp\/v2\/comments?post=19962"}],"version-history":[{"count":0,"href":"https:\/\/plonsky.com\/es\/wp-json\/wp\/v2\/pages\/19962\/revisions"}],"up":[{"embeddable":true,"href":"https:\/\/plonsky.com\/es\/wp-json\/wp\/v2\/pages\/40054"}],"wp:attachment":[{"href":"https:\/\/plonsky.com\/es\/wp-json\/wp\/v2\/media?parent=19962"}],"curies":[{"name":"wp","href":"https:\/\/api.w.org\/{rel}","templated":true}]}}