{"id":19939,"date":"2015-09-30T10:34:10","date_gmt":"2015-09-30T10:34:10","guid":{"rendered":"http:\/\/plonsky.com\/es\/trabajos\/skatecam\/complices-y-pignoise\/"},"modified":"2015-09-30T10:34:14","modified_gmt":"2015-09-30T10:34:14","slug":"complices-y-pignoise","status":"publish","type":"page","link":"https:\/\/plonsky.com\/es\/trabajos\/skatecam\/complices-y-pignoise\/","title":{"rendered":"C\u00f3mplices y Pignoise"},"content":{"rendered":"<h2>C\u00f3mplices y Pignoise<\/h2>\n<div class='video_frame' data-ratio='1.77' style='height:355px;width:630px'><iframe class='youtube' style='height:100%;width:100%' src='https:\/\/www.youtube.com\/embed\/FIumAUTezIQ?autohide=2&amp;controls=1&amp;disablekb=1&amp;fs=1&amp;start=0&amp;loop=0&amp;rel=0&amp;showinfo=0&amp;theme=light&amp;modestbranding=1&amp;wmode=transparent' width='100%' height='100%' frameborder='0' webkitAllowFullScreen mozallowfullscreen allowfullscreen><\/iframe><\/div>\n<div class=\"divider_line\"><\/div>\n<h4>Servicio de grabaci\u00f3n Skatecam para el videoclip de C\u00f3mplices y Pignoise&#8217;s \u201cNada Es Para Siempre\u201d.<br \/>\nCliente: Emi Music Spain.<\/h4>\n","protected":false},"excerpt":{"rendered":"<p>C\u00f3mplices y Pignoise Servicio de grabaci\u00f3n Skatecam para el videoclip de C\u00f3mplices y Pignoise&#8217;s \u201cNada Es Para Siempre\u201d. Cliente: Emi Music Spain.<\/p>\n","protected":false},"author":4,"featured_media":0,"parent":19875,"menu_order":0,"comment_status":"closed","ping_status":"closed","template":"","meta":{"footnotes":""},"class_list":["post-19939","page","type-page","status-publish","hentry"],"_links":{"self":[{"href":"https:\/\/plonsky.com\/es\/wp-json\/wp\/v2\/pages\/19939","targetHints":{"allow":["GET"]}}],"collection":[{"href":"https:\/\/plonsky.com\/es\/wp-json\/wp\/v2\/pages"}],"about":[{"href":"https:\/\/plonsky.com\/es\/wp-json\/wp\/v2\/types\/page"}],"author":[{"embeddable":true,"href":"https:\/\/plonsky.com\/es\/wp-json\/wp\/v2\/users\/4"}],"replies":[{"embeddable":true,"href":"https:\/\/plonsky.com\/es\/wp-json\/wp\/v2\/comments?post=19939"}],"version-history":[{"count":0,"href":"https:\/\/plonsky.com\/es\/wp-json\/wp\/v2\/pages\/19939\/revisions"}],"up":[{"embeddable":true,"href":"https:\/\/plonsky.com\/es\/wp-json\/wp\/v2\/pages\/19875"}],"wp:attachment":[{"href":"https:\/\/plonsky.com\/es\/wp-json\/wp\/v2\/media?parent=19939"}],"curies":[{"name":"wp","href":"https:\/\/api.w.org\/{rel}","templated":true}]}}