{"id":19902,"date":"2015-09-30T08:25:07","date_gmt":"2015-09-30T08:25:07","guid":{"rendered":"http:\/\/plonsky.com\/es\/trabajos\/turismo-y-hoteles\/"},"modified":"2023-03-06T10:38:25","modified_gmt":"2023-03-06T10:38:25","slug":"turismo-y-hoteles","status":"publish","type":"page","link":"https:\/\/plonsky.com\/es\/services\/turismo-y-hoteles\/","title":{"rendered":"Turismo y Hoteles"},"content":{"rendered":"<p><center><\/p>\n<h2><span style=\"color: #175873;\">Ciudades, Regiones &amp; Pa\u00edses<\/span><\/h2>\n<p><\/center><br \/>\n<section id=\"portfolio_340\" class=\"portfolios\"><div class=\"portfolio_wrap\"><ul class=\"portfolio_four_columns portfolio_container\"><li class=\"portfolio_item portfolio_with_image hentry\" data-id=\"25172\" data-type=\"video\" data-cat=\"the-small-es,tourism-es,turismo\"><div class=\"image_styled portfolio_image\"><div class=\"image_frame effect-zoom\" style=\"height:152px\"><div class=\"image_shadow_wrap\"><a class=\"image_icon_play lightbox\"  title=\"San Lorenzo de El Escorial\" href=\"https:\/\/player.vimeo.com\/video\/122296914\" data-fancybx-group=\"portfolio_177\" data-width=\"640\" data-height=\"355\" data-autoplay=\"true\"><img decoding=\"async\" class=\"portfolio_featured_image theme_image_type_png\" width=\"217\" height=\"150\" src=\"https:\/\/plonsky.com\/wp-content\/uploads\/strikingr\/images\/25046_San-Lorenzo-2015-217x150.png\" srcset=\"https:\/\/plonsky.com\/wp-content\/uploads\/strikingr\/images\/25046_San-Lorenzo-2015-217x150@2x.png 2x\" data-theme-retina-image=\"true\"  data-thumbnail=\"25046\" title=\"San Lorenzo de El Escorial\" alt=\"San Lorenzo de El Escorial\" data-thumbnail-class=\"aToyNTA0Njs=\" data-aspect-ratio=\"0.69124423963134\" \/><\/a><\/div><\/div><\/div><div class=\"portfolio_details\"><div class=\"portfolio_title entry-title\">San Lorenzo de El Escorial<\/div><\/div><\/li><li class=\"portfolio_item portfolio_with_image hentry\" data-id=\"25146\" data-type=\"video\" data-cat=\"tourism-es,turismo\"><div class=\"image_styled portfolio_image\"><div class=\"image_frame effect-zoom\" style=\"height:152px\"><div class=\"image_shadow_wrap\"><a class=\"image_icon_play lightbox\"  title=\"Semana Santa &#8211; San Lorenzo de El Escorial\" href=\"https:\/\/player.vimeo.com\/video\/128999338\" data-fancybx-group=\"portfolio_177\" data-width=\"640\" data-height=\"355\" data-autoplay=\"true\"><img decoding=\"async\" class=\"portfolio_featured_image theme_image_type_png\" width=\"217\" height=\"150\" src=\"https:\/\/plonsky.com\/wp-content\/uploads\/strikingr\/images\/25091_San-Lorenzo-Semana-Santa-217x150.png\" srcset=\"https:\/\/plonsky.com\/wp-content\/uploads\/strikingr\/images\/25091_San-Lorenzo-Semana-Santa-217x150@2x.png 2x\" data-theme-retina-image=\"true\"  data-thumbnail=\"25091\" title=\"Semana Santa &#8211; San Lorenzo de El Escorial\" alt=\"Semana Santa &#8211; San Lorenzo de El Escorial\" data-thumbnail-class=\"aToyNTA5MTs=\" data-aspect-ratio=\"0.69124423963134\" \/><\/a><\/div><\/div><\/div><div class=\"portfolio_details\"><div class=\"portfolio_title entry-title\">Semana Santa &#8211; San Lorenzo de El Escorial<\/div><\/div><\/li><li class=\"portfolio_item portfolio_with_image hentry\" data-id=\"25319\" data-type=\"video\" data-cat=\"tourism-es,tourism,turismo,turismo\"><div class=\"image_styled portfolio_image\"><div class=\"image_frame effect-zoom\" style=\"height:152px\"><div class=\"image_shadow_wrap\"><a class=\"image_icon_play lightbox\"  title=\"Spain &#038; Portugal (presentation video to host the World cup)\" href=\"http:\/\/www.youtube.com\/embed\/DXjwvRgUjPk\" data-fancybx-group=\"portfolio_177\" data-width=\"640\" data-height=\"355\" data-autoplay=\"true\"><img decoding=\"async\" class=\"portfolio_featured_image theme_image_type_jpg\" width=\"217\" height=\"150\" src=\"https:\/\/plonsky.com\/wp-content\/uploads\/strikingr\/images\/25406_http-_www.hospitality-films.com_wp-content_uploads_2013_04_2013-FOTOGRAMAS_g4-TOURISM-04-THUMB-200px-40Q-217x150.jpg\" srcset=\"https:\/\/plonsky.com\/wp-content\/uploads\/strikingr\/images\/25406_http-_www.hospitality-films.com_wp-content_uploads_2013_04_2013-FOTOGRAMAS_g4-TOURISM-04-THUMB-200px-40Q-217x150@2x.jpg 2x\" data-theme-retina-image=\"true\"  data-thumbnail=\"25406\" title=\"Spain &#038; Portugal (presentation video to host the World cup)\" alt=\"Spain &#038; Portugal (presentation video to host the World cup)\" data-thumbnail-class=\"aToyNTQwNjs=\" data-aspect-ratio=\"0.69124423963134\" \/><\/a><\/div><\/div><\/div><div class=\"portfolio_details\"><div class=\"portfolio_title entry-title\">Spain &#038; Portugal (presentation video to host the World cup)<\/div><\/div><\/li><li class=\"portfolio_item portfolio_with_image hentry\" data-id=\"25344\" data-type=\"video\" data-cat=\"tourism-es,turismo\"><div class=\"image_styled portfolio_image\"><div class=\"image_frame effect-zoom\" style=\"height:152px\"><div class=\"image_shadow_wrap\"><a class=\"image_icon_play lightbox\"  title=\"Paracuellos del Jarama\" href=\"http:\/\/www.youtube.com\/embed\/0V62tl9etlQ\" data-fancybx-group=\"portfolio_177\" data-width=\"640\" data-height=\"355\" data-autoplay=\"true\"><img decoding=\"async\" class=\"portfolio_featured_image theme_image_type_jpg\" width=\"217\" height=\"150\" src=\"https:\/\/plonsky.com\/wp-content\/uploads\/strikingr\/images\/25342_Paracuellos-del-Jarama-217x150.jpg\" srcset=\"https:\/\/plonsky.com\/wp-content\/uploads\/strikingr\/images\/25342_Paracuellos-del-Jarama-217x150@2x.jpg 2x\" data-theme-retina-image=\"true\"  data-thumbnail=\"25342\" title=\"Paracuellos del Jarama\" alt=\"Paracuellos del Jarama\" data-thumbnail-class=\"aToyNTM0Mjs=\" data-aspect-ratio=\"0.69124423963134\" \/><\/a><\/div><\/div><\/div><div class=\"portfolio_details\"><div class=\"portfolio_title entry-title\">Paracuellos del Jarama<\/div><\/div><\/li><\/ul><\/div><\/section>\n<center><\/p>\n<h2><span style=\"color: #175873;\">Hoteles &amp; Resorts<\/h2>\n<p><\/center><br \/>\n<section id=\"portfolio_476\" class=\"portfolios\"><div class=\"portfolio_wrap\"><ul class=\"portfolio_four_columns portfolio_container\"><li class=\"portfolio_item portfolio_with_image hentry\" data-id=\"35098\" data-type=\"video\" data-cat=\"promos,promos-es,tourism-es,tourism,turismo,turismo\"><div class=\"image_styled portfolio_image\"><div class=\"image_frame effect-zoom\" style=\"height:152px\"><div class=\"image_shadow_wrap\"><a class=\"image_icon_play lightbox\"  title=\"FAIRMONT HOTEL &#8211; ISTAMBUL\" href=\"https:\/\/vimeo.com\/456148553\" data-fancybx-group=\"portfolio_315\" data-width=\"640\" data-height=\"355\" data-autoplay=\"true\"><img decoding=\"async\" class=\"portfolio_featured_image theme_image_type_jpg\" width=\"217\" height=\"150\" src=\"https:\/\/plonsky.com\/wp-content\/uploads\/strikingr\/images\/41204_FAIRMONT-ISTANBUL-10-Arquitecture-Fotogramas_a-000044-low-217x150.jpg\" srcset=\"https:\/\/plonsky.com\/wp-content\/uploads\/strikingr\/images\/41204_FAIRMONT-ISTANBUL-10-Arquitecture-Fotogramas_a-000044-low-217x150@2x.jpg 2x\" data-theme-retina-image=\"true\"  data-thumbnail=\"41204\" title=\"FAIRMONT HOTEL &#8211; ISTAMBUL\" alt=\"FAIRMONT HOTEL &#8211; ISTAMBUL\" data-thumbnail-class=\"aTo0MTIwNDs=\" data-aspect-ratio=\"0.69124423963134\" \/><\/a><\/div><\/div><\/div><div class=\"portfolio_details\"><div class=\"portfolio_title entry-title\">FAIRMONT HOTEL &#8211; ISTAMBUL<\/div><\/div><\/li><li class=\"portfolio_item portfolio_with_image hentry\" data-id=\"25158\" data-type=\"video\" data-cat=\"tourism-es,turismo\"><div class=\"image_styled portfolio_image\"><div class=\"image_frame effect-zoom\" style=\"height:152px\"><div class=\"image_shadow_wrap\"><a class=\"image_icon_play lightbox\"  title=\"Marbella Club Promo\" href=\"http:\/\/player.vimeo.com\/video\/65893889\" data-fancybx-group=\"portfolio_315\" data-width=\"640\" data-height=\"355\" data-autoplay=\"true\"><img decoding=\"async\" class=\"portfolio_featured_image theme_image_type_png\" width=\"217\" height=\"150\" src=\"https:\/\/plonsky.com\/wp-content\/uploads\/strikingr\/images\/25069_Marbella-Club-3-217x150.png\" srcset=\"https:\/\/plonsky.com\/wp-content\/uploads\/strikingr\/images\/25069_Marbella-Club-3-217x150@2x.png 2x\" data-theme-retina-image=\"true\"  data-thumbnail=\"25069\" title=\"Marbella Club Promo\" alt=\"Marbella Club Promo\" data-thumbnail-class=\"aToyNTA2OTs=\" data-aspect-ratio=\"0.69124423963134\" \/><\/a><\/div><\/div><\/div><div class=\"portfolio_details\"><div class=\"portfolio_title entry-title\">Marbella Club Promo<\/div><\/div><\/li><li class=\"portfolio_item portfolio_with_image hentry\" data-id=\"25154\" data-type=\"video\" data-cat=\"promos-es,the-small-es,tourism-es,turismo\"><div class=\"image_styled portfolio_image\"><div class=\"image_frame effect-zoom\" style=\"height:152px\"><div class=\"image_shadow_wrap\"><a class=\"image_icon_play lightbox\"  title=\"El Lodge\" href=\"http:\/\/player.vimeo.com\/video\/65810279\" data-fancybx-group=\"portfolio_315\" data-width=\"640\" data-height=\"355\" data-autoplay=\"true\"><img decoding=\"async\" class=\"portfolio_featured_image theme_image_type_jpg\" width=\"217\" height=\"150\" src=\"https:\/\/plonsky.com\/wp-content\/uploads\/strikingr\/images\/25077_20130205-175638-MC-Lodge-075K3089_b-217x150.jpg\" srcset=\"https:\/\/plonsky.com\/wp-content\/uploads\/strikingr\/images\/25077_20130205-175638-MC-Lodge-075K3089_b-217x150@2x.jpg 2x\" data-theme-retina-image=\"true\"  data-thumbnail=\"25077\" title=\"El Lodge\" alt=\"El Lodge\" data-thumbnail-class=\"aToyNTA3Nzs=\" data-aspect-ratio=\"0.69124423963134\" \/><\/a><\/div><\/div><\/div><div class=\"portfolio_details\"><div class=\"portfolio_title entry-title\">El Lodge<\/div><\/div><\/li><li class=\"portfolio_item portfolio_with_image hentry\" data-id=\"25140\" data-type=\"video\" data-cat=\"tourism-es,turismo\"><div class=\"image_styled portfolio_image\"><div class=\"image_frame effect-zoom\" style=\"height:152px\"><div class=\"image_shadow_wrap\"><a class=\"image_icon_play lightbox\"  title=\"Marbella Club Wellness\" href=\"http:\/\/player.vimeo.com\/video\/143233583\" data-fancybx-group=\"portfolio_315\" data-width=\"640\" data-height=\"355\" data-autoplay=\"true\"><img decoding=\"async\" class=\"portfolio_featured_image theme_image_type_png\" width=\"217\" height=\"150\" src=\"https:\/\/plonsky.com\/wp-content\/uploads\/strikingr\/images\/25107_MC-Wellness-217x150.png\" srcset=\"https:\/\/plonsky.com\/wp-content\/uploads\/strikingr\/images\/25107_MC-Wellness-217x150@2x.png 2x\" data-theme-retina-image=\"true\"  data-thumbnail=\"25107\" title=\"Marbella Club Wellness\" alt=\"Marbella Club Wellness\" data-thumbnail-class=\"aToyNTEwNzs=\" data-aspect-ratio=\"0.69124423963134\" \/><\/a><\/div><\/div><\/div><div class=\"portfolio_details\"><div class=\"portfolio_title entry-title\">Marbella Club Wellness<\/div><\/div><\/li><\/ul><\/div><\/section> <br \/>\n<div class=\"divider\" style=\"border-color:#175873;border-bottom-width:5px;margin-right:auto; margin-left:auto;width:500px\"><\/div>\n<div class=\"one_third\"><h3><center>Satisfacemos a nuestros clientes de todo el mundo<\/center><\/h3>\n<p><center>Hemos producido un gran n\u00famero de v\u00eddeos tur\u00edsticos y fotograf\u00eda destinados a promocionar ciudades, regiones, pa\u00edses y hoteles de lujo y resorts.<\/center><\/div>\n<div class=\"one_third\"><h3><center>Creamos el mejor proyecto posible dentro del presupuesto de nuestro cliente<\/center><\/h3>\n<p><center>Ya sea ese presupuesto grande o peque\u00f1o, a nosotros, lo que nos mueve es el reto de intentar crear la soluci\u00f3n ideal, independientemente de las limitaciones que haya.<\/center><br \/>\n<center>Esa es nuestra pasi\u00f3n, esa es nuestra motivaci\u00f3n.<\/center><\/div>\n<div class=\"one_third last\"><h3><center>Resaltamos la esencia y la singularidad de un lugar<\/center><\/h3>\n<p><center>Cuando tenemos un proyecto tur\u00edstico en nuestras manos, nuestra misi\u00f3n es que ese pa\u00eds o regi\u00f3n resplandezca en el v\u00eddeo. Nuestro ojo art\u00edstico, nuestra sensibilidad, los suaves movimientos de c\u00e1mara y el elemento humano resultan en v\u00eddeos que incrementan el deseo de visitar un lugar y de experimentar los servicios que \u00e9ste ofrece.<\/center><\/div><div class=\"clearboth\"><\/div>\n<div class=\"divider_padding\"><\/div>\n<div class=\"divider_line\"><\/div>\n<h2><a title=\"Nuestros Servicios\" href=\"https:\/\/plonsky.com\/es\/services\/\" target=\"_blank\" rel=\"noopener noreferrer\"><span style=\"color: #737373;\">Nuestros Servicios<\/span><\/a><\/h2>\n<div class=\"four_fifth\">Plonsky Productions. <span class=\"icon_text icon_cellphone gray\">+34 600 016 380<\/span> <a class=\"icon_text icon_email gray\" href=\"http:\/\/m@plonsky.com\">info@plonsky.com<\/a><\/div> <div class=\"one_fifth last\"><\/div><div class=\"clearboth\"><\/div>\n","protected":false},"excerpt":{"rendered":"<p>Ciudades, Regiones &amp; Pa\u00edses Hoteles &amp; Resorts Nuestros Servicios<\/p>\n","protected":false},"author":4,"featured_media":0,"parent":40029,"menu_order":6,"comment_status":"closed","ping_status":"closed","template":"","meta":{"footnotes":""},"class_list":["post-19902","page","type-page","status-publish","hentry"],"_links":{"self":[{"href":"https:\/\/plonsky.com\/es\/wp-json\/wp\/v2\/pages\/19902","targetHints":{"allow":["GET"]}}],"collection":[{"href":"https:\/\/plonsky.com\/es\/wp-json\/wp\/v2\/pages"}],"about":[{"href":"https:\/\/plonsky.com\/es\/wp-json\/wp\/v2\/types\/page"}],"author":[{"embeddable":true,"href":"https:\/\/plonsky.com\/es\/wp-json\/wp\/v2\/users\/4"}],"replies":[{"embeddable":true,"href":"https:\/\/plonsky.com\/es\/wp-json\/wp\/v2\/comments?post=19902"}],"version-history":[{"count":0,"href":"https:\/\/plonsky.com\/es\/wp-json\/wp\/v2\/pages\/19902\/revisions"}],"up":[{"embeddable":true,"href":"https:\/\/plonsky.com\/es\/wp-json\/wp\/v2\/pages\/40029"}],"wp:attachment":[{"href":"https:\/\/plonsky.com\/es\/wp-json\/wp\/v2\/media?parent=19902"}],"curies":[{"name":"wp","href":"https:\/\/api.w.org\/{rel}","templated":true}]}}