{"id":19901,"date":"2015-09-30T07:50:27","date_gmt":"2015-09-30T07:50:27","guid":{"rendered":"http:\/\/plonsky.com\/es\/castilla-y-leon\/"},"modified":"2015-09-30T07:50:27","modified_gmt":"2015-09-30T07:50:27","slug":"castilla-y-leon","status":"publish","type":"page","link":"https:\/\/plonsky.com\/es\/showcases\/castilla-y-leon\/","title":{"rendered":"Castilla y Le\u00f3n"},"content":{"rendered":"<h2>Castilla y Le\u00f3n<\/h2>\n<p><iframe src=\"http:\/\/www.youtube.com\/embed\/zAlmHnai1wU\" frameborder=\"5\" width=\"630\" height=\"355\"><\/iframe><\/h3>\n<div class=\"divider_line\"><\/div>\n<h3>V\u00eddeo Institucional de la Comunidad Aut\u00f3noma de Castilla y Le\u00f3n.<\/h3>\n","protected":false},"excerpt":{"rendered":"<p>Castilla y Le\u00f3n V\u00eddeo Institucional de la Comunidad Aut\u00f3noma de Castilla y Le\u00f3n.<\/p>\n","protected":false},"author":4,"featured_media":0,"parent":40054,"menu_order":0,"comment_status":"open","ping_status":"open","template":"","meta":{"footnotes":""},"class_list":["post-19901","page","type-page","status-publish","hentry"],"_links":{"self":[{"href":"https:\/\/plonsky.com\/es\/wp-json\/wp\/v2\/pages\/19901","targetHints":{"allow":["GET"]}}],"collection":[{"href":"https:\/\/plonsky.com\/es\/wp-json\/wp\/v2\/pages"}],"about":[{"href":"https:\/\/plonsky.com\/es\/wp-json\/wp\/v2\/types\/page"}],"author":[{"embeddable":true,"href":"https:\/\/plonsky.com\/es\/wp-json\/wp\/v2\/users\/4"}],"replies":[{"embeddable":true,"href":"https:\/\/plonsky.com\/es\/wp-json\/wp\/v2\/comments?post=19901"}],"version-history":[{"count":0,"href":"https:\/\/plonsky.com\/es\/wp-json\/wp\/v2\/pages\/19901\/revisions"}],"up":[{"embeddable":true,"href":"https:\/\/plonsky.com\/es\/wp-json\/wp\/v2\/pages\/40054"}],"wp:attachment":[{"href":"https:\/\/plonsky.com\/es\/wp-json\/wp\/v2\/media?parent=19901"}],"curies":[{"name":"wp","href":"https:\/\/api.w.org\/{rel}","templated":true}]}}