{"id":19897,"date":"2015-09-30T07:35:09","date_gmt":"2015-09-30T07:35:09","guid":{"rendered":"http:\/\/plonsky.com\/es\/hotel-puente-romano\/"},"modified":"2016-04-29T11:53:23","modified_gmt":"2016-04-29T11:53:23","slug":"hotel-puente-romano","status":"publish","type":"page","link":"https:\/\/plonsky.com\/es\/showcases\/hotel-puente-romano\/","title":{"rendered":"Hotel Puente Romano"},"content":{"rendered":"<h3>Puente Romano<\/h3>\n<p><iframe src=\"http:\/\/player.vimeo.com\/video\/163392567?title=0&amp;byline=0&amp;portrait=0\" frameborder=\"5\" width=\"630\" height=\"355\"><\/iframe><br \/>\n<div class=\"divider_line\"><\/div>\n<iframe src=\"http:\/\/player.vimeo.com\/video\/65897901?title=0&amp;byline=0&amp;portrait=0\" frameborder=\"5\" width=\"630\" height=\"355\"><\/iframe><\/p>\n<div class=\"divider_line\"><\/div>\n<h4>V\u00eddeos promocionales del emblem\u00e1tico hotel Marbell\u00ed Puente Romano.<\/h4>\n","protected":false},"excerpt":{"rendered":"<p>Puente Romano V\u00eddeos promocionales del emblem\u00e1tico hotel Marbell\u00ed Puente Romano.<\/p>\n","protected":false},"author":4,"featured_media":0,"parent":40054,"menu_order":0,"comment_status":"open","ping_status":"open","template":"","meta":{"footnotes":""},"class_list":["post-19897","page","type-page","status-publish","hentry"],"_links":{"self":[{"href":"https:\/\/plonsky.com\/es\/wp-json\/wp\/v2\/pages\/19897","targetHints":{"allow":["GET"]}}],"collection":[{"href":"https:\/\/plonsky.com\/es\/wp-json\/wp\/v2\/pages"}],"about":[{"href":"https:\/\/plonsky.com\/es\/wp-json\/wp\/v2\/types\/page"}],"author":[{"embeddable":true,"href":"https:\/\/plonsky.com\/es\/wp-json\/wp\/v2\/users\/4"}],"replies":[{"embeddable":true,"href":"https:\/\/plonsky.com\/es\/wp-json\/wp\/v2\/comments?post=19897"}],"version-history":[{"count":0,"href":"https:\/\/plonsky.com\/es\/wp-json\/wp\/v2\/pages\/19897\/revisions"}],"up":[{"embeddable":true,"href":"https:\/\/plonsky.com\/es\/wp-json\/wp\/v2\/pages\/40054"}],"wp:attachment":[{"href":"https:\/\/plonsky.com\/es\/wp-json\/wp\/v2\/media?parent=19897"}],"curies":[{"name":"wp","href":"https:\/\/api.w.org\/{rel}","templated":true}]}}