{"id":19893,"date":"2015-09-30T07:24:37","date_gmt":"2015-09-30T07:24:37","guid":{"rendered":"http:\/\/plonsky.com\/es\/espana-y-portugal\/"},"modified":"2016-03-09T08:53:30","modified_gmt":"2016-03-09T08:53:30","slug":"espana-y-portugal","status":"publish","type":"page","link":"https:\/\/plonsky.com\/es\/showcases\/espana-y-portugal\/","title":{"rendered":"Espa\u00f1a y Portugal"},"content":{"rendered":"<h3>ESPA\u00d1A y PORTUGAL<\/h3>\n<p><iframe src=\"http:\/\/www.youtube.com\/embed\/DXjwvRgUjPk\" width=\"630\" height=\"355\" frameborder=\"5\"><\/iframe><\/p>\n<div class=\"divider_line\"><\/div>\n<h5>V\u00eddeo Institucional producido para la FEF y la Federaci\u00f3n Portuguesa de F\u00fatbol para promocionar la candidatura Ib\u00e9rica como pa\u00edses sede de los mundiales de f\u00fatbol.<\/h5>\n","protected":false},"excerpt":{"rendered":"<p>ESPA\u00d1A y PORTUGAL V\u00eddeo Institucional producido para la FEF y la Federaci\u00f3n Portuguesa de F\u00fatbol para promocionar la candidatura Ib\u00e9rica como pa\u00edses sede de los mundiales de f\u00fatbol.<\/p>\n","protected":false},"author":4,"featured_media":0,"parent":40054,"menu_order":0,"comment_status":"open","ping_status":"open","template":"","meta":{"footnotes":""},"class_list":["post-19893","page","type-page","status-publish","hentry"],"_links":{"self":[{"href":"https:\/\/plonsky.com\/es\/wp-json\/wp\/v2\/pages\/19893","targetHints":{"allow":["GET"]}}],"collection":[{"href":"https:\/\/plonsky.com\/es\/wp-json\/wp\/v2\/pages"}],"about":[{"href":"https:\/\/plonsky.com\/es\/wp-json\/wp\/v2\/types\/page"}],"author":[{"embeddable":true,"href":"https:\/\/plonsky.com\/es\/wp-json\/wp\/v2\/users\/4"}],"replies":[{"embeddable":true,"href":"https:\/\/plonsky.com\/es\/wp-json\/wp\/v2\/comments?post=19893"}],"version-history":[{"count":0,"href":"https:\/\/plonsky.com\/es\/wp-json\/wp\/v2\/pages\/19893\/revisions"}],"up":[{"embeddable":true,"href":"https:\/\/plonsky.com\/es\/wp-json\/wp\/v2\/pages\/40054"}],"wp:attachment":[{"href":"https:\/\/plonsky.com\/es\/wp-json\/wp\/v2\/media?parent=19893"}],"curies":[{"name":"wp","href":"https:\/\/api.w.org\/{rel}","templated":true}]}}