{"id":19892,"date":"2015-09-30T07:20:21","date_gmt":"2015-09-30T07:20:21","guid":{"rendered":"http:\/\/plonsky.com\/es\/san-lorenzo-de-el-escorial\/"},"modified":"2015-10-22T10:44:17","modified_gmt":"2015-10-22T10:44:17","slug":"san-lorenzo-de-el-escorial","status":"publish","type":"page","link":"https:\/\/plonsky.com\/es\/showcases\/san-lorenzo-de-el-escorial\/","title":{"rendered":"San Lorenzo de El Escorial"},"content":{"rendered":"<h3>SAN LORENZO DE EL ESCORIAL<\/h3>\n<h4>V\u00eddeo Tur\u00edstico para FITUR a\u00f1o 2015<\/h4>\n<p><iframe src=\"https:\/\/player.vimeo.com\/video\/122296914\" width=\"630\" height=\"355\" frameborder=\"0\" allowfullscreen=\"allowfullscreen\"><\/iframe><br \/>\nEste v\u00eddeo tur\u00edstico fue producido en 2015 para promocionar uno de los municipios m\u00e1s bellos de Espa\u00f1a, San Lorenzo De El Escorial.\u00a0 Este v\u00eddeo promocional tur\u00edstico es un ejemplo claro del amor y entrega que dedicamos a nuestros proyectos.\u00a0 Estuvimos grabando durante meses para cubrir todos los aspectos culturales y estacionales en el muncipio.<br \/>\nAgradecemos al Exmo. Ayuntamiento de San Lorenzo el haber confiado una vez m\u00e1s en nosotros para sus v\u00eddeos con fines promocionales.<br \/>\n<div class=\"divider_padding\"><\/div>\n<h4>V\u00eddeo Tur\u00edstico de la Semana Santa de San Lorenzo<\/h4>\n<p><iframe src=\"https:\/\/player.vimeo.com\/video\/128999338\" width=\"630\" height=\"355\" frameborder=\"0\" allowfullscreen=\"allowfullscreen\"><\/iframe><br \/>\nEsta es una de nuestras \u00faltimas producciones para este municipio: La Semana Santa de San Lorenzo de el Escorial. Producido por Plonsky Productions, grabado y dirigido por Mike Plonsky y editado por Pablo Bertr\u00e1n, este v\u00eddeo muestra la belleza y dramatismo de las procesiones en San Lorenzo de el Escorial, Spain.<br \/>\n<div class=\"divider_padding\"><\/div>\n<h4>V\u00eddeo Tur\u00edstico.\u00a0 A\u00f1o 2011.<\/h4>\n<p><iframe src=\"http:\/\/www.youtube.com\/embed\/2-B2FmPyqXo\" width=\"630\" height=\"355\" frameborder=\"5\"><\/iframe><\/p>\n<div class=\"divider_line\"><\/div>\n<p>&nbsp;<\/p>\n","protected":false},"excerpt":{"rendered":"<p>SAN LORENZO DE EL ESCORIAL V\u00eddeo Tur\u00edstico para FITUR a\u00f1o 2015 Este v\u00eddeo tur\u00edstico fue producido en 2015 para promocionar uno de los municipios m\u00e1s bellos de Espa\u00f1a, San Lorenzo De El Escorial.\u00a0 Este v\u00eddeo promocional tur\u00edstico es un ejemplo claro del amor y entrega que dedicamos a nuestros proyectos.\u00a0 Estuvimos grabando durante meses para &#8230;<\/p>\n","protected":false},"author":4,"featured_media":0,"parent":40054,"menu_order":0,"comment_status":"open","ping_status":"open","template":"","meta":{"footnotes":""},"class_list":["post-19892","page","type-page","status-publish","hentry"],"_links":{"self":[{"href":"https:\/\/plonsky.com\/es\/wp-json\/wp\/v2\/pages\/19892","targetHints":{"allow":["GET"]}}],"collection":[{"href":"https:\/\/plonsky.com\/es\/wp-json\/wp\/v2\/pages"}],"about":[{"href":"https:\/\/plonsky.com\/es\/wp-json\/wp\/v2\/types\/page"}],"author":[{"embeddable":true,"href":"https:\/\/plonsky.com\/es\/wp-json\/wp\/v2\/users\/4"}],"replies":[{"embeddable":true,"href":"https:\/\/plonsky.com\/es\/wp-json\/wp\/v2\/comments?post=19892"}],"version-history":[{"count":0,"href":"https:\/\/plonsky.com\/es\/wp-json\/wp\/v2\/pages\/19892\/revisions"}],"up":[{"embeddable":true,"href":"https:\/\/plonsky.com\/es\/wp-json\/wp\/v2\/pages\/40054"}],"wp:attachment":[{"href":"https:\/\/plonsky.com\/es\/wp-json\/wp\/v2\/media?parent=19892"}],"curies":[{"name":"wp","href":"https:\/\/api.w.org\/{rel}","templated":true}]}}