{"id":19883,"date":"2015-09-30T06:00:23","date_gmt":"2015-09-30T06:00:23","guid":{"rendered":"http:\/\/plonsky.com\/es\/trabajos\/foto-video\/parque-eolico\/"},"modified":"2015-09-30T06:11:25","modified_gmt":"2015-09-30T06:11:25","slug":"parque-eolico","status":"publish","type":"page","link":"https:\/\/plonsky.com\/es\/trabajos\/foto-video\/parque-eolico\/","title":{"rendered":"Parque E\u00f3lico"},"content":{"rendered":"<h2><span style=\"color: #333333;\">Parque E\u00f3lico<\/span><\/h2>\n<figure id=\"image_1589\" class=\"image_styled\" style=\"width:632px\">\n\t\t<div class=\"image_frame effect-icon\"><div class=\"image_shadow_wrap\">\n\t\t<a data-fittoview=\"true\" class=\"image_size_medium lightbox\" title=\"\" href=\"https:\/\/plonsky.com\/wp-content\/uploads\/2013\/05\/ConcursoEolicoOptions_a.jpg\"><img decoding=\"async\" class=\"image-frame\" alt=\"\" src=\"https:\/\/plonsky.com\/wp-content\/uploads\/2013\/05\/ConcursoEolicoOptions_a.jpg\" data-theme-retina-image=\"false\"  data-thumbnail-class=\"czo3MzoiaHR0cDovL3Bsb25za3kuY29tL3dwLWNvbnRlbnQvdXBsb2Fkcy8yMDEzLzA1L0NvbmN1cnNvRW9saWNvT3B0aW9uc19hLmpwZyI7\" data-image-url=\"http:\/\/plonsky.com\/wp-content\/uploads\/2013\/05\/ConcursoEolicoOptions_a.jpg\" width=\"632\" height=\"190\" \/><\/a>\n\t\t<\/div><\/div><\/figure>\n<div class=\"divider_line\"><\/div>\n<h3>Reportaje fotogr\u00e1fico para la promoci\u00f3n de un parque e\u00f3lico.<\/h3>\n","protected":false},"excerpt":{"rendered":"<p>Parque E\u00f3lico Reportaje fotogr\u00e1fico para la promoci\u00f3n de un parque e\u00f3lico.<\/p>\n","protected":false},"author":4,"featured_media":0,"parent":19876,"menu_order":5,"comment_status":"open","ping_status":"open","template":"","meta":{"footnotes":""},"class_list":["post-19883","page","type-page","status-publish","hentry"],"_links":{"self":[{"href":"https:\/\/plonsky.com\/es\/wp-json\/wp\/v2\/pages\/19883","targetHints":{"allow":["GET"]}}],"collection":[{"href":"https:\/\/plonsky.com\/es\/wp-json\/wp\/v2\/pages"}],"about":[{"href":"https:\/\/plonsky.com\/es\/wp-json\/wp\/v2\/types\/page"}],"author":[{"embeddable":true,"href":"https:\/\/plonsky.com\/es\/wp-json\/wp\/v2\/users\/4"}],"replies":[{"embeddable":true,"href":"https:\/\/plonsky.com\/es\/wp-json\/wp\/v2\/comments?post=19883"}],"version-history":[{"count":0,"href":"https:\/\/plonsky.com\/es\/wp-json\/wp\/v2\/pages\/19883\/revisions"}],"up":[{"embeddable":true,"href":"https:\/\/plonsky.com\/es\/wp-json\/wp\/v2\/pages\/19876"}],"wp:attachment":[{"href":"https:\/\/plonsky.com\/es\/wp-json\/wp\/v2\/media?parent=19883"}],"curies":[{"name":"wp","href":"https:\/\/api.w.org\/{rel}","templated":true}]}}