{"id":19876,"date":"2015-09-29T15:47:25","date_gmt":"2015-09-29T15:47:25","guid":{"rendered":"http:\/\/plonsky.com\/es\/trabajos\/foto-video\/"},"modified":"2019-12-27T18:40:33","modified_gmt":"2019-12-27T18:40:33","slug":"foto-video","status":"publish","type":"page","link":"https:\/\/plonsky.com\/es\/trabajos\/foto-video\/","title":{"rendered":"Servicios Externos"},"content":{"rendered":"<div class=\"one_half\"><CENTER><\/p>\n<h3>Servicios Externos<\/h3>\n<p><\/center><br \/>\n<div class=\"one_sixth\"><\/div><div class=\"five_sixth last\">Ofrecemos nuestros servicios para producciones externas tanto nacionales como internacionales.<\/div><div class=\"clearboth\"><\/div>\n<div class=\"one_fifth\"><\/div><div class=\"four_fifth last\"><ul class=\"list3 list_color_gray\">\n<li>Realizaci\u00f3n<\/li>\n<li>Direcci\u00f3n de fotograf\u00eda<\/li>\n<li>Drone con realizaci\u00f3n<\/li>\n<li>Grabaci\u00f3n<\/li>\n<li>Fotograf\u00eda<\/li>\n<\/ul><\/div><div class=\"clearboth\"><\/div> <div class=\"one_sixth\"><\/div><div class=\"five_sixth last\">No dudes en solicitar presupuesto, informaci\u00f3n sobre nuestro equipo t\u00e9cnico, material audiovisual y disponibilidad de fechas.&nbsp;<\/div><div class=\"clearboth\"><\/div><\/div>\n<div class=\"one_half last\"><center><\/p>\n<h3>REALIZACI\u00d3N<\/h3>\n<p><\/center><\/p>\n<p><center><iframe src=\"http:\/\/player.vimeo.com\/video\/133757958\" width=\"630\" height=\"260\" frameborder=\"5\"><\/iframe><\/center><\/p><\/div><div class=\"clearboth\"><\/div>\n<p><center><\/p>\n<h3>D.O.P<\/h3>\n<p><\/center><\/p>\n<div class=\"one_half\"><p><center><iframe src=\"http:\/\/player.vimeo.com\/video\/141173646\" width=\"630\" height=\"260\" frameborder=\"5\"><\/iframe><\/center><\/div>\n<div class=\"one_half last\"><div class=\"one_third\"><figure id=\"image_1700\" class=\"image_styled\" style=\"width:132px\">\n\t\t<div class=\"image_frame effect-icon\"><div class=\"image_shadow_wrap\">\n\t\t<a data-fittoview=\"true\" class=\"image_size_medium image_icon_zoom lightbox\" title=\"\" href=\"https:\/\/plonsky.com\/wp-content\/uploads\/2015\/10\/20150520-19-54-40-T17-Plonsky-Ronda-Mk-5DM39272-Edit1.jpg\"><img decoding=\"async\" class=\"image-frame\" style = \" height:88px;\" alt=\"\" src=\"https:\/\/plonsky.com\/wp-content\/uploads\/2015\/10\/20150520-19-54-40-T17-Plonsky-Ronda-Mk-5DM39272-Edit1.jpg\" data-theme-retina-image=\"false\"  data-thumbnail-class=\"czoxMDM6Imh0dHA6Ly9wbG9uc2t5LmNvbS93cC1jb250ZW50L3VwbG9hZHMvMjAxNS8xMC8yMDE1MDUyMC0xOS01NC00MC1UMTctUGxvbnNreS1Sb25kYS1Nay01RE0zOTI3Mi1FZGl0MS5qcGciOw==\" data-image-url=\"http:\/\/plonsky.com\/wp-content\/uploads\/2015\/10\/20150520-19-54-40-T17-Plonsky-Ronda-Mk-5DM39272-Edit1.jpg\" width=\"132\" height=\"88\" \/><\/a>\n\t\t<\/div><\/div><\/figure><\/div><div class=\"one_third\"><figure id=\"image_2562\" class=\"image_styled aligncenter\" style=\"width:132px\">\n\t\t<div class=\"image_frame effect-icon\"><div class=\"image_shadow_wrap\">\n\t\t<a data-fittoview=\"true\" class=\"image_size_medium image_icon_zoom lightbox\" title=\"\" href=\"https:\/\/plonsky.com\/wp-content\/uploads\/2015\/10\/20150520-11-35-56-T10-La-Melonera-5Diii-Ern-5D3_62731.jpg\"><img decoding=\"async\" class=\"image-frame\" style = \" height:88px;\" alt=\"\" src=\"https:\/\/plonsky.com\/wp-content\/uploads\/2015\/10\/20150520-11-35-56-T10-La-Melonera-5Diii-Ern-5D3_62731.jpg\" data-theme-retina-image=\"false\"  data-thumbnail-class=\"czoxMDM6Imh0dHA6Ly9wbG9uc2t5LmNvbS93cC1jb250ZW50L3VwbG9hZHMvMjAxNS8xMC8yMDE1MDUyMC0xMS0zNS01Ni1UMTAtTGEtTWVsb25lcmEtNURpaWktRXJuLTVEM182MjczMS5qcGciOw==\" data-image-url=\"http:\/\/plonsky.com\/wp-content\/uploads\/2015\/10\/20150520-11-35-56-T10-La-Melonera-5Diii-Ern-5D3_62731.jpg\" width=\"132\" height=\"88\" \/><\/a>\n\t\t<\/div><\/div><\/figure><\/div><div class=\"one_third last\"><figure id=\"image_8489\" class=\"image_styled aligncenter\" style=\"width:132px\">\n\t\t<div class=\"image_frame effect-icon\"><div class=\"image_shadow_wrap\">\n\t\t<a data-fittoview=\"true\" class=\"image_size_medium image_icon_zoom lightbox\" title=\"\" href=\"https:\/\/plonsky.com\/wp-content\/uploads\/2015\/10\/20150520-11-18-48-T13-La-Melonera-7Dii-Mk-4_OJ0101-Edit.jpg\"><img decoding=\"async\" class=\"image-frame\" style = \" height:88px;\" alt=\"\" src=\"https:\/\/plonsky.com\/wp-content\/uploads\/2015\/10\/20150520-11-18-48-T13-La-Melonera-7Dii-Mk-4_OJ0101-Edit.jpg\" data-theme-retina-image=\"false\"  data-thumbnail-class=\"czoxMDU6Imh0dHA6Ly9wbG9uc2t5LmNvbS93cC1jb250ZW50L3VwbG9hZHMvMjAxNS8xMC8yMDE1MDUyMC0xMS0xOC00OC1UMTMtTGEtTWVsb25lcmEtN0RpaS1Nay00X09KMDEwMS1FZGl0LmpwZyI7\" data-image-url=\"http:\/\/plonsky.com\/wp-content\/uploads\/2015\/10\/20150520-11-18-48-T13-La-Melonera-7Dii-Mk-4_OJ0101-Edit.jpg\" width=\"132\" height=\"88\" \/><\/a>\n\t\t<\/div><\/div><\/figure><\/div><div class=\"clearboth\"><\/div>\n<div class=\"one_third\"><figure id=\"image_1308\" class=\"image_styled\" style=\"width:132px\">\n\t\t<div class=\"image_frame effect-icon\"><div class=\"image_shadow_wrap\">\n\t\t<a data-fittoview=\"true\" class=\"image_size_medium image_icon_zoom lightbox\" title=\"\" href=\"https:\/\/plonsky.com\/wp-content\/uploads\/2015\/10\/20150520-10-55-36-T13-La-Melonera-7Dii-Mk-4_OJ0092-Edit-Edit1.jpg\"><img decoding=\"async\" class=\"image-frame\" style = \" height:88px;\" alt=\"\" src=\"https:\/\/plonsky.com\/wp-content\/uploads\/2015\/10\/20150520-10-55-36-T13-La-Melonera-7Dii-Mk-4_OJ0092-Edit-Edit1.jpg\" data-theme-retina-image=\"false\"  data-thumbnail-class=\"czoxMTE6Imh0dHA6Ly9wbG9uc2t5LmNvbS93cC1jb250ZW50L3VwbG9hZHMvMjAxNS8xMC8yMDE1MDUyMC0xMC01NS0zNi1UMTMtTGEtTWVsb25lcmEtN0RpaS1Nay00X09KMDA5Mi1FZGl0LUVkaXQxLmpwZyI7\" data-image-url=\"http:\/\/plonsky.com\/wp-content\/uploads\/2015\/10\/20150520-10-55-36-T13-La-Melonera-7Dii-Mk-4_OJ0092-Edit-Edit1.jpg\" width=\"132\" height=\"88\" \/><\/a>\n\t\t<\/div><\/div><\/figure><\/div><div class=\"one_third\"><figure id=\"image_542\" class=\"image_styled aligncenter\" style=\"width:132px\">\n\t\t<div class=\"image_frame effect-icon\"><div class=\"image_shadow_wrap\">\n\t\t<a data-fittoview=\"true\" class=\"image_size_medium image_icon_zoom lightbox\" title=\"\" href=\"https:\/\/plonsky.com\/wp-content\/uploads\/2015\/10\/20150519-20-14-42-T05-La-Melonera-5Diii-Ern-5D3_5834.jpg\"><img decoding=\"async\" class=\"image-frame\" style = \" height:88px;\" alt=\"\" src=\"https:\/\/plonsky.com\/wp-content\/uploads\/2015\/10\/20150519-20-14-42-T05-La-Melonera-5Diii-Ern-5D3_5834.jpg\" data-theme-retina-image=\"false\"  data-thumbnail-class=\"czoxMDI6Imh0dHA6Ly9wbG9uc2t5LmNvbS93cC1jb250ZW50L3VwbG9hZHMvMjAxNS8xMC8yMDE1MDUxOS0yMC0xNC00Mi1UMDUtTGEtTWVsb25lcmEtNURpaWktRXJuLTVEM181ODM0LmpwZyI7\" data-image-url=\"http:\/\/plonsky.com\/wp-content\/uploads\/2015\/10\/20150519-20-14-42-T05-La-Melonera-5Diii-Ern-5D3_5834.jpg\" width=\"132\" height=\"88\" \/><\/a>\n\t\t<\/div><\/div><\/figure><\/div><div class=\"one_third last\"><figure id=\"image_3103\" class=\"image_styled aligncenter\" style=\"width:132px\">\n\t\t<div class=\"image_frame effect-icon\"><div class=\"image_shadow_wrap\">\n\t\t<a data-fittoview=\"true\" class=\"image_size_medium image_icon_zoom lightbox\" title=\"\" href=\"https:\/\/plonsky.com\/wp-content\/uploads\/2015\/10\/20150520-08-37-30-T11-La-Melonera-5Diii-Mk-5DM38274-Edit1.jpg\"><img decoding=\"async\" class=\"image-frame\" style = \" height:88px;\" alt=\"\" src=\"https:\/\/plonsky.com\/wp-content\/uploads\/2015\/10\/20150520-08-37-30-T11-La-Melonera-5Diii-Mk-5DM38274-Edit1.jpg\" data-theme-retina-image=\"false\"  data-thumbnail-class=\"czoxMDc6Imh0dHA6Ly9wbG9uc2t5LmNvbS93cC1jb250ZW50L3VwbG9hZHMvMjAxNS8xMC8yMDE1MDUyMC0wOC0zNy0zMC1UMTEtTGEtTWVsb25lcmEtNURpaWktTWstNURNMzgyNzQtRWRpdDEuanBnIjs=\" data-image-url=\"http:\/\/plonsky.com\/wp-content\/uploads\/2015\/10\/20150520-08-37-30-T11-La-Melonera-5Diii-Mk-5DM38274-Edit1.jpg\" width=\"132\" height=\"88\" \/><\/a>\n\t\t<\/div><\/div><\/figure><\/div><div class=\"clearboth\"><\/div>\n<strong>Direcci\u00f3n de fotograf\u00eda por Mike Plonsky.<\/strong><\/p><\/div><div class=\"clearboth\"><\/div>\n<p>&nbsp;<br \/>\n<div class=\"divider\" style=\"border-color:#005703;margin-bottom:10px;border-bottom-width:5px;margin-right:auto; margin-left:auto;width:488px\"><\/div>\n<p><center><\/p>\n<h3>SERVICIO DE GRABACI\u00d3N<\/h3>\n<p><\/center><br \/>\n<div class=\"one_third\"><p><center><\/p>\n<h3><a href=\"https:\/\/plonsky.com\/es\/trabajos\/foto-video\/david-bisbal\/\" target=\"_blank\" rel=\"noopener noreferrer\">Bisbal<\/a><\/h3>\n<p><\/center><\/p>\n<figure id=\"image_4110\" class=\"image_styled aligncenter\" style=\"width:292px\">\n\t\t<div class=\"image_frame effect-icon\"><div class=\"image_shadow_wrap\">\n\t\t<a target=\"_blank\" class=\"image_size_medium image_icon_play\" title=\"\" href=\"http:\/\/plonsky.com\/es\/trabajos\/foto-video\/david-bisbal\/\"><img decoding=\"async\" class=\"image-frame\" style = \" height:150px;\" alt=\"\" src=\"https:\/\/plonsky.com\/wp-content\/uploads\/2013\/05\/David-Bisbal-1.png\" data-theme-retina-image=\"false\"  data-thumbnail-class=\"czo2NDoiaHR0cDovL3Bsb25za3kuY29tL3dwLWNvbnRlbnQvdXBsb2Fkcy8yMDEzLzA1L0RhdmlkLUJpc2JhbC0xLnBuZyI7\" data-image-url=\"http:\/\/plonsky.com\/wp-content\/uploads\/2013\/05\/David-Bisbal-1.png\" width=\"292\" height=\"150\" \/><\/a>\n\t\t<\/div><\/div><\/figure><\/div>\n<div class=\"one_third\"><p><center><\/p>\n<h3><a href=\"https:\/\/plonsky.com\/es\/trabajos\/foto-video\/john-shelvin\/\" target=\"_blank\" rel=\"noopener noreferrer\">John Shelvin<\/a><\/h3>\n<p><\/center><\/p>\n<figure id=\"image_2965\" class=\"image_styled aligncenter\" style=\"width:292px\">\n\t\t<div class=\"image_frame effect-icon\"><div class=\"image_shadow_wrap\">\n\t\t<a target=\"_blank\" class=\"image_size_medium image_icon_play\" title=\"\" href=\"http:\/\/plonsky.com\/es\/trabajos\/foto-video\/john-shelvin\/\"><img decoding=\"async\" class=\"image-frame\" style = \" height:150px;\" alt=\"\" src=\"https:\/\/plonsky.com\/wp-content\/uploads\/2013\/05\/ThumbnailsPaginaCamara_a-06.jpg\" data-theme-retina-image=\"false\"  data-thumbnail-class=\"czo3NzoiaHR0cDovL3Bsb25za3kuY29tL3dwLWNvbnRlbnQvdXBsb2Fkcy8yMDEzLzA1L1RodW1ibmFpbHNQYWdpbmFDYW1hcmFfYS0wNi5qcGciOw==\" data-image-url=\"http:\/\/plonsky.com\/wp-content\/uploads\/2013\/05\/ThumbnailsPaginaCamara_a-06.jpg\" width=\"292\" height=\"150\" \/><\/a>\n\t\t<\/div><\/div><\/figure><\/div>\n<div class=\"one_third last\"><center><\/p>\n<h3><a href=\"https:\/\/plonsky.com\/es\/trabajos\/foto-video\/melendi\/\" target=\"_blank\" rel=\"noopener noreferrer\">Melendi<\/a><\/h3>\n<p><\/center><\/p>\n<figure id=\"image_2666\" class=\"image_styled aligncenter\" style=\"width:292px\">\n\t\t<div class=\"image_frame effect-icon\"><div class=\"image_shadow_wrap\">\n\t\t<a target=\"_blank\" class=\"image_size_medium image_icon_play\" title=\"\" href=\"http:\/\/plonsky.com\/es\/trabajos\/foto-video\/melendi\/\"><img decoding=\"async\" class=\"image-frame\" style = \" height:150px;\" alt=\"\" src=\"https:\/\/plonsky.com\/wp-content\/uploads\/2013\/05\/20110201-131946-Melendi-IMG_6075.jpg\" data-theme-retina-image=\"false\"  data-thumbnail-class=\"czo4MjoiaHR0cDovL3Bsb25za3kuY29tL3dwLWNvbnRlbnQvdXBsb2Fkcy8yMDEzLzA1LzIwMTEwMjAxLTEzMTk0Ni1NZWxlbmRpLUlNR182MDc1LmpwZyI7\" data-image-url=\"http:\/\/plonsky.com\/wp-content\/uploads\/2013\/05\/20110201-131946-Melendi-IMG_6075.jpg\" width=\"292\" height=\"150\" \/><\/a>\n\t\t<\/div><\/div><\/figure><\/div><div class=\"clearboth\"><\/div>\n<div class=\"divider\" style=\"border-color:#005703;border-bottom-width:5px;margin-right:auto; margin-left:auto;width:500px\"><\/div>\n<center><\/p>\n<h3>DRONE + REALIZACI\u00d3N<\/h3>\n<p><\/center><br \/>\n<div class=\"one_half\"><div class=\"one_third\"><figure id=\"image_9789\" class=\"image_styled\" style=\"width:132px\">\n\t\t<div class=\"image_frame effect-icon\"><div class=\"image_shadow_wrap\">\n\t\t<a data-fittoview=\"true\" class=\"image_size_medium image_icon_zoom lightbox\" title=\"\" href=\"https:\/\/plonsky.com\/wp-content\/uploads\/2015\/11\/MG_7135-Editar-sm.jpg\"><img decoding=\"async\" class=\"image-frame\" style = \" height:88px;\" alt=\"\" src=\"https:\/\/plonsky.com\/wp-content\/uploads\/2015\/11\/MG_7135-Editar-sm.jpg\" data-theme-retina-image=\"false\"  data-thumbnail-class=\"czo2NzoiaHR0cDovL3Bsb25za3kuY29tL3dwLWNvbnRlbnQvdXBsb2Fkcy8yMDE1LzExL01HXzcxMzUtRWRpdGFyLXNtLmpwZyI7\" data-image-url=\"http:\/\/plonsky.com\/wp-content\/uploads\/2015\/11\/MG_7135-Editar-sm.jpg\" width=\"132\" height=\"88\" \/><\/a>\n\t\t<\/div><\/div><\/figure><\/div><div class=\"one_third\"><figure id=\"image_8651\" class=\"image_styled aligncenter\" style=\"width:132px\">\n\t\t<div class=\"image_frame effect-icon\"><div class=\"image_shadow_wrap\">\n\t\t<a data-fittoview=\"true\" class=\"image_size_medium image_icon_zoom lightbox\" title=\"\" href=\"https:\/\/plonsky.com\/wp-content\/uploads\/2015\/11\/Blackmagic4K.jpg\"><img decoding=\"async\" class=\"image-frame\" style = \" height:88px;\" alt=\"\" src=\"https:\/\/plonsky.com\/wp-content\/uploads\/2015\/11\/Blackmagic4K.jpg\" data-theme-retina-image=\"false\"  data-thumbnail-class=\"czo2MjoiaHR0cDovL3Bsb25za3kuY29tL3dwLWNvbnRlbnQvdXBsb2Fkcy8yMDE1LzExL0JsYWNrbWFnaWM0Sy5qcGciOw==\" data-image-url=\"http:\/\/plonsky.com\/wp-content\/uploads\/2015\/11\/Blackmagic4K.jpg\" width=\"132\" height=\"88\" \/><\/a>\n\t\t<\/div><\/div><\/figure><\/div><div class=\"one_third last\"><figure id=\"image_4694\" class=\"image_styled aligncenter\" style=\"width:132px\">\n\t\t<div class=\"image_frame effect-icon\"><div class=\"image_shadow_wrap\">\n\t\t<a data-fittoview=\"true\" class=\"image_size_medium image_icon_zoom lightbox\" title=\"\" href=\"https:\/\/plonsky.com\/wp-content\/uploads\/2015\/11\/MG_8361.jpg\"><img decoding=\"async\" class=\"image-frame\" style = \" height:88px;\" alt=\"\" src=\"https:\/\/plonsky.com\/wp-content\/uploads\/2015\/11\/MG_8361.jpg\" data-theme-retina-image=\"false\"  data-thumbnail-class=\"czo1NzoiaHR0cDovL3Bsb25za3kuY29tL3dwLWNvbnRlbnQvdXBsb2Fkcy8yMDE1LzExL01HXzgzNjEuanBnIjs=\" data-image-url=\"http:\/\/plonsky.com\/wp-content\/uploads\/2015\/11\/MG_8361.jpg\" width=\"132\" height=\"88\" \/><\/a>\n\t\t<\/div><\/div><\/figure><\/div><div class=\"clearboth\"><\/div>\n<div class=\"one_third\"><figure id=\"image_7156\" class=\"image_styled\" style=\"width:132px\">\n\t\t<div class=\"image_frame effect-icon\"><div class=\"image_shadow_wrap\">\n\t\t<a data-fittoview=\"true\" class=\"image_size_medium image_icon_zoom lightbox\" title=\"\" href=\"https:\/\/plonsky.com\/wp-content\/uploads\/2015\/11\/MG_8395-Editar-sm.jpg\"><img decoding=\"async\" class=\"image-frame\" style = \" height:88px;\" alt=\"\" src=\"https:\/\/plonsky.com\/wp-content\/uploads\/2015\/11\/MG_8395-Editar-sm.jpg\" data-theme-retina-image=\"false\"  data-thumbnail-class=\"czo2NzoiaHR0cDovL3Bsb25za3kuY29tL3dwLWNvbnRlbnQvdXBsb2Fkcy8yMDE1LzExL01HXzgzOTUtRWRpdGFyLXNtLmpwZyI7\" data-image-url=\"http:\/\/plonsky.com\/wp-content\/uploads\/2015\/11\/MG_8395-Editar-sm.jpg\" width=\"132\" height=\"88\" \/><\/a>\n\t\t<\/div><\/div><\/figure><\/div><div class=\"one_third\"><figure id=\"image_6881\" class=\"image_styled aligncenter\" style=\"width:132px\">\n\t\t<div class=\"image_frame effect-icon\"><div class=\"image_shadow_wrap\">\n\t\t<a data-fittoview=\"true\" class=\"image_size_medium image_icon_zoom lightbox\" title=\"\" href=\"https:\/\/plonsky.com\/wp-content\/uploads\/2015\/11\/MG_8388.jpg\"><img decoding=\"async\" class=\"image-frame\" style = \" height:88px;\" alt=\"\" src=\"https:\/\/plonsky.com\/wp-content\/uploads\/2015\/11\/MG_8388.jpg\" data-theme-retina-image=\"false\"  data-thumbnail-class=\"czo1NzoiaHR0cDovL3Bsb25za3kuY29tL3dwLWNvbnRlbnQvdXBsb2Fkcy8yMDE1LzExL01HXzgzODguanBnIjs=\" data-image-url=\"http:\/\/plonsky.com\/wp-content\/uploads\/2015\/11\/MG_8388.jpg\" width=\"132\" height=\"88\" \/><\/a>\n\t\t<\/div><\/div><\/figure><\/div><div class=\"one_third last\"><figure id=\"image_6134\" class=\"image_styled aligncenter\" style=\"width:132px\">\n\t\t<div class=\"image_frame effect-icon\"><div class=\"image_shadow_wrap\">\n\t\t<a data-fittoview=\"true\" class=\"image_size_medium image_icon_zoom lightbox\" title=\"\" href=\"https:\/\/plonsky.com\/wp-content\/uploads\/2015\/11\/MG_8349-Editar.jpg\"><img decoding=\"async\" class=\"image-frame\" style = \" height:88px;\" alt=\"\" src=\"https:\/\/plonsky.com\/wp-content\/uploads\/2015\/11\/MG_8349-Editar.jpg\" data-theme-retina-image=\"false\"  data-thumbnail-class=\"czo2NDoiaHR0cDovL3Bsb25za3kuY29tL3dwLWNvbnRlbnQvdXBsb2Fkcy8yMDE1LzExL01HXzgzNDktRWRpdGFyLmpwZyI7\" data-image-url=\"http:\/\/plonsky.com\/wp-content\/uploads\/2015\/11\/MG_8349-Editar.jpg\" width=\"132\" height=\"88\" \/><\/a>\n\t\t<\/div><\/div><\/figure><\/div><div class=\"clearboth\"><\/div> <strong>Pilotos certificados.<\/strong> <strong>Equipos<\/strong> adaptados a diferentes presupuestos: Octocopter XL y Phantom 2.&nbsp; <strong>C\u00e1maras:<\/strong> GoPro Hero, Canon 5D Mark III, Black Magic Cinema 4K. <strong>Estabilizadores:<\/strong> DroneRig y Ronin DJL.<\/div>\n<div class=\"one_half last\"><center><iframe src=\"http:\/\/player.vimeo.com\/video\/122296914\" width=\"630\" height=\"260\" frameborder=\"5\"><\/iframe><\/center><\/div><div class=\"clearboth\"><\/div>\n<div class=\"divider\" style=\"border-color:#005703;border-bottom-width:5px;margin-right:auto; margin-left:auto;width:500px\"><\/div>\n<center><\/p>\n<h3>FOTOGRAF\u00cdA<\/h3>\n<p><\/center><br \/>\n<div class=\"one_fourth\"><center><\/p>\n<h3><a href=\"https:\/\/plonsky.com\/es\/showcases\/la-melonera\/\" target=\"_blank\" rel=\"noopener noreferrer\">La Melonera<\/a><\/h3>\n<p><\/center><br \/>\n<figure id=\"image_2140\" class=\"image_styled aligncenter\" style=\"width:177px\">\n\t\t<div class=\"image_frame effect-icon\"><div class=\"image_shadow_wrap\">\n\t\t<a target=\"_blank\" class=\"image_size_medium image_icon_zoom\" title=\"\" href=\"http:\/\/plonsky.com\/es\/trabajos\/turismo-y-hoteles\/la-melonera\/\"><img decoding=\"async\" class=\"image-frame\" style = \" height:119px;\" alt=\"\" src=\"https:\/\/plonsky.com\/wp-content\/uploads\/2015\/10\/20150520-19-54-40-T17-Plonsky-Ronda-Mk-5DM39272-Edit1.jpg\" data-theme-retina-image=\"false\"  data-thumbnail-class=\"czoxMDM6Imh0dHA6Ly9wbG9uc2t5LmNvbS93cC1jb250ZW50L3VwbG9hZHMvMjAxNS8xMC8yMDE1MDUyMC0xOS01NC00MC1UMTctUGxvbnNreS1Sb25kYS1Nay01RE0zOTI3Mi1FZGl0MS5qcGciOw==\" data-image-url=\"http:\/\/plonsky.com\/wp-content\/uploads\/2015\/10\/20150520-19-54-40-T17-Plonsky-Ronda-Mk-5DM39272-Edit1.jpg\" width=\"177\" height=\"119\" \/><\/a>\n\t\t<\/div><\/div><\/figure><\/div>\n<div class=\"one_fourth\"><center><\/p>\n<h3><a href=\"https:\/\/plonsky.com\/es\/trabajos\/foto-video\/circo-price\/\" target=\"_blank\" rel=\"noopener noreferrer\">Circo Price<\/a><\/h3>\n<p><\/center><br \/>\n<figure id=\"image_508\" class=\"image_styled aligncenter\" style=\"width:177px\">\n\t\t<div class=\"image_frame effect-icon\"><div class=\"image_shadow_wrap\">\n\t\t<a target=\"_blank\" class=\"image_size_medium image_icon_play\" title=\"\" href=\"http:\/\/plonsky.com\/es\/trabajos\/foto-video\/circo-price\/\"><img decoding=\"async\" class=\"image-frame\" style = \" height:119px;\" alt=\"\" src=\"https:\/\/plonsky.com\/wp-content\/uploads\/2013\/05\/20130105-134930-Circo-Price-5D-LU7A5194-e1369313331292.jpg\" data-theme-retina-image=\"false\"  data-thumbnail-class=\"czoxMDQ6Imh0dHA6Ly9wbG9uc2t5LmNvbS93cC1jb250ZW50L3VwbG9hZHMvMjAxMy8wNS8yMDEzMDEwNS0xMzQ5MzAtQ2lyY28tUHJpY2UtNUQtTFU3QTUxOTQtZTEzNjkzMTMzMzEyOTIuanBnIjs=\" data-image-url=\"http:\/\/plonsky.com\/wp-content\/uploads\/2013\/05\/20130105-134930-Circo-Price-5D-LU7A5194-e1369313331292.jpg\" width=\"177\" height=\"119\" \/><\/a>\n\t\t<\/div><\/div><\/figure><\/div>\n<div class=\"one_fourth\"><p><center><\/p>\n<h3><a href=\"https:\/\/plonsky.com\/es\/trabajos\/foto-video\/parque-eolico\/\" target=\"_blank\" rel=\"noopener noreferrer\">Parque E\u00f3lico<\/a><\/h3>\n<p><\/center><br \/>\n<figure id=\"image_540\" class=\"image_styled aligncenter\" style=\"width:177px\">\n\t\t<div class=\"image_frame effect-icon\"><div class=\"image_shadow_wrap\">\n\t\t<a target=\"_blank\" class=\"image_size_medium image_icon_play\" title=\"\" href=\"http:\/\/plonsky.com\/es\/trabajos\/foto-video\/parque-eolico\/\"><img decoding=\"async\" class=\"image-frame\" style = \" height:119px;\" alt=\"\" src=\"https:\/\/plonsky.com\/wp-content\/uploads\/2013\/05\/r29-20100623-24-Plonsky-IMG_7460.jpg\" data-theme-retina-image=\"false\"  data-thumbnail-class=\"czo4MjoiaHR0cDovL3Bsb25za3kuY29tL3dwLWNvbnRlbnQvdXBsb2Fkcy8yMDEzLzA1L3IyOS0yMDEwMDYyMy0yNC1QbG9uc2t5LUlNR183NDYwLmpwZyI7\" data-image-url=\"http:\/\/plonsky.com\/wp-content\/uploads\/2013\/05\/r29-20100623-24-Plonsky-IMG_7460.jpg\" width=\"177\" height=\"119\" \/><\/a>\n\t\t<\/div><\/div><\/figure><\/div>\n<div class=\"one_fourth last\"><center><\/p>\n<h3><a href=\"https:\/\/plonsky.com\/es\/showcases\/el-lodge\/\" target=\"_blank\" rel=\"noopener noreferrer\">El Lodge<\/a><\/h3>\n<p><\/center><br \/>\n<br>The requested external image ( <strong>http:\/\/www.hospitality-films.com\/wp-content\/uploads\/2013\/04\/20130206-093108-MC-Lodge-075K3734.jpg<\/strong> ) is either no image or not allowed. You can turn on the use of external images in the Theme Advanced Settings. SVG images are never supported from a external domain.<br><\/div><div class=\"clearboth\"><\/div>\n<div class=\"divider\" style=\"border-color:#005703;border-bottom-width:5px;margin-right:auto; margin-left:auto;width:500px\"><\/div>\n<div class=\"divider_line\"><\/div>\n<h2><a title=\"See More Films\" href=\"https:\/\/plonsky.com\/es\/\" target=\"_blank\" rel=\"noopener noreferrer\"><span style=\"color: #737373;\">See More Films<\/span><\/a><\/h2>\n<div class=\"four_fifth\">Plonsky Productions. <span class=\"icon_text icon_phone gray\">+34 91 849 25 25<\/span> <span class=\"icon_text icon_cellphone gray\">+34 600 016 380<\/span> <a class=\"icon_text icon_email gray\" href=\"http:\/\/m@plonsky.com\">m@plonsky.com<\/a><\/div> <div class=\"one_fifth last\"><\/div><div class=\"clearboth\"><\/div>\n","protected":false},"excerpt":{"rendered":"<p>D.O.P &nbsp; SERVICIO DE GRABACI\u00d3N DRONE + REALIZACI\u00d3N FOTOGRAF\u00cdA See More Films<\/p>\n","protected":false},"author":4,"featured_media":0,"parent":12663,"menu_order":9,"comment_status":"open","ping_status":"open","template":"","meta":{"footnotes":""},"class_list":["post-19876","page","type-page","status-publish","hentry"],"_links":{"self":[{"href":"https:\/\/plonsky.com\/es\/wp-json\/wp\/v2\/pages\/19876","targetHints":{"allow":["GET"]}}],"collection":[{"href":"https:\/\/plonsky.com\/es\/wp-json\/wp\/v2\/pages"}],"about":[{"href":"https:\/\/plonsky.com\/es\/wp-json\/wp\/v2\/types\/page"}],"author":[{"embeddable":true,"href":"https:\/\/plonsky.com\/es\/wp-json\/wp\/v2\/users\/4"}],"replies":[{"embeddable":true,"href":"https:\/\/plonsky.com\/es\/wp-json\/wp\/v2\/comments?post=19876"}],"version-history":[{"count":0,"href":"https:\/\/plonsky.com\/es\/wp-json\/wp\/v2\/pages\/19876\/revisions"}],"up":[{"embeddable":true,"href":"https:\/\/plonsky.com\/es\/wp-json\/wp\/v2\/pages\/12663"}],"wp:attachment":[{"href":"https:\/\/plonsky.com\/es\/wp-json\/wp\/v2\/media?parent=19876"}],"curies":[{"name":"wp","href":"https:\/\/api.w.org\/{rel}","templated":true}]}}