{"id":19866,"date":"2015-09-29T11:31:36","date_gmt":"2015-09-29T11:31:36","guid":{"rendered":"http:\/\/plonsky.com\/es\/trabajos\/lipdubs\/"},"modified":"2023-03-06T10:43:29","modified_gmt":"2023-03-06T10:43:29","slug":"lipdubs","status":"publish","type":"page","link":"https:\/\/plonsky.com\/es\/services\/lipdubs\/","title":{"rendered":"Team Building"},"content":{"rendered":"<p><center><\/p>\n<h3>LIPDUB DE IKEA<\/h3>\n<p><\/center><\/p>\n<p><center><iframe src=\"http:\/\/player.vimeo.com\/video\/66753797?title=0&amp;byline=0&amp;portrait=0\" width=\"600\" height=\"338\" frameborder=\"0\" fullscreen\" allowfullscreen><\/iframe><\/center><br \/>\n<div class=\"divider\" style=\"border-color:#006a78;border-bottom-width:5px;margin-right:auto; margin-left:auto;width:500px\"><\/div>\n<p><center><\/p>\n<h3>Otros lipdubs producidos por nosotros<\/h3>\n<p><\/center><br \/>\n<section id=\"portfolio_20\" class=\"portfolios\"><div class=\"portfolio_wrap\"><ul class=\"portfolio_three_columns portfolio_container\"><li class=\"portfolio_item portfolio_with_image hentry\" data-id=\"25178\" data-type=\"video\" data-cat=\"demolipdubs-es,lipdub-es\"><div class=\"image_styled portfolio_image\"><div class=\"image_frame effect-zoom\" style=\"height:182px\"><div class=\"image_shadow_wrap\"><a class=\"image_icon_play lightbox\"  title=\"METRO Croatia Lipdub\" href=\"http:\/\/player.vimeo.com\/video\/116843272\" data-fancybx-group=\"portfolio_341\" data-width=\"640\" data-height=\"355\" data-autoplay=\"true\"><img decoding=\"async\" class=\"portfolio_featured_image theme_image_type_jpg\" width=\"292\" height=\"180\" src=\"https:\/\/plonsky.com\/wp-content\/uploads\/strikingr\/images\/19475_METRO-CROATIA-1-292x180.jpg\" srcset=\"https:\/\/plonsky.com\/wp-content\/uploads\/strikingr\/images\/19475_METRO-CROATIA-1-292x180@2x.jpg 2x\" data-theme-retina-image=\"true\"  data-thumbnail=\"19475\" title=\"METRO Croatia Lipdub\" alt=\"METRO Croatia Lipdub\" data-thumbnail-class=\"aToxOTQ3NTs=\" data-aspect-ratio=\"0.61643835616438\" \/><\/a><\/div><\/div><\/div><div class=\"portfolio_details\"><div class=\"portfolio_title entry-title\">METRO Croatia Lipdub<\/div><\/div><\/li><li class=\"portfolio_item portfolio_with_image hentry\" data-id=\"25150\" data-type=\"video\" data-cat=\"demolipdubs-es,lipdub-es\"><div class=\"image_styled portfolio_image\"><div class=\"image_frame effect-zoom\" style=\"height:182px\"><div class=\"image_shadow_wrap\"><a class=\"image_icon_play lightbox\"  title=\"MAKRO Lipdub\" href=\"http:\/\/player.vimeo.com\/video\/65890267?title=0&byline=0&portrait=0\" data-fancybx-group=\"portfolio_341\" data-width=\"640\" data-height=\"355\" data-autoplay=\"true\"><img decoding=\"async\" class=\"portfolio_featured_image theme_image_type_jpg\" width=\"292\" height=\"180\" src=\"https:\/\/plonsky.com\/wp-content\/uploads\/strikingr\/images\/12966_Makro_Lipdub_Sel-100-292x180.jpg\" srcset=\"https:\/\/plonsky.com\/wp-content\/uploads\/strikingr\/images\/12966_Makro_Lipdub_Sel-100-292x180@2x.jpg 2x\" data-theme-retina-image=\"true\"  data-thumbnail=\"12966\" title=\"MAKRO Lipdub\" alt=\"MAKRO Lipdub\" data-thumbnail-class=\"aToxMjk2Njs=\" data-aspect-ratio=\"0.61643835616438\" \/><\/a><\/div><\/div><\/div><div class=\"portfolio_details\"><div class=\"portfolio_title entry-title\">MAKRO Lipdub<\/div><\/div><\/li><li class=\"portfolio_item portfolio_with_image hentry\" data-id=\"25135\" data-type=\"video\" data-cat=\"demolipdubs-es,lipdub-es\"><div class=\"image_styled portfolio_image\"><div class=\"image_frame effect-zoom\" style=\"height:182px\"><div class=\"image_shadow_wrap\"><a class=\"image_icon_play lightbox\"  title=\"SIAG Lipdub\" href=\"http:\/\/player.vimeo.com\/video\/67206626\" data-fancybx-group=\"portfolio_341\" data-width=\"640\" data-height=\"355\" data-autoplay=\"true\"><img decoding=\"async\" class=\"portfolio_featured_image theme_image_type_png\" width=\"292\" height=\"180\" src=\"https:\/\/plonsky.com\/wp-content\/uploads\/strikingr\/images\/13087_SIAG-4-292x180.png\" srcset=\"https:\/\/plonsky.com\/wp-content\/uploads\/strikingr\/images\/13087_SIAG-4-292x180@2x.png 2x\" data-theme-retina-image=\"true\"  data-thumbnail=\"13087\" title=\"SIAG Lipdub\" alt=\"SIAG Lipdub\" data-thumbnail-class=\"aToxMzA4Nzs=\" data-aspect-ratio=\"0.61643835616438\" \/><\/a><\/div><\/div><\/div><div class=\"portfolio_details\"><div class=\"portfolio_title entry-title\">SIAG Lipdub<\/div><\/div><\/li><li class=\"portfolio_item portfolio_with_image hentry\" data-id=\"25322\" data-type=\"video\" data-cat=\"lipdub-es\"><div class=\"image_styled portfolio_image\"><div class=\"image_frame effect-zoom\" style=\"height:182px\"><div class=\"image_shadow_wrap\"><a class=\"image_icon_play lightbox\"  title=\"CEADAC Lipdub\" href=\"http:\/\/player.vimeo.com\/video\/66888607\" data-fancybx-group=\"portfolio_341\" data-width=\"640\" data-height=\"355\" data-autoplay=\"true\"><img decoding=\"async\" class=\"portfolio_featured_image theme_image_type_png\" width=\"292\" height=\"180\" src=\"https:\/\/plonsky.com\/wp-content\/uploads\/strikingr\/images\/13023_CEADAC-7-292x180.png\" srcset=\"https:\/\/plonsky.com\/wp-content\/uploads\/strikingr\/images\/13023_CEADAC-7-292x180@2x.png 2x\" data-theme-retina-image=\"true\"  data-thumbnail=\"13023\" title=\"CEADAC Lipdub\" alt=\"CEADAC Lipdub\" data-thumbnail-class=\"aToxMzAyMzs=\" data-aspect-ratio=\"0.61643835616438\" \/><\/a><\/div><\/div><\/div><div class=\"portfolio_details\"><div class=\"portfolio_title entry-title\">CEADAC Lipdub<\/div><\/div><\/li><li class=\"portfolio_item portfolio_with_image hentry\" data-id=\"25160\" data-type=\"video\" data-cat=\"demolipdubs-es,lipdub-es\"><div class=\"image_styled portfolio_image\"><div class=\"image_frame effect-zoom\" style=\"height:182px\"><div class=\"image_shadow_wrap\"><a class=\"image_icon_play lightbox\"  title=\"ROCA Lipdub\" href=\"http:\/\/player.vimeo.com\/video\/67216021\" data-fancybx-group=\"portfolio_341\" data-width=\"640\" data-height=\"355\" data-autoplay=\"true\"><img decoding=\"async\" class=\"portfolio_featured_image theme_image_type_jpg\" width=\"292\" height=\"180\" src=\"https:\/\/plonsky.com\/wp-content\/uploads\/strikingr\/images\/12968_lipdup_roca_0757-e1369312433633-292x180.jpg\" srcset=\"https:\/\/plonsky.com\/wp-content\/uploads\/strikingr\/images\/12968_lipdup_roca_0757-e1369312433633-292x180@2x.jpg 2x\" data-theme-retina-image=\"true\"  data-thumbnail=\"12968\" title=\"ROCA Lipdub\" alt=\"ROCA Lipdub\" data-thumbnail-class=\"aToxMjk2ODs=\" data-aspect-ratio=\"0.61643835616438\" \/><\/a><\/div><\/div><\/div><div class=\"portfolio_details\"><div class=\"portfolio_title entry-title\">ROCA Lipdub<\/div><\/div><\/li><\/ul><\/div><\/section> <\/p>\n<div class=\"divider\" style=\"border-color:#006a78;border-bottom-width:5px;margin-right:auto; margin-left:auto;width:500px\"><\/div>\n<center><\/p>\n<h2>C\u00f3mo lo hacemos:<\/h2>\n<p><\/center><\/p>\n<p><center><\/p>\n<h3>No te pierdas c\u00f3mo se divierten los participantes con nuestros lipdubs<\/h3>\n<p><\/center><br \/>\n<center><iframe src=\"\/\/player.vimeo.com\/video\/85809797\" width=\"500\" height=\"282\" frameborder=\"0\" allowfullscreen=\"allowfullscreen\"><\/iframe><\/center>&nbsp;<br \/>\n<center><\/p>\n<h3>Hemos producido m\u00e1s lipdubs de los que mostramos en esta p\u00e1gina.<br \/>\nSi quieres ver m\u00e1s ejemplos, \u00a1no dudes en llamarnos!<\/h3>\n<p><\/center><br \/>\n&nbsp;<br \/>\n<div class=\"divider\" style=\"border-color:#006a78;border-bottom-width:5px;margin-right:auto; margin-left:auto;width:500px\"><\/div>\n<div class=\"one_third\"><h3><span style=\"color: #006a78;\">Somos divertidos<br \/>\n<\/span><\/h3>\n<figure id=\"image_8000\" class=\"image_styled alignleft\" style=\"width:262px\">\n\t\t<div class=\"image_frame effect-icon\"><div class=\"image_shadow_wrap\">\n\t\t<a target=\"_blank\" data-fittoview=\"true\" class=\"image_size_medium image_icon_zoom lightbox\" title=\"\" href=\"https:\/\/plonsky.com\/wp-content\/uploads\/2013\/05\/Makro_Lipdub_Sel-2301.jpg\"><img decoding=\"async\" class=\"image-frame\" alt=\"\" src=\"https:\/\/plonsky.com\/wp-content\/uploads\/2013\/05\/Makro_Lipdub_Sel-2301.jpg\" data-theme-retina-image=\"false\"  data-thumbnail-class=\"czo3MToiaHR0cDovL3Bsb25za3kuY29tL3dwLWNvbnRlbnQvdXBsb2Fkcy8yMDEzLzA1L01ha3JvX0xpcGR1Yl9TZWwtMjMwMS5qcGciOw==\" data-image-url=\"http:\/\/plonsky.com\/wp-content\/uploads\/2013\/05\/Makro_Lipdub_Sel-2301.jpg\" width=\"262\" height=\"190\" \/><\/a>\n\t\t<\/div><\/div><\/figure>Nuestro equipo experto en lipdubs siempre se asegura que todos los participantes se lo pasan como en su vida. <figure id=\"image_2337\" class=\"image_styled alignleft\" style=\"width:294px\">\n\t\t<div class=\"image_frame effect-icon\"><div class=\"image_shadow_wrap\">\n\t\t<a target=\"_blank\" data-fittoview=\"true\" class=\"image_size_medium image_icon_zoom lightbox\" title=\"\" href=\"https:\/\/plonsky.com\/wp-content\/uploads\/2013\/05\/326.jpg\"><img decoding=\"async\" class=\"image-frame\" style = \" height:190px;\" alt=\"\" src=\"https:\/\/plonsky.com\/wp-content\/uploads\/2013\/05\/326.jpg\" data-theme-retina-image=\"false\"  data-thumbnail-class=\"czo1MzoiaHR0cDovL3Bsb25za3kuY29tL3dwLWNvbnRlbnQvdXBsb2Fkcy8yMDEzLzA1LzMyNi5qcGciOw==\" data-image-url=\"http:\/\/plonsky.com\/wp-content\/uploads\/2013\/05\/326.jpg\" width=\"294\" height=\"190\" \/><\/a>\n\t\t<\/div><\/div><\/figure><\/div> <div class=\"one_third\"><h3><span style=\"color: #006a78;\">Diferentes metodolog\u00edas para diferentes presupuestos<br \/>\n<\/span><\/h3>\n<p>Ofrecemos varias posibilidades a la hora de crear el mejor lipdub para un cliente.\u00a0 Si necesitas un lipdub para un evento, o para promocionar tu compa\u00f1\u00eda\/producto\/departamento, o como actividad de \u00abteam-building\u00bb, nosotros nos podemos adaptar a tus necesidades. P\u00eddenos ejemplos de cada caso. <figure id=\"image_7475\" class=\"image_styled aligncenter\" style=\"width:292px\">\n\t\t<div class=\"image_frame effect-icon\"><div class=\"image_shadow_wrap\">\n\t\t<a target=\"_blank\" data-fittoview=\"true\" class=\"image_size_medium lightbox\" title=\"\" href=\"https:\/\/plonsky.com\/wp-content\/uploads\/2013\/05\/CEADAC-7.png\"><img decoding=\"async\" class=\"image-frame\" alt=\"\" src=\"https:\/\/plonsky.com\/wp-content\/uploads\/2013\/05\/CEADAC-7.png\" data-theme-retina-image=\"false\"  data-thumbnail-class=\"czo1ODoiaHR0cDovL3Bsb25za3kuY29tL3dwLWNvbnRlbnQvdXBsb2Fkcy8yMDEzLzA1L0NFQURBQy03LnBuZyI7\" data-image-url=\"http:\/\/plonsky.com\/wp-content\/uploads\/2013\/05\/CEADAC-7.png\" width=\"292\" height=\"190\" \/><\/a>\n\t\t<\/div><\/div><\/figure><\/div> <div class=\"one_third last\"><h3><span style=\"color: #006a78;\">Somos Lipdub Espa\u00f1a<\/span><\/h3>\n<p>Lipdub Espa\u00f1a viene de la asociaci\u00f3n de Plonsky Productions con los pioneros en producci\u00f3n de lipdubs en toda Europa, Vivanor Group. Algunos de los lipdubs m\u00e1s complejos producidos en toda Europa vienen de Lipdub Espa\u00f1a. <figure id=\"image_54\" class=\"image_styled alignletf\" style=\"width:202px\">\n\t\t<div class=\"image_frame effect-icon\"><div class=\"image_shadow_wrap\">\n\t\t<a target=\"_blank\" data-fittoview=\"true\" class=\"image_size_medium lightbox\" title=\"\" href=\"https:\/\/plonsky.com\/wp-content\/uploads\/2013\/05\/439.jpg\"><img decoding=\"async\" class=\"image-frame\" style = \" height:190px;\" alt=\"\" src=\"https:\/\/plonsky.com\/wp-content\/uploads\/2013\/05\/439.jpg\" data-theme-retina-image=\"false\"  data-thumbnail-class=\"czo1MzoiaHR0cDovL3Bsb25za3kuY29tL3dwLWNvbnRlbnQvdXBsb2Fkcy8yMDEzLzA1LzQzOS5qcGciOw==\" data-image-url=\"http:\/\/plonsky.com\/wp-content\/uploads\/2013\/05\/439.jpg\" width=\"202\" height=\"190\" \/><\/a>\n\t\t<\/div><\/div><\/figure><\/div><div class=\"clearboth\"><\/div>\n<div class=\"divider_line\"><\/div>\n<p>&nbsp;<br \/>\n<center><\/p>\n<h2><span style=\"color: #006a78;\">Lo que nuestros clientes dicen sobre nuestros lipdubs&#8230;<\/span><\/h2>\n<p><\/center><br \/>\n<div class=\"one_third\"><blockquote class=\"alignleft\">\u201c\u2026 gracias por el fant\u00e1stico lipdub que hab\u00e9is producido. A parte del gran resultado, \u00a1todo el mundo se lo pas\u00f3 genial! Estoy muy satisfecha porque puedo decir \u00abmisi\u00f3n cumplida\u00bb.\u00a0 Hemos podido contribuir a unificar los equipos dentro de la Unidad Internacional de Terapias Vasculares.\u00a0 \u00a1Muchas gracias!\u201d EV3.<\/blockquote><\/div><div class=\"one_third\"><blockquote class=\"alignleft\">\u201cMike, m\u00e1s all\u00e1 de los aspectos t\u00e9cnicos del lipdup, hab\u00e9is conseguido algo muy dif\u00edcil como fue sacar la parte m\u00e1s alegre de las personas, que se desinhibieran, que disfrutaran\u2026\u2026\u2026no hay m\u00e1s que ver sus caras en el v\u00eddeo, su forma de moverse\u2026\u2026..<br \/>\nSe lo han pasado \/ nos lo hemos pasado de cine \u2013nunca mejor dicho-, y conseguir eso de las personas s\u00f3lo lo hacen los grandes\u2026.\u201d BBVA.<br \/>\n<\/blockquote><\/div><div class=\"one_third last\"><blockquote class=\"\">\u201cEnhorabuena de nuevo porque \u00a1\u00a1\u00a1ha quedado espectacular!!! Nuestro director general lo ha mostrado al board del Grupo Metro y todos han quedado impresionados y con ganas de hacerlo.\u201d MAKRO <\/blockquote><\/div><div class=\"clearboth\"><\/div>\n<div class=\"divider_line\"><\/div>\n<h2><a title=\"Nuestros Servicios\" href=\"https:\/\/plonsky.com\/es\/services\/\" target=\"_blank\" rel=\"noopener noreferrer\"><span style=\"color: #737373;\">Nuestros Servicios<\/span><\/a><\/h2>\n<div class=\"four_fifth\">Plonsky Productions. <span class=\"icon_text icon_cellphone gray\">+34 600 016 380<\/span> <a class=\"icon_text icon_email gray\" href=\"http:\/\/m@plonsky.com\">m@plonsky.com<\/a><\/div> <div class=\"one_fifth last\"><\/div><div class=\"clearboth\"><\/div>\n","protected":false},"excerpt":{"rendered":"<p>LIPDUB DE IKEA<\/p>\n","protected":false},"author":4,"featured_media":0,"parent":40029,"menu_order":7,"comment_status":"closed","ping_status":"closed","template":"","meta":{"footnotes":""},"class_list":["post-19866","page","type-page","status-publish","hentry"],"_links":{"self":[{"href":"https:\/\/plonsky.com\/es\/wp-json\/wp\/v2\/pages\/19866","targetHints":{"allow":["GET"]}}],"collection":[{"href":"https:\/\/plonsky.com\/es\/wp-json\/wp\/v2\/pages"}],"about":[{"href":"https:\/\/plonsky.com\/es\/wp-json\/wp\/v2\/types\/page"}],"author":[{"embeddable":true,"href":"https:\/\/plonsky.com\/es\/wp-json\/wp\/v2\/users\/4"}],"replies":[{"embeddable":true,"href":"https:\/\/plonsky.com\/es\/wp-json\/wp\/v2\/comments?post=19866"}],"version-history":[{"count":0,"href":"https:\/\/plonsky.com\/es\/wp-json\/wp\/v2\/pages\/19866\/revisions"}],"up":[{"embeddable":true,"href":"https:\/\/plonsky.com\/es\/wp-json\/wp\/v2\/pages\/40029"}],"wp:attachment":[{"href":"https:\/\/plonsky.com\/es\/wp-json\/wp\/v2\/media?parent=19866"}],"curies":[{"name":"wp","href":"https:\/\/api.w.org\/{rel}","templated":true}]}}