{"id":12670,"date":"2015-09-26T16:14:16","date_gmt":"2015-09-26T16:14:16","guid":{"rendered":"http:\/\/plonsky.com\/es\/contacto\/"},"modified":"2020-04-29T10:14:13","modified_gmt":"2020-04-29T10:14:13","slug":"contacto","status":"publish","type":"page","link":"https:\/\/plonsky.com\/es\/contacto\/","title":{"rendered":"Contacto"},"content":{"rendered":"<div class=\"one_half\"><figure id=\"image_2301\" class=\"image_styled alignleft\" style=\"width:100%;display:block;float:unset;clear:both;\">\n\t\t<div class=\"image_frame effect-icon\"><div class=\"image_shadow_wrap\">\n\t\t<a class=\"image_size_large image_no_link\" title=\"\" href=\"#\"><img decoding=\"async\" class=\"image-frame\" alt=\"\" src=\"https:\/\/plonsky.com\/wp-content\/uploads\/2013\/05\/Clients-Logos-Table.png\" data-theme-retina-image=\"false\"  data-thumbnail-class=\"czo2OToiaHR0cDovL3Bsb25za3kuY29tL3dwLWNvbnRlbnQvdXBsb2Fkcy8yMDEzLzA1L0NsaWVudHMtTG9nb3MtVGFibGUucG5nIjs=\" data-image-url=\"http:\/\/plonsky.com\/wp-content\/uploads\/2013\/05\/Clients-Logos-Table.png\" width=\"\"  \/><\/a>\n\t\t<\/div><\/div><\/figure> <\/p><\/div>\n<div class=\"one_half last\"><h4>Esperamos que pronto te unas a los clientes que nos han dicho que el v\u00eddeo que creamos para ellos ha sido la mejor inversi\u00f3n en marketing que pod\u00edan haber realizado.<\/h4>\n<div class=\"divider_padding\"><\/div><\/div><div class=\"clearboth\"><\/div>\n","protected":false},"excerpt":{"rendered":"","protected":false},"author":4,"featured_media":0,"parent":0,"menu_order":5,"comment_status":"closed","ping_status":"closed","template":"","meta":{"footnotes":""},"class_list":["post-12670","page","type-page","status-publish","hentry"],"_links":{"self":[{"href":"https:\/\/plonsky.com\/es\/wp-json\/wp\/v2\/pages\/12670","targetHints":{"allow":["GET"]}}],"collection":[{"href":"https:\/\/plonsky.com\/es\/wp-json\/wp\/v2\/pages"}],"about":[{"href":"https:\/\/plonsky.com\/es\/wp-json\/wp\/v2\/types\/page"}],"author":[{"embeddable":true,"href":"https:\/\/plonsky.com\/es\/wp-json\/wp\/v2\/users\/4"}],"replies":[{"embeddable":true,"href":"https:\/\/plonsky.com\/es\/wp-json\/wp\/v2\/comments?post=12670"}],"version-history":[{"count":0,"href":"https:\/\/plonsky.com\/es\/wp-json\/wp\/v2\/pages\/12670\/revisions"}],"wp:attachment":[{"href":"https:\/\/plonsky.com\/es\/wp-json\/wp\/v2\/media?parent=12670"}],"curies":[{"name":"wp","href":"https:\/\/api.w.org\/{rel}","templated":true}]}}