{"id":12663,"date":"2015-09-26T15:44:19","date_gmt":"2015-09-26T15:44:19","guid":{"rendered":"http:\/\/plonsky.com\/es\/trabajos\/"},"modified":"2025-07-30T12:12:15","modified_gmt":"2025-07-30T12:12:15","slug":"trabajos","status":"publish","type":"page","link":"https:\/\/plonsky.com\/es\/","title":{"rendered":"Home"},"content":{"rendered":"<div class=\"one_third\"><center><\/p>\n<h4><a href=\"https:\/\/plonsky.com\/services\/corporate\/\" target=\"_blank\" rel=\"noopener noreferrer\">V\u00cdDEOS PROMOCIONALES<\/a><\/h4>\n<p><\/center><figure id=\"image_7744\" class=\"image_styled aligncenter\" style=\"width:342px\">\n\t\t<div class=\"image_frame effect-zoom\"><div class=\"image_shadow_wrap\">\n\t\t<a target=\"_blank\" class=\"image_size_medium\" title=\"\" href=\"https:\/\/plonsky.com\/es\/services\/videos-corporativos\/\"><img decoding=\"async\" class=\"image-frame\" style = \" height:190px;\" alt=\"\" src=\"https:\/\/plonsky.com\/wp-content\/uploads\/strikingr\/images\/47657_Nedap-iD-Gate-Pro-340x190.jpg\" srcset=\"https:\/\/plonsky.com\/wp-content\/uploads\/strikingr\/images\/47657_Nedap-iD-Gate-Pro-340x190@2x.jpg 2x\" data-theme-retina-image=\"true\"  data-thumbnail=\"47657\" data-thumbnail-class=\"czo1OiI0NzY1NyI7\" width=\"342\" height=\"190\" \/><\/a>\n\t\t<\/div><\/div><\/figure>\n<p><center><\/p>\n<h6><a href=\"https:\/\/plonsky.com\/es\/services\/videos-corporativos\/\" target=\"_blank\" rel=\"noopener noreferrer\">Promo v\u00eddeos para marketing y comunicaci\u00f3n interna.<\/a><\/h6>\n<p><\/center><\/div>\n<div class=\"one_third\"><center><\/p>\n<h4><a href=\"https:\/\/plonsky.com\/es\/services\/case-study-videos\/\" target=\"_blank\" rel=\"noopener noreferrer\">V\u00cdDEOS DE CASOS DE \u00c9XITO<\/a><\/h4>\n<p><\/center><figure id=\"image_9647\" class=\"image_styled aligncenter\" style=\"width:342px\">\n\t\t<div class=\"image_frame effect-zoom\"><div class=\"image_shadow_wrap\">\n\t\t<a target=\"_blank\" class=\"image_size_medium\" title=\"\" href=\"https:\/\/plonsky.com\/es\/services\/case-study-videos\/\"><img decoding=\"async\" class=\"image-frame\" style = \" height:190px;\" alt=\"\" src=\"https:\/\/plonsky.com\/wp-content\/uploads\/2016\/11\/Jon-Wright-River-Island.png\" data-theme-retina-image=\"false\"  data-thumbnail-class=\"czo3MzoiaHR0cDovL3Bsb25za3kuY29tL3dwLWNvbnRlbnQvdXBsb2Fkcy8yMDE2LzExL0pvbi1XcmlnaHQtUml2ZXItSXNsYW5kLnBuZyI7\" data-image-url=\"http:\/\/plonsky.com\/wp-content\/uploads\/2016\/11\/Jon-Wright-River-Island.png\" width=\"342\" height=\"190\" \/><\/a>\n\t\t<\/div><\/div><\/figure>\n<p><center><\/p>\n<h6><a href=\"https:\/\/plonsky.com\/es\/services\/case-study-videos\/\" target=\"_blank\" rel=\"noopener noreferrer\">Cuando tu cliente habla de t\u00ed.<\/a><\/h6>\n<p><\/center><br \/><\/div>\n<div class=\"one_third last\"><center><\/p>\n<h4><a href=\"https:\/\/plonsky.com\/es\/services\/events-incentives\/\"_blank\" rel=\"noopener noreferrer\">EVENTOS FOTO &amp; VIDEO<\/a><\/h4>\n<p><\/center><figure id=\"image_1847\" class=\"image_styled aligncenter\" style=\"width:342px\">\n\t\t<div class=\"image_frame effect-zoom\"><div class=\"image_shadow_wrap\">\n\t\t<a target=\"_blank\" class=\"image_size_medium\" title=\"\" href=\"https:\/\/plonsky.com\/es\/services\/events-incentives\/\"><img decoding=\"async\" class=\"image-frame\" style = \" height:190px;\" alt=\"\" src=\"https:\/\/plonsky.com\/wp-content\/uploads\/2019\/09\/20171216-002052-VWFS-GALA-MNAC-5D3_1504-Edit-Alta-med.jpg\" data-theme-retina-image=\"false\"  data-thumbnail-class=\"czoxMDM6Imh0dHA6Ly9wbG9uc2t5LmNvbS93cC1jb250ZW50L3VwbG9hZHMvMjAxOS8wOS8yMDE3MTIxNi0wMDIwNTItVldGUy1HQUxBLU1OQUMtNUQzXzE1MDQtRWRpdC1BbHRhLW1lZC5qcGciOw==\" data-image-url=\"http:\/\/plonsky.com\/wp-content\/uploads\/2019\/09\/20171216-002052-VWFS-GALA-MNAC-5D3_1504-Edit-Alta-med.jpg\" width=\"342\" height=\"190\" \/><\/a>\n\t\t<\/div><\/div><\/figure>\n<p><center><\/p>\n<h6><a href=\"https:\/\/plonsky.com\/es\/services\/events-incentives\/\" target=\"_blank\" rel=\"noopener noreferrer\">D\u00e9janos crear el v\u00eddeo que venda tu pr\u00f3ximo evento.<\/a><\/h6>\n<p><\/center><br \/><\/div><div class=\"clearboth\"><\/div>\n<div class=\"one_third\"><center><\/p>\n<h4><a href=\"https:\/\/plonsky.com\/es\/services\/virtual-production\/\" target=\"_blank\" rel=\"noopener noreferrer\">PRODUCCI\u00d3N VIRTUAL<\/a><\/h4>\n<p><\/center><figure id=\"image_4691\" class=\"image_styled aligncenter\" style=\"width:342px\">\n\t\t<div class=\"image_frame effect-zoom\"><div class=\"image_shadow_wrap\">\n\t\t<a target=\"_blank\" class=\"image_size_medium\" title=\"\" href=\"https:\/\/plonsky.com\/es\/services\/virtual-production\/\"><img decoding=\"async\" class=\"image-frame\" style = \" height:190px;\" alt=\"\" src=\"https:\/\/plonsky.com\/wp-content\/uploads\/strikingr\/images\/40653_ESSENTIAL-TIPS-LIGHTING-SOUND-for-VIDEO-CONFERENCING-ENG-340x190.jpg\" srcset=\"https:\/\/plonsky.com\/wp-content\/uploads\/strikingr\/images\/40653_ESSENTIAL-TIPS-LIGHTING-SOUND-for-VIDEO-CONFERENCING-ENG-340x190@2x.jpg 2x\" data-theme-retina-image=\"true\"  data-thumbnail=\"40653\" data-thumbnail-class=\"czo1OiI0MDY1MyI7\" width=\"342\" height=\"190\" \/><\/a>\n\t\t<\/div><\/div><\/figure>\n<p><center><\/p>\n<h6><a href=\"https:\/\/plonsky.com\/es\/services\/virtual-production\/\" target=\"_blank\" rel=\"noopener noreferrer\">Te ayudamos a crear tu propio v\u00eddeo de forma remota.<\/a><\/h6>\n<p><\/center><\/div>\n<div class=\"one_third\"><center><\/p>\n<h4><a href=\"https:\/\/plonsky.com\/es\/services\/internal-communication-videos\/\" target=\"_blank\" rel=\"noopener noreferrer\">COMUNICACI\u00d3N INTERNA<\/a><\/h4>\n<p><\/center><figure id=\"image_4550\" class=\"image_styled aligncenter\" style=\"width:342px\">\n\t\t<div class=\"image_frame effect-zoom\"><div class=\"image_shadow_wrap\">\n\t\t<a target=\"_blank\" class=\"image_size_medium\" title=\"\" href=\"https:\/\/plonsky.com\/es\/services\/internal-communication-videos\/\"><img decoding=\"async\" class=\"image-frame\" style = \" height:190px;\" alt=\"\" src=\"https:\/\/plonsky.com\/wp-content\/uploads\/strikingr\/images\/42221_5-INTERNAL-COMUNICATION_a-01-WM-2017-CVPE-V1-HAKA_f7-fotograma-1080-000023-sml-340x190.jpg\" srcset=\"https:\/\/plonsky.com\/wp-content\/uploads\/strikingr\/images\/42221_5-INTERNAL-COMUNICATION_a-01-WM-2017-CVPE-V1-HAKA_f7-fotograma-1080-000023-sml-340x190@2x.jpg 2x\" data-theme-retina-image=\"true\"  data-thumbnail=\"42221\" data-thumbnail-class=\"czo1OiI0MjIyMSI7\" width=\"342\" height=\"190\" \/><\/a>\n\t\t<\/div><\/div><\/figure>\n<p><center><\/p>\n<h6><a href=\"https:\/\/plonsky.com\/es\/services\/internal-communication-videos\/\" target=\"_blank\" rel=\"noopener noreferrer\">Ponemos a tus equipos en acci\u00f3n.<\/a><\/h6>\n<p><\/center><br \/><\/div>\n<div class=\"one_third last\"><center><\/p>\n<h4><a href=\"https:\/\/plonsky.com\/es\/services\/music-videos\/\" target=\"_blank\" rel=\"noopener noreferrer\">VIDEOS MUSICALES<\/a><\/h4>\n<p><\/center><figure id=\"image_7441\" class=\"image_styled aligncenter\" style=\"width:302px\">\n\t\t<div class=\"image_frame effect-zoom\"><div class=\"image_shadow_wrap\">\n\t\t<a target=\"_blank\" class=\"image_size_medium\" title=\"\" href=\"https:\/\/plonsky.com\/es\/services\/music-videos\/\"><img decoding=\"async\" class=\"image-frame\" style = \" height:190px;\" alt=\"\" src=\"https:\/\/plonsky.com\/wp-content\/uploads\/2018\/09\/Rozalen-Girasoles.png\" data-theme-retina-image=\"false\"  data-thumbnail-class=\"czo2NzoiaHR0cDovL3Bsb25za3kuY29tL3dwLWNvbnRlbnQvdXBsb2Fkcy8yMDE4LzA5L1JvemFsZW4tR2lyYXNvbGVzLnBuZyI7\" data-image-url=\"http:\/\/plonsky.com\/wp-content\/uploads\/2018\/09\/Rozalen-Girasoles.png\" width=\"302\" height=\"190\" \/><\/a>\n\t\t<\/div><\/div><\/figure>\n<p><center><\/p>\n<h6><a href=\"https:\/\/plonsky.com\/es\/services\/music-videos\/\" target=\"_blank\" rel=\"noopener noreferrer\">V\u00eddeos Musicales para Artistas, Discogr\u00e1ficas y Productoras.<\/a><\/h6>\n<p><\/center><br \/><\/div><div class=\"clearboth\"><\/div>\n<div class=\"one_third\"><center><\/p>\n<h4><a href=\"https:\/\/plonsky.com\/services\/documentaries\/\" target=\"_blank\" rel=\"noopener noreferrer\">DOCUMENTALES<\/a><\/h4>\n<p><\/center><figure id=\"image_2893\" class=\"image_styled aligncenter\" style=\"width:342px\">\n\t\t<div class=\"image_frame effect-zoom\"><div class=\"image_shadow_wrap\">\n\t\t<a target=\"_blank\" class=\"image_size_medium\" title=\"\" href=\"https:\/\/plonsky.com\/es\/services\/documentaries\/\"><img decoding=\"async\" class=\"image-frame\" style = \" height:190px;\" alt=\"Travel documentary in Benin, Africa\" src=\"https:\/\/plonsky.com\/wp-content\/uploads\/strikingr\/images\/42811_WRIGHT-MEDICAL-BENIN-6-sm-340x190.jpg\" srcset=\"https:\/\/plonsky.com\/wp-content\/uploads\/strikingr\/images\/42811_WRIGHT-MEDICAL-BENIN-6-sm-340x190@2x.jpg 2x\" data-theme-retina-image=\"true\"  data-thumbnail=\"42811\" data-thumbnail-class=\"czo1OiI0MjgxMSI7\" width=\"342\" height=\"190\" \/><\/a>\n\t\t<\/div><\/div><\/figure>\n<p><center><\/p>\n<h6><a href=\"https:\/\/plonsky.com\/es\/services\/documentaries\/\" target=\"_blank\" rel=\"noopener noreferrer\">Documentales Corporativos.<\/a><\/h6>\n<p><\/center><\/div>\n<div class=\"one_third\"><center><\/p>\n<h4><a href=\"https:\/\/plonsky.com\/es\/services\/photography-services\/\" target=\"_blank\" rel=\"noopener noreferrer\">FOTOGRAF\u00cdA ARQUITECT\u00d3NICA<\/a><\/h4>\n<p><\/center><figure id=\"image_6507\" class=\"image_styled aligncenter\" style=\"width:342px\">\n\t\t<div class=\"image_frame effect-zoom\"><div class=\"image_shadow_wrap\">\n\t\t<a target=\"_blank\" class=\"image_size_medium\" title=\"\" href=\"https:\/\/plonsky.com\/es\/services\/photography-services\/\"><img decoding=\"async\" class=\"image-frame\" style = \" height:190px;\" alt=\"\" src=\"https:\/\/plonsky.com\/wp-content\/uploads\/strikingr\/images\/41421_IBIZA-BAY-10-Arquitecture-Fotogramas-4K_a-000144-low-340x190.jpg\" srcset=\"https:\/\/plonsky.com\/wp-content\/uploads\/strikingr\/images\/41421_IBIZA-BAY-10-Arquitecture-Fotogramas-4K_a-000144-low-340x190@2x.jpg 2x\" data-theme-retina-image=\"true\"  data-thumbnail=\"41421\" data-thumbnail-class=\"czo1OiI0MTQyMSI7\" width=\"342\" height=\"190\" \/><\/a>\n\t\t<\/div><\/div><\/figure>\n<p><center><\/p>\n<h6><a href=\"https:\/\/plonsky.com\/es\/services\/photography-services\/\" target=\"_blank\" rel=\"noopener noreferrer\">Fotograf\u00eda arquitect\u00f3nica, de espacios, interiores y hoteles.<\/a><\/h6>\n<p><\/center><br \/><\/div>\n<div class=\"one_third last\"><center><\/p>\n<h4><a href=\"https:\/\/plonsky.com\/es\/services\/corporate-photography\/\" target=\"_blank\" rel=\"noopener noreferrer\">FOTOGRAF\u00cdA CORPORATIVA<\/a><\/h4>\n<p><\/center><figure id=\"image_6918\" class=\"image_styled aligncenter\" style=\"width:342px\">\n\t\t<div class=\"image_frame effect-zoom\"><div class=\"image_shadow_wrap\">\n\t\t<a target=\"_blank\" class=\"image_size_medium\" title=\"\" href=\"https:\/\/plonsky.com\/es\/services\/corporate-photography\/\"><img decoding=\"async\" class=\"image-frame\" style = \" height:190px;\" alt=\"\" src=\"https:\/\/plonsky.com\/wp-content\/uploads\/strikingr\/images\/42510_20200211-103624-WM-Tight-5YR-Mitchell-5D4B4956-high-sml-340x190.jpg\" srcset=\"https:\/\/plonsky.com\/wp-content\/uploads\/strikingr\/images\/42510_20200211-103624-WM-Tight-5YR-Mitchell-5D4B4956-high-sml-340x190@2x.jpg 2x\" data-theme-retina-image=\"true\"  data-thumbnail=\"42510\" data-thumbnail-class=\"czo1OiI0MjUxMCI7\" width=\"342\" height=\"190\" \/><\/a>\n\t\t<\/div><\/div><\/figure>\n<p><center><\/p>\n<h6><a href=\"https:\/\/plonsky.com\/es\/services\/corporate-photography\/\" target=\"_blank\" rel=\"noopener noreferrer\">Fotos de perfil para LinkedIn y perfiles en redes sociales.<\/a><\/h6>\n<p><\/center><br \/><\/div><div class=\"clearboth\"><\/div>\n<div class=\"one_third\"><center><\/p>\n<h4><a href=\"https:\/\/plonsky.com\/es\/services\/training\/\" target=\"_blank\" rel=\"noopener noreferrer\">FORMACI\u00d3N<\/a><\/h4>\n<p><\/center><figure id=\"image_2116\" class=\"image_styled aligncenter\" style=\"width:342px\">\n\t\t<div class=\"image_frame effect-zoom\"><div class=\"image_shadow_wrap\">\n\t\t<a target=\"_blank\" class=\"image_size_medium\" title=\"\" href=\"https:\/\/plonsky.com\/es\/services\/training\/\"><img decoding=\"async\" class=\"image-frame\" style = \" height:190px;\" alt=\"\" src=\"https:\/\/plonsky.com\/wp-content\/uploads\/strikingr\/images\/40831_2020-02-11-11.19.34-Mike-Plonsky-iPhone-5YR-RECAP-Making-of-Edit-TRAINING-COURSE-340x190.jpg\" srcset=\"https:\/\/plonsky.com\/wp-content\/uploads\/strikingr\/images\/40831_2020-02-11-11.19.34-Mike-Plonsky-iPhone-5YR-RECAP-Making-of-Edit-TRAINING-COURSE-340x190@2x.jpg 2x\" data-theme-retina-image=\"true\"  data-thumbnail=\"40831\" data-thumbnail-class=\"czo1OiI0MDgzMSI7\" width=\"342\" height=\"190\" \/><\/a>\n\t\t<\/div><\/div><\/figure>\n<p><center><\/p>\n<h6><a href=\"https:\/\/plonsky.com\/es\/services\/training\/\" target=\"_blank\" rel=\"noopener noreferrer\">Formaci\u00f3n en elocuencia y claridad para presentaciones.<\/a><\/h6>\n<p><\/center><\/div>\n<div class=\"one_third\"><center><\/p>\n<h4><a href=\"https:\/\/plonsky.com\/services\/lipdubs\/\" target=\"_blank\" rel=\"noopener noreferrer\"> VIDEOS DE TEAMBUILDING<\/a><\/h4>\n<p><\/center><figure id=\"image_9527\" class=\"image_styled aligncenter\" style=\"width:342px\">\n\t\t<div class=\"image_frame effect-zoom\"><div class=\"image_shadow_wrap\">\n\t\t<a target=\"_blank\" class=\"image_size_medium\" title=\"\" href=\"https:\/\/plonsky.com\/es\/services\/lipdubs\/\"><img decoding=\"async\" class=\"image-frame\" style = \" height:190px;\" alt=\"\" src=\"https:\/\/plonsky.com\/wp-content\/uploads\/2013\/05\/Makro_Lipdub_Sel-100.jpg\" data-theme-retina-image=\"false\"  data-thumbnail-class=\"czo3MDoiaHR0cDovL3Bsb25za3kuY29tL3dwLWNvbnRlbnQvdXBsb2Fkcy8yMDEzLzA1L01ha3JvX0xpcGR1Yl9TZWwtMTAwLmpwZyI7\" data-image-url=\"http:\/\/plonsky.com\/wp-content\/uploads\/2013\/05\/Makro_Lipdub_Sel-100.jpg\" width=\"342\" height=\"190\" \/><\/a>\n\t\t<\/div><\/div><\/figure>\n<p><center><\/p>\n<h6><a href=\"https:\/\/plonsky.com\/es\/services\/lipdubs\/\" target=\"_blank\" rel=\"noopener noreferrer\">Nos encargamos de todo: coreograf\u00eda, m\u00fasica, c\u00e1maras.<\/a><\/h6>\n<p><\/center><br \/><\/div>\n<div class=\"one_third last\"><center><\/p>\n<h4><a href=\"https:\/\/plonsky.com\/services\/hospitality\/\" target=\"_blank\" rel=\"noopener noreferrer\">V\u00cdDEOS DE TURISMO &amp; HOTELES<\/a><\/h4>\n<p><\/center><figure id=\"image_8586\" class=\"image_styled aligncenter\" style=\"width:302px\">\n\t\t<div class=\"image_frame effect-zoom\"><div class=\"image_shadow_wrap\">\n\t\t<a target=\"_blank\" class=\"image_size_medium\" title=\"\" href=\"https:\/\/plonsky.com\/es\/services\/turismo-y-hoteles\/\"><img decoding=\"async\" class=\"image-frame\" style = \" height:190px;\" alt=\"\" src=\"https:\/\/plonsky.com\/wp-content\/uploads\/strikingr\/images\/41203_FAIRMONT-ISTANBUL-10-Arquitecture-Fotogramas_a-000044-low-300x190.jpg\" srcset=\"https:\/\/plonsky.com\/wp-content\/uploads\/strikingr\/images\/41203_FAIRMONT-ISTANBUL-10-Arquitecture-Fotogramas_a-000044-low-300x190@2x.jpg 2x\" data-theme-retina-image=\"true\"  data-thumbnail=\"41203\" data-thumbnail-class=\"czo1OiI0MTIwMyI7\" width=\"302\" height=\"190\" \/><\/a>\n\t\t<\/div><\/div><\/figure>\n<p><center><\/p>\n<h6><a href=\"https:\/\/plonsky.com\/es\/services\/turismo-y-hoteles\/\" target=\"_blank\" rel=\"noopener noreferrer\">Resaltamos la esencia y singularidad de un lugar.<\/a><\/h6>\n<p><\/center><\/div><div class=\"clearboth\"><\/div>\n<div class=\"divider\" style=\"border-color:#D1D1D1;border-bottom-width:5px;margin-right:auto; margin-left:auto;width:479px\"><\/div>\n<div class=\"one_half\"><h3>Una Agencia de V\u00eddeo y Fotograf\u00eda Internacional<\/h3>\n<p>Plonsky Productions es una productora audiovisual internacional con m\u00e1s de 20 a\u00f1os de experiencia en comunicaci\u00f3n, producci\u00f3n de v\u00eddeo y fotograf\u00eda. Aunque nuestra sede est\u00e1 en Madrid, trabajamos para clientes de los cinco continentes.<br \/>\n<figure id=\"image_5818\" class=\"image_styled aligncenter\" style=\"width:422px\">\n\t\t<div class=\"image_frame effect-icon\"><div class=\"image_shadow_wrap\">\n\t\t<a data-fittoview=\"true\" class=\"image_size_medium image_icon_zoom lightbox\" title=\"Un equipo internacional que viaja donde se le necesita\" href=\"https:\/\/plonsky.com\/wp-content\/uploads\/2018\/01\/20170325-102550-T32-India-5D3_0926-1.jpg\"><img decoding=\"async\" class=\"image-frame\" style = \" height:190px;\" alt=\"Un equipo internacional que viaja donde se le necesita\" src=\"https:\/\/plonsky.com\/wp-content\/uploads\/strikingr\/images\/33051_20170325-102550-T32-India-5D3_0926-1-420x190.jpg\" srcset=\"https:\/\/plonsky.com\/wp-content\/uploads\/strikingr\/images\/33051_20170325-102550-T32-India-5D3_0926-1-420x190@2x.jpg 2x\" data-theme-retina-image=\"true\"  data-thumbnail=\"33051\" data-thumbnail-class=\"czo1OiIzMzA1MSI7\" width=\"422\" height=\"190\" \/><\/a>\n\t\t<\/div><\/div><\/figure><\/div>\n<div class=\"one_half last\"><h3>Somos Comunicadores a Trav\u00e9s de V\u00eddeo<\/h3>\n<p>Tenemos muchos a\u00f1os de experiencia creando contenido de v\u00eddeo para nuestros clientes.&nbsp; Ya sean promos y v\u00eddeos corporativos, casos de \u00e9xito o v\u00eddeos para comunicaci\u00f3n interna, nosotros te ayudamos a contar tu historia.<br \/> Parte de nuestro talento est\u00e1 en la capacidad de convertir ideas complejas en simples, concisas, entretenidas y f\u00e1ciles de entender.<\/p>\n<figure id=\"image_512\" class=\"image_styled alignleft\" style=\"width:422px\">\n\t\t<div class=\"image_frame effect-icon\"><div class=\"image_shadow_wrap\">\n\t\t<a data-fittoview=\"true\" class=\"image_size_medium image_icon_zoom lightbox\" title=\"Client filming themselves with our guidance\" href=\"https:\/\/plonsky.com\/wp-content\/uploads\/2019\/12\/WRIGHT-MEDICAL-BENIN-4.jpg\"><img decoding=\"async\" class=\"image-frame\" style = \" height:190px;\" alt=\"Client filming themselves with our guidance\" src=\"https:\/\/plonsky.com\/wp-content\/uploads\/strikingr\/images\/39671_WRIGHT-MEDICAL-BENIN-4-420x190.jpg\" srcset=\"https:\/\/plonsky.com\/wp-content\/uploads\/strikingr\/images\/39671_WRIGHT-MEDICAL-BENIN-4-420x190@2x.jpg 2x\" data-theme-retina-image=\"true\"  data-thumbnail=\"39671\" data-thumbnail-class=\"czo1OiIzOTY3MSI7\" width=\"422\" height=\"190\" \/><\/a>\n\t\t<\/div><\/div><\/figure><\/div><div class=\"clearboth\"><\/div>\n<div class=\"divider\" style=\"border-color:#D1D1D1;border-bottom-width:5px;margin-right:auto; margin-left:auto;width:479px\"><\/div>\n<div class=\"divider_padding\"><\/div>\n<div class=\"divider_line\"><\/div>\n<h2><a title=\"Nuestros Servicios\" href=\"https:\/\/plonsky.com\/es\/services\/\" target=\"_blank\" rel=\"noopener noreferrer\"><span style=\"color: #737373;\">Nuestros Servicios<\/span><\/a><\/h2>\n<div class=\"four_fifth\">Plonsky Productions. <span class=\"icon_text icon_cellphone gray\">+34 600 016 380<\/span> <a class=\"icon_text icon_email gray\" href=\"http:\/\/m@plonsky.com\">info@plonsky.com<\/a><\/div> <div class=\"one_fifth last\"><\/div><div class=\"clearboth\"><\/div>\n","protected":false},"excerpt":{"rendered":"<p>Nuestros Servicios<\/p>\n","protected":false},"author":4,"featured_media":0,"parent":0,"menu_order":2,"comment_status":"closed","ping_status":"closed","template":"","meta":{"footnotes":""},"class_list":["post-12663","page","type-page","status-publish","hentry"],"_links":{"self":[{"href":"https:\/\/plonsky.com\/es\/wp-json\/wp\/v2\/pages\/12663","targetHints":{"allow":["GET"]}}],"collection":[{"href":"https:\/\/plonsky.com\/es\/wp-json\/wp\/v2\/pages"}],"about":[{"href":"https:\/\/plonsky.com\/es\/wp-json\/wp\/v2\/types\/page"}],"author":[{"embeddable":true,"href":"https:\/\/plonsky.com\/es\/wp-json\/wp\/v2\/users\/4"}],"replies":[{"embeddable":true,"href":"https:\/\/plonsky.com\/es\/wp-json\/wp\/v2\/comments?post=12663"}],"version-history":[{"count":3,"href":"https:\/\/plonsky.com\/es\/wp-json\/wp\/v2\/pages\/12663\/revisions"}],"predecessor-version":[{"id":48194,"href":"https:\/\/plonsky.com\/es\/wp-json\/wp\/v2\/pages\/12663\/revisions\/48194"}],"wp:attachment":[{"href":"https:\/\/plonsky.com\/es\/wp-json\/wp\/v2\/media?parent=12663"}],"curies":[{"name":"wp","href":"https:\/\/api.w.org\/{rel}","templated":true}]}}