{"id":12661,"date":"2015-09-26T15:21:11","date_gmt":"2015-09-26T15:21:11","guid":{"rendered":"http:\/\/plonsky.com\/es\/videos-corporativos\/"},"modified":"2025-01-28T17:34:32","modified_gmt":"2025-01-28T17:34:32","slug":"videos-corporativos","status":"publish","type":"page","link":"https:\/\/plonsky.com\/es\/services\/videos-corporativos\/","title":{"rendered":"V\u00eddeos Corporativos"},"content":{"rendered":"<p><center><iframe src=\"http:\/\/player.vimeo.com\/video\/915497985\" width=\"600\" height=\"338\" frameborder=\"0\" fullscreen\" allowfullscreen><\/iframe><\/center><div class=\"divider_padding\"><\/div>\n<div class=\"divider\" style=\"border-color:#004D67;border-bottom-width:5px;margin-right:auto; margin-left:auto;width:500px\"><\/div>\n<div class=\"two_third\"><h3>\u00bfPor qu\u00e9 el\u00a093% de nuestros clientes nos sigue eligiendo?<\/h3>\n<p>El 93% de nuestros nuevos clientes viene por recomendaci\u00f3n, y de nuestros clientes actuales, el 93% son clientes recurrentes que vuelven a necesitarnos para su producci\u00f3n de v\u00eddeo.\u00a0\u00a0Esta estad\u00edstica est\u00e1 directamente relacionada con la tremenda dedicaci\u00f3n que damos a cada proyecto, con la experiencia positiva que tienen\u00a0nuestros clientes al trabajar mano a mano con nosotros, pero principalmente est\u00e1 relacionada con el hecho de que los v\u00eddeos que producimos cumplen <strong>su misi\u00f3n comercial y promocional<\/strong>. \u00a0 Desde documentales a v\u00eddeos promocionales, spots\u00a0de TV o campa\u00f1as tur\u00edsticas, nuestra misi\u00f3n es crear el mejor producto posible dentro del presupuesto de nuestro cliente.\u00a0 \u00a0Ya sea ese presupuesto grande o peque\u00f1o, nos mueve\u00a0el reto de intentar crear la soluci\u00f3n ideal, independientemente de las limitaciones que haya. \u00a0Esa es nuestra pasi\u00f3n.<\/div>\n<div class=\"one_third last\"><h3>Una productora de v\u00eddeo internacional<\/h3>\n<p>Plonsky Productions es una productora audiovisual internacional con m\u00e1s de 18 a\u00f1os de experiencia en comunicaci\u00f3n, producci\u00f3n de v\u00eddeo y fotograf\u00eda. Aunque nuestra sede est\u00e1 en Madrid, trabajamos para clientes de los cinco continentes. \u00a0<\/div><div class=\"clearboth\"><\/div>\n<div class=\"divider\" style=\"border-color:#004D67;border-bottom-width:5px;margin-right:auto; margin-left:auto;width:500px\"><\/div>\n<section id=\"portfolio_424\" class=\"portfolios\"><div class=\"portfolio_wrap\"><ul class=\"portfolio_three_columns portfolio_container\"><li class=\"portfolio_item portfolio_with_image hentry\" data-id=\"42630\" data-type=\"video\" data-cat=\"case-studies-es,promos-es\"><div class=\"image_styled portfolio_image\"><div class=\"image_frame effect-zoom\" style=\"height:182px\"><div class=\"image_shadow_wrap\"><a class=\"image_icon_play lightbox\"  title=\"Cisco COP25 Case Study Video\" href=\"https:\/\/vimeo.com\/507516064\" data-fancybx-group=\"portfolio_258\" data-width=\"640\" data-height=\"355\" data-autoplay=\"true\"><img decoding=\"async\" class=\"portfolio_featured_image theme_image_type_jpg\" width=\"292\" height=\"180\" src=\"https:\/\/plonsky.com\/wp-content\/uploads\/strikingr\/images\/42628_CISCO-COP25-screenshot-292x180.jpg\" srcset=\"https:\/\/plonsky.com\/wp-content\/uploads\/strikingr\/images\/42628_CISCO-COP25-screenshot-292x180@2x.jpg 2x\" data-theme-retina-image=\"true\"  data-thumbnail=\"42628\" title=\"Cisco COP25 Case Study Video\" alt=\"Cisco COP25 Case Study Video\" data-thumbnail-class=\"aTo0MjYyODs=\" data-aspect-ratio=\"0.61643835616438\" \/><\/a><\/div><\/div><\/div><div class=\"portfolio_details\"><div class=\"portfolio_title entry-title\">Cisco COP25 Case Study Video<\/div><\/div><\/li><li class=\"portfolio_item portfolio_with_image hentry\" data-id=\"47665\" data-type=\"video\" data-cat=\"promos\"><div class=\"image_styled portfolio_image\"><div class=\"image_frame effect-zoom\" style=\"height:182px\"><div class=\"image_shadow_wrap\"><a class=\"image_icon_play lightbox\"  title=\"CISCO FlexWAN by Meraki\" href=\"https:\/\/vimeo.com\/1021214919?share=copy\" data-fancybx-group=\"portfolio_258\" data-width=\"640\" data-height=\"355\" data-autoplay=\"false\"><img decoding=\"async\" class=\"portfolio_featured_image theme_image_type_png\" width=\"292\" height=\"180\" src=\"https:\/\/plonsky.com\/wp-content\/uploads\/strikingr\/images\/47663_CISCO-TELEFONICA-MERAKI-FLEXWAN-292x180.png\" srcset=\"https:\/\/plonsky.com\/wp-content\/uploads\/strikingr\/images\/47663_CISCO-TELEFONICA-MERAKI-FLEXWAN-292x180@2x.png 2x\" data-theme-retina-image=\"true\"  data-thumbnail=\"47663\" title=\"CISCO FlexWAN by Meraki\" alt=\"CISCO FlexWAN by Meraki\" data-thumbnail-class=\"aTo0NzY2Mzs=\" data-aspect-ratio=\"0.61643835616438\" \/><\/a><\/div><\/div><\/div><div class=\"portfolio_details\"><div class=\"portfolio_title entry-title\">CISCO FlexWAN by Meraki<\/div><\/div><\/li><li class=\"portfolio_item portfolio_with_image hentry\" data-id=\"42606\" data-type=\"video\" data-cat=\"case-studies-es,promos-es\"><div class=\"image_styled portfolio_image\"><div class=\"image_frame effect-zoom\" style=\"height:182px\"><div class=\"image_shadow_wrap\"><a class=\"image_icon_play lightbox\"  title=\"Hospital de Campa\u00f1a de IFEMA  &#8211; Cisco Systems Caso de \u00c9xito\" href=\"https:\/\/vimeo.com\/503010666\" data-fancybx-group=\"portfolio_258\" data-width=\"640\" data-height=\"355\" data-autoplay=\"false\"><img decoding=\"async\" class=\"portfolio_featured_image theme_image_type_jpg\" width=\"292\" height=\"180\" src=\"https:\/\/plonsky.com\/wp-content\/uploads\/strikingr\/images\/42604_Screenshot-2021-01-21-at-13.39.24-292x180.jpg\" srcset=\"https:\/\/plonsky.com\/wp-content\/uploads\/strikingr\/images\/42604_Screenshot-2021-01-21-at-13.39.24-292x180@2x.jpg 2x\" data-theme-retina-image=\"true\"  data-thumbnail=\"42604\" title=\"Hospital de Campa\u00f1a de IFEMA  &#8211; Cisco Systems Caso de \u00c9xito\" alt=\"Hospital de Campa\u00f1a de IFEMA  &#8211; Cisco Systems Caso de \u00c9xito\" data-thumbnail-class=\"aTo0MjYwNDs=\" data-aspect-ratio=\"0.61643835616438\" \/><\/a><\/div><\/div><\/div><div class=\"portfolio_details\"><div class=\"portfolio_title entry-title\">Hospital de Campa\u00f1a de IFEMA  &#8211; Cisco Systems Caso de \u00c9xito<\/div><\/div><\/li><li class=\"portfolio_item portfolio_with_image hentry\" data-id=\"42780\" data-type=\"video\" data-cat=\"case-studies-es,promos-es\"><div class=\"image_styled portfolio_image\"><div class=\"image_frame effect-zoom\" style=\"height:182px\"><div class=\"image_shadow_wrap\"><a class=\"image_icon_play lightbox\"  title=\"Cisco Barcelona Innovation Lab\" href=\"https:\/\/vimeo.com\/673168340\" data-fancybx-group=\"portfolio_258\" data-width=\"640\" data-height=\"355\" data-autoplay=\"true\"><img decoding=\"async\" class=\"portfolio_featured_image theme_image_type_jpg\" width=\"292\" height=\"180\" src=\"https:\/\/plonsky.com\/wp-content\/uploads\/strikingr\/images\/42777_CISCO-INNOVATION-3-292x180.jpg\" srcset=\"https:\/\/plonsky.com\/wp-content\/uploads\/strikingr\/images\/42777_CISCO-INNOVATION-3-292x180@2x.jpg 2x\" data-theme-retina-image=\"true\"  data-thumbnail=\"42777\" title=\"Cisco Barcelona Innovation Lab\" alt=\"Cisco Barcelona Innovation Lab\" data-thumbnail-class=\"aTo0Mjc3Nzs=\" data-aspect-ratio=\"0.61643835616438\" \/><\/a><\/div><\/div><\/div><div class=\"portfolio_details\"><div class=\"portfolio_title entry-title\">Cisco Barcelona Innovation Lab<\/div><\/div><\/li><li class=\"portfolio_item portfolio_with_image hentry\" data-id=\"47769\" data-type=\"video\" data-cat=\"product-es,promos-es,tourism-es,turismo\"><div class=\"image_styled portfolio_image\"><div class=\"image_frame effect-zoom\" style=\"height:182px\"><div class=\"image_shadow_wrap\"><a class=\"image_icon_play lightbox\"  title=\"Madrid Wines &#8211; Vinos de Madrid\" href=\"https:\/\/vimeo.com\/1043520234\/3f34c53b7e?ts=0&#038;share=copy\" data-fancybx-group=\"portfolio_258\" data-width=\"640\" data-height=\"355\" data-autoplay=\"true\"><img decoding=\"async\" class=\"portfolio_featured_image theme_image_type_jpg\" width=\"292\" height=\"180\" src=\"https:\/\/plonsky.com\/wp-content\/uploads\/strikingr\/images\/47771_Screenshot-2025-01-28-at-18.17.16-292x180.jpg\" srcset=\"https:\/\/plonsky.com\/wp-content\/uploads\/strikingr\/images\/47771_Screenshot-2025-01-28-at-18.17.16-292x180@2x.jpg 2x\" data-theme-retina-image=\"true\"  data-thumbnail=\"47771\" title=\"Madrid Wines &#8211; Vinos de Madrid\" alt=\"Madrid Wines &#8211; Vinos de Madrid\" data-thumbnail-class=\"aTo0Nzc3MTs=\" data-aspect-ratio=\"0.61643835616438\" \/><\/a><\/div><\/div><\/div><div class=\"portfolio_details\"><div class=\"portfolio_title entry-title\">Madrid Wines &#8211; Vinos de Madrid<\/div><\/div><\/li><li class=\"portfolio_item portfolio_with_image hentry\" data-id=\"25176\" data-type=\"video\" data-cat=\"promos,promos-es\"><div class=\"image_styled portfolio_image\"><div class=\"image_frame effect-zoom\" style=\"height:182px\"><div class=\"image_shadow_wrap\"><a class=\"image_icon_play lightbox\"  title=\"Cisco Manifesto\" href=\"http:\/\/player.vimeo.com\/video\/141515885\" data-fancybx-group=\"portfolio_258\" data-width=\"640\" data-height=\"355\" data-autoplay=\"true\"><img decoding=\"async\" class=\"portfolio_featured_image theme_image_type_jpg\" width=\"292\" height=\"180\" src=\"https:\/\/plonsky.com\/wp-content\/uploads\/strikingr\/images\/25653_CISCO-MANIFESTO1-THUMB-292x180.jpg\" srcset=\"https:\/\/plonsky.com\/wp-content\/uploads\/strikingr\/images\/25653_CISCO-MANIFESTO1-THUMB-292x180@2x.jpg 2x\" data-theme-retina-image=\"true\"  data-thumbnail=\"25653\" title=\"Cisco Manifesto\" alt=\"Cisco Manifesto\" data-thumbnail-class=\"aToyNTY1Mzs=\" data-aspect-ratio=\"0.61643835616438\" \/><\/a><\/div><\/div><\/div><div class=\"portfolio_details\"><div class=\"portfolio_title entry-title\">Cisco Manifesto<\/div><\/div><\/li><li class=\"portfolio_item portfolio_with_image hentry\" data-id=\"35098\" data-type=\"video\" data-cat=\"promos,promos-es,tourism,tourism-es,turismo,turismo\"><div class=\"image_styled portfolio_image\"><div class=\"image_frame effect-zoom\" style=\"height:182px\"><div class=\"image_shadow_wrap\"><a class=\"image_icon_play lightbox\"  title=\"FAIRMONT HOTEL &#8211; ISTAMBUL\" href=\"https:\/\/vimeo.com\/456148553\" data-fancybx-group=\"portfolio_258\" data-width=\"640\" data-height=\"355\" data-autoplay=\"true\"><img decoding=\"async\" class=\"portfolio_featured_image theme_image_type_jpg\" width=\"292\" height=\"180\" src=\"https:\/\/plonsky.com\/wp-content\/uploads\/strikingr\/images\/41204_FAIRMONT-ISTANBUL-10-Arquitecture-Fotogramas_a-000044-low-292x180.jpg\" srcset=\"https:\/\/plonsky.com\/wp-content\/uploads\/strikingr\/images\/41204_FAIRMONT-ISTANBUL-10-Arquitecture-Fotogramas_a-000044-low-292x180@2x.jpg 2x\" data-theme-retina-image=\"true\"  data-thumbnail=\"41204\" title=\"FAIRMONT HOTEL &#8211; ISTAMBUL\" alt=\"FAIRMONT HOTEL &#8211; ISTAMBUL\" data-thumbnail-class=\"aTo0MTIwNDs=\" data-aspect-ratio=\"0.61643835616438\" \/><\/a><\/div><\/div><\/div><div class=\"portfolio_details\"><div class=\"portfolio_title entry-title\">FAIRMONT HOTEL &#8211; ISTAMBUL<\/div><\/div><\/li><li class=\"portfolio_item portfolio_with_image hentry\" data-id=\"25194\" data-type=\"video\" data-cat=\"promos-es\"><div class=\"image_styled portfolio_image\"><div class=\"image_frame effect-zoom\" style=\"height:182px\"><div class=\"image_shadow_wrap\"><a class=\"image_icon_play lightbox\"  title=\"Telecable Wifisfera\" href=\"http:\/\/player.vimeo.com\/video\/108228651\" data-fancybx-group=\"portfolio_258\" data-width=\"640\" data-height=\"355\" data-autoplay=\"true\"><img decoding=\"async\" class=\"portfolio_featured_image theme_image_type_jpg\" width=\"292\" height=\"180\" src=\"https:\/\/plonsky.com\/wp-content\/uploads\/strikingr\/images\/19473_Wifisfera-292x180.jpg\" srcset=\"https:\/\/plonsky.com\/wp-content\/uploads\/strikingr\/images\/19473_Wifisfera-292x180@2x.jpg 2x\" data-theme-retina-image=\"true\"  data-thumbnail=\"19473\" title=\"Telecable Wifisfera\" alt=\"Telecable Wifisfera\" data-thumbnail-class=\"aToxOTQ3Mzs=\" data-aspect-ratio=\"0.61643835616438\" \/><\/a><\/div><\/div><\/div><div class=\"portfolio_details\"><div class=\"portfolio_title entry-title\">Telecable Wifisfera<\/div><\/div><\/li><li class=\"portfolio_item portfolio_with_image hentry\" data-id=\"25198\" data-type=\"video\" data-cat=\"promos,promos-es,the-small-es,the-small\"><div class=\"image_styled portfolio_image\"><div class=\"image_frame effect-zoom\" style=\"height:182px\"><div class=\"image_shadow_wrap\"><a class=\"image_icon_play lightbox\"  title=\"NEDAP \u00abThe Why\u00bb\" href=\"https:\/\/player.vimeo.com\/video\/166041402\" data-fancybx-group=\"portfolio_258\" data-width=\"640\" data-height=\"355\" data-autoplay=\"true\"><img decoding=\"async\" class=\"portfolio_featured_image theme_image_type_jpg\" width=\"292\" height=\"180\" src=\"https:\/\/plonsky.com\/wp-content\/uploads\/strikingr\/images\/25894_NEDAP-2016-05-10-16.49.23-THUMB-292x180.jpg\" srcset=\"https:\/\/plonsky.com\/wp-content\/uploads\/strikingr\/images\/25894_NEDAP-2016-05-10-16.49.23-THUMB-292x180@2x.jpg 2x\" data-theme-retina-image=\"true\"  data-thumbnail=\"25894\" title=\"NEDAP \u00abThe Why\u00bb\" alt=\"NEDAP \u00abThe Why\u00bb\" data-thumbnail-class=\"aToyNTg5NDs=\" data-aspect-ratio=\"0.61643835616438\" \/><\/a><\/div><\/div><\/div><div class=\"portfolio_details\"><div class=\"portfolio_title entry-title\">NEDAP \u00abThe Why\u00bb<\/div><\/div><\/li><li class=\"portfolio_item portfolio_with_image hentry\" data-id=\"25168\" data-type=\"video\" data-cat=\"promos-es\"><div class=\"image_styled portfolio_image\"><div class=\"image_frame effect-zoom\" style=\"height:182px\"><div class=\"image_shadow_wrap\"><a class=\"image_icon_play lightbox\"  title=\"NASA &#8211; A Human Adventure Exhibition\" href=\"http:\/\/player.vimeo.com\/video\/108213933\" data-fancybx-group=\"portfolio_258\" data-width=\"640\" data-height=\"355\" data-autoplay=\"true\"><img decoding=\"async\" class=\"portfolio_featured_image theme_image_type_jpg\" width=\"292\" height=\"180\" src=\"https:\/\/plonsky.com\/wp-content\/uploads\/strikingr\/images\/25488_NASA-Human-Adventure-3b-292x180.jpg\" srcset=\"https:\/\/plonsky.com\/wp-content\/uploads\/strikingr\/images\/25488_NASA-Human-Adventure-3b-292x180@2x.jpg 2x\" data-theme-retina-image=\"true\"  data-thumbnail=\"25488\" title=\"NASA &#8211; A Human Adventure Exhibition\" alt=\"NASA &#8211; A Human Adventure Exhibition\" data-thumbnail-class=\"aToyNTQ4ODs=\" data-aspect-ratio=\"0.61643835616438\" \/><\/a><\/div><\/div><\/div><div class=\"portfolio_details\"><div class=\"portfolio_title entry-title\">NASA &#8211; A Human Adventure Exhibition<\/div><\/div><\/li><li class=\"portfolio_item portfolio_with_image hentry\" data-id=\"25224\" data-type=\"video\" data-cat=\"promos-es\"><div class=\"image_styled portfolio_image\"><div class=\"image_frame effect-zoom\" style=\"height:182px\"><div class=\"image_shadow_wrap\"><a class=\"image_icon_play lightbox\"  title=\"SIAG Short Promo\" href=\"http:\/\/player.vimeo.com\/video\/66312675?title=0&byline=0&portrait=0\" data-fancybx-group=\"portfolio_258\" data-width=\"640\" data-height=\"355\" data-autoplay=\"true\"><img decoding=\"async\" class=\"portfolio_featured_image theme_image_type_png\" width=\"292\" height=\"180\" src=\"https:\/\/plonsky.com\/wp-content\/uploads\/strikingr\/images\/1973_Picture-10-292x180.png\" srcset=\"https:\/\/plonsky.com\/wp-content\/uploads\/strikingr\/images\/1973_Picture-10-292x180@2x.png 2x\" data-theme-retina-image=\"true\"  data-thumbnail=\"1973\" title=\"SIAG Short Promo\" alt=\"SIAG Short Promo\" data-thumbnail-class=\"aToxOTczOw==\" data-aspect-ratio=\"0.61643835616438\" \/><\/a><\/div><\/div><\/div><div class=\"portfolio_details\"><div class=\"portfolio_title entry-title\">SIAG Short Promo<\/div><\/div><\/li><\/ul><\/div><\/section> <\/p>\n<div class=\"divider_line\"><\/div>\n<h2><a title=\"Nuestros Servicios\" href=\"https:\/\/plonsky.com\/es\/services\/\" target=\"_blank\" rel=\"noopener noreferrer\"><span style=\"color: #737373;\">Nuestros Servicios<\/span><\/a><\/h2>\n<div class=\"four_fifth\">Plonsky Productions. <span class=\"icon_text icon_cellphone gray\">+34 600 016 380<\/span> <a class=\"icon_text icon_email gray\" href=\"http:\/\/m@plonsky.com\">info@plonsky.com<\/a><\/div> <div class=\"one_fifth last\"><\/div><div class=\"clearboth\"><\/div>\n<p>&nbsp;<\/p>\n","protected":false},"excerpt":{"rendered":"","protected":false},"author":4,"featured_media":0,"parent":40029,"menu_order":2,"comment_status":"closed","ping_status":"closed","template":"","meta":{"footnotes":""},"class_list":["post-12661","page","type-page","status-publish","hentry"],"_links":{"self":[{"href":"https:\/\/plonsky.com\/es\/wp-json\/wp\/v2\/pages\/12661","targetHints":{"allow":["GET"]}}],"collection":[{"href":"https:\/\/plonsky.com\/es\/wp-json\/wp\/v2\/pages"}],"about":[{"href":"https:\/\/plonsky.com\/es\/wp-json\/wp\/v2\/types\/page"}],"author":[{"embeddable":true,"href":"https:\/\/plonsky.com\/es\/wp-json\/wp\/v2\/users\/4"}],"replies":[{"embeddable":true,"href":"https:\/\/plonsky.com\/es\/wp-json\/wp\/v2\/comments?post=12661"}],"version-history":[{"count":0,"href":"https:\/\/plonsky.com\/es\/wp-json\/wp\/v2\/pages\/12661\/revisions"}],"up":[{"embeddable":true,"href":"https:\/\/plonsky.com\/es\/wp-json\/wp\/v2\/pages\/40029"}],"wp:attachment":[{"href":"https:\/\/plonsky.com\/es\/wp-json\/wp\/v2\/media?parent=12661"}],"curies":[{"name":"wp","href":"https:\/\/api.w.org\/{rel}","templated":true}]}}