{"id":12660,"date":"2015-09-26T14:43:10","date_gmt":"2015-09-26T14:43:10","guid":{"rendered":"http:\/\/plonsky.com\/es\/exposicion-nasa-a-human-adventure\/"},"modified":"2015-10-05T14:38:44","modified_gmt":"2015-10-05T14:38:44","slug":"exposicion-nasa-a-human-adventure","status":"publish","type":"page","link":"https:\/\/plonsky.com\/es\/showcases\/exposicion-nasa-a-human-adventure\/","title":{"rendered":"Exposici\u00f3n \u00abNASA &#8211; A Human Adventure\u00bb"},"content":{"rendered":"<h3>\u00abNASA &#8211; A Human Adventure\u00bb<\/h3>\n<p><iframe src=\"http:\/\/player.vimeo.com\/video\/108213933\" width=\"630\" height=\"355\" frameborder=\"5\"><\/iframe><\/p>\n<div class=\"divider_line\"><\/div>\n<h3>V\u00eddeo promocional de esta fant\u00e1stica exposici\u00f3n sobre la historia de la exploraci\u00f3n espacial.<\/h3>\n<p>Desde el gui\u00f3n hasta la producci\u00f3n completa fue desarrollada por el equipo de Plonsky Productions. \u00a0Las grabaciones se llevaron a cabo en Holanda y Madrid.<\/p>\n<p>&nbsp;<\/p>\n","protected":false},"excerpt":{"rendered":"<p>\u00abNASA &#8211; A Human Adventure\u00bb V\u00eddeo promocional de esta fant\u00e1stica exposici\u00f3n sobre la historia de la exploraci\u00f3n espacial. Desde el gui\u00f3n hasta la producci\u00f3n completa fue desarrollada por el equipo de Plonsky Productions. \u00a0Las grabaciones se llevaron a cabo en Holanda y Madrid. &nbsp;<\/p>\n","protected":false},"author":4,"featured_media":0,"parent":40054,"menu_order":2,"comment_status":"open","ping_status":"open","template":"","meta":{"footnotes":""},"class_list":["post-12660","page","type-page","status-publish","hentry"],"_links":{"self":[{"href":"https:\/\/plonsky.com\/es\/wp-json\/wp\/v2\/pages\/12660","targetHints":{"allow":["GET"]}}],"collection":[{"href":"https:\/\/plonsky.com\/es\/wp-json\/wp\/v2\/pages"}],"about":[{"href":"https:\/\/plonsky.com\/es\/wp-json\/wp\/v2\/types\/page"}],"author":[{"embeddable":true,"href":"https:\/\/plonsky.com\/es\/wp-json\/wp\/v2\/users\/4"}],"replies":[{"embeddable":true,"href":"https:\/\/plonsky.com\/es\/wp-json\/wp\/v2\/comments?post=12660"}],"version-history":[{"count":0,"href":"https:\/\/plonsky.com\/es\/wp-json\/wp\/v2\/pages\/12660\/revisions"}],"up":[{"embeddable":true,"href":"https:\/\/plonsky.com\/es\/wp-json\/wp\/v2\/pages\/40054"}],"wp:attachment":[{"href":"https:\/\/plonsky.com\/es\/wp-json\/wp\/v2\/media?parent=12660"}],"curies":[{"name":"wp","href":"https:\/\/api.w.org\/{rel}","templated":true}]}}