{"id":12642,"date":"2015-09-25T13:47:36","date_gmt":"2015-09-25T13:47:36","guid":{"rendered":"http:\/\/plonsky.com\/ssva\/?lang=es"},"modified":"2015-10-06T08:07:40","modified_gmt":"2015-10-06T08:07:40","slug":"ssva","status":"publish","type":"page","link":"https:\/\/plonsky.com\/es\/showcases\/ssva\/","title":{"rendered":"SSVA"},"content":{"rendered":"<h3><span style=\"color: #333333;\">SSVA<\/span><\/h3>\n<p><iframe src=\"http:\/\/player.vimeo.com\/video\/108117384\" width=\"630\" height=\"355\" frameborder=\"5\"><\/iframe><\/p>\n<div class=\"divider_line\"><\/div>\n<h3>V\u00eddeo corporativo para el departamento de Recursos Humanos\u00a0\u00abTe gusta tu trabajo?\u00bb<\/h3>\n<p>\nCon el prop\u00f3sito de mejorar el reclutamiento de ingenieros, SSVA nos encarg\u00f3 la producci\u00f3n de un documental corporativo con los testimoniales de sus empleados sobre c\u00f3mo es trabajar para esta empresa de ingenier\u00eda.&nbsp; El v\u00eddeo <strong>hoy<\/strong> sigue cumpliendo su misi\u00f3n ya que muestra lo atractivo que es ser un ingeniero en esta compa\u00f1\u00eda, trabajando con los mejores talentos en Eindhoven, Holanda.<br \/>\n&nbsp;<\/p>\n","protected":false},"excerpt":{"rendered":"<p>SSVA V\u00eddeo corporativo para el departamento de Recursos Humanos\u00a0\u00abTe gusta tu trabajo?\u00bb Con el prop\u00f3sito de mejorar el reclutamiento de ingenieros, SSVA nos encarg\u00f3 la producci\u00f3n de un documental corporativo con los testimoniales de sus empleados sobre c\u00f3mo es trabajar para esta empresa de ingenier\u00eda.&nbsp; El v\u00eddeo hoy sigue cumpliendo su misi\u00f3n ya que muestra &#8230;<\/p>\n","protected":false},"author":4,"featured_media":0,"parent":40054,"menu_order":9,"comment_status":"open","ping_status":"open","template":"","meta":{"footnotes":""},"class_list":["post-12642","page","type-page","status-publish","hentry"],"_links":{"self":[{"href":"https:\/\/plonsky.com\/es\/wp-json\/wp\/v2\/pages\/12642","targetHints":{"allow":["GET"]}}],"collection":[{"href":"https:\/\/plonsky.com\/es\/wp-json\/wp\/v2\/pages"}],"about":[{"href":"https:\/\/plonsky.com\/es\/wp-json\/wp\/v2\/types\/page"}],"author":[{"embeddable":true,"href":"https:\/\/plonsky.com\/es\/wp-json\/wp\/v2\/users\/4"}],"replies":[{"embeddable":true,"href":"https:\/\/plonsky.com\/es\/wp-json\/wp\/v2\/comments?post=12642"}],"version-history":[{"count":0,"href":"https:\/\/plonsky.com\/es\/wp-json\/wp\/v2\/pages\/12642\/revisions"}],"up":[{"embeddable":true,"href":"https:\/\/plonsky.com\/es\/wp-json\/wp\/v2\/pages\/40054"}],"wp:attachment":[{"href":"https:\/\/plonsky.com\/es\/wp-json\/wp\/v2\/media?parent=12642"}],"curies":[{"name":"wp","href":"https:\/\/api.w.org\/{rel}","templated":true}]}}