{"id":12639,"date":"2015-09-25T13:27:21","date_gmt":"2015-09-25T13:27:21","guid":{"rendered":"http:\/\/plonsky.com\/metro-croacia\/?lang=es"},"modified":"2015-09-25T13:27:21","modified_gmt":"2015-09-25T13:27:21","slug":"metro-croacia","status":"publish","type":"page","link":"https:\/\/plonsky.com\/es\/showcases\/metro-croacia\/","title":{"rendered":"METRO CROACIA"},"content":{"rendered":"<h3>Lipdub para METRO Croacia<\/h3>\n<p><iframe src=\"http:\/\/player.vimeo.com\/video\/116843272\" width=\"630\" height=\"355\" frameborder=\"5\"><\/iframe><\/p>\n<p>La producci\u00f3n de este lipdub la llevamos a cabo en cinco ciudades diferentes de Croacia. El equipo de\u00a0Plonsky Productions trabaj\u00f3 mano a mano con\u00a0Metro Croatia para integrar en este lipdub lo mejor de los servicios de METRO y de su personal, y a la vez mostrar la belleza de los paisajes y ciudades de este maravilloso pa\u00eds. Damos la enhorabuena a Metro Croacia por el equipo humano tan fant\u00e1stico que particip\u00f3 en la grabaci\u00f3n de este lipdub.<br \/>\n<div class=\"divider\" style=\"border-color:#009DB1;padding-top:15px;border-bottom-width:4px;margin-right:auto; margin-left:auto;width:417px\"><\/div>\n<h3>El c\u00f3mo se hizo: Video \u00abMaking of\u00bb del lipdub<\/h3>\n<p><iframe src=\"http:\/\/player.vimeo.com\/video\/116843271\" width=\"630\" height=\"355\" frameborder=\"5\"><\/iframe><\/p>\n<p>No te pierdas este v\u00eddeo \u00abmaking of\u00bb para hacerte una idea de lo divertida que puede llegar a ser la producci\u00f3n de un lipdub. \u00a0Desde el dise\u00f1o de la coreograf\u00eda, la composici\u00f3n de la m\u00fasica y las ideas creativas para mostrar en el lipdub los mensajes que el cliente quiere comunicar. \u00a0Plonsky Productions tiene una metodolog\u00eda que funciona y un fant\u00e1stico equipo especializado en la producci\u00f3n de lipdubs.<br \/>\n<div class=\"divider_line\"><\/div>\n<p>&nbsp;<\/p>\n","protected":false},"excerpt":{"rendered":"<p>Lipdub para METRO Croacia La producci\u00f3n de este lipdub la llevamos a cabo en cinco ciudades diferentes de Croacia. El equipo de\u00a0Plonsky Productions trabaj\u00f3 mano a mano con\u00a0Metro Croatia para integrar en este lipdub lo mejor de los servicios de METRO y de su personal, y a la vez mostrar la belleza de los paisajes &#8230;<\/p>\n","protected":false},"author":4,"featured_media":0,"parent":40054,"menu_order":3,"comment_status":"open","ping_status":"open","template":"","meta":{"footnotes":""},"class_list":["post-12639","page","type-page","status-publish","hentry"],"_links":{"self":[{"href":"https:\/\/plonsky.com\/es\/wp-json\/wp\/v2\/pages\/12639","targetHints":{"allow":["GET"]}}],"collection":[{"href":"https:\/\/plonsky.com\/es\/wp-json\/wp\/v2\/pages"}],"about":[{"href":"https:\/\/plonsky.com\/es\/wp-json\/wp\/v2\/types\/page"}],"author":[{"embeddable":true,"href":"https:\/\/plonsky.com\/es\/wp-json\/wp\/v2\/users\/4"}],"replies":[{"embeddable":true,"href":"https:\/\/plonsky.com\/es\/wp-json\/wp\/v2\/comments?post=12639"}],"version-history":[{"count":0,"href":"https:\/\/plonsky.com\/es\/wp-json\/wp\/v2\/pages\/12639\/revisions"}],"up":[{"embeddable":true,"href":"https:\/\/plonsky.com\/es\/wp-json\/wp\/v2\/pages\/40054"}],"wp:attachment":[{"href":"https:\/\/plonsky.com\/es\/wp-json\/wp\/v2\/media?parent=12639"}],"curies":[{"name":"wp","href":"https:\/\/api.w.org\/{rel}","templated":true}]}}